{"id":674,"date":"2022-05-28T16:17:58","date_gmt":"2022-05-28T08:17:58","guid":{"rendered":"https:\/\/fiberglasshotstick.com\/?post_type=product&#038;p=674"},"modified":"2022-05-28T19:25:16","modified_gmt":"2022-05-28T11:25:16","slug":"telescopic-fiberglass-electrical-hot-stick","status":"publish","type":"product","link":"https:\/\/fiberglasshotstick.com\/vi\/san-pham\/telescopic-fiberglass-electrical-hot-stick\/","title":{"rendered":"G\u1eady n\u00f3ng \u0111i\u1ec7n b\u1eb1ng s\u1ee3i th\u1ee7y tinh k\u00ednh thi\u00ean v\u0103n"},"content":{"rendered":"","protected":false},"excerpt":{"rendered":"<p><strong>The triangular\u00a0 Telescopic Hot stick<\/strong>\u00a0 are designed to be used in high voltage isolating switch out operating, being one of the most used safty tools in hot line maintenance. The triangular Telescopic hot sticks are manufactured with epoxy reinforced fiberglass tubes. <strong>The triangular Telescopic hot sticks<\/strong> comprises a number of sticks that slide into each other with integrated locking buttons. The triangular Telescopic hot sticks have a lot of advantages over round hot stick. a. Easy to transportb. High strength, more stable than round hot sticksc. Resolves the rotating problems found in round hot sticksd. Only the number of sections required for the job are extended, giving great flexibilitye. Any section can be replaced if it becomes damaged.<\/p>","protected":false},"featured_media":676,"template":"","meta":{"_kad_post_transparent":"default","_kad_post_title":"hide","_kad_post_layout":"fullwidth","_kad_post_sidebar_id":"","_kad_post_content_style":"unboxed","_kad_post_vertical_padding":"hide","_kad_post_feature":"hide","_kad_post_feature_position":"","_kad_post_header":false,"_kad_post_footer":false},"product_cat":[37],"product_tag":[47,33,50,48,49,35,34],"yoast_head":"<!-- This site is optimized with the Yoast SEO Premium plugin v18.3 (Yoast SEO v18.5) - https:\/\/yoast.com\/wordpress\/plugins\/seo\/ -->\n<title>Telescopic Fiberglass Electrical Hot Stick - hotstick<\/title>\n<meta name=\"description\" content=\"The triangular Telescopic hotstick are designed to be used in high voltage isolating switch out operating, being one of the most used safty tools in hot line maintenance\" \/>\n<meta name=\"robots\" content=\"index, follow, max-snippet:-1, max-image-preview:large, max-video-preview:-1\" \/>\n<link rel=\"canonical\" href=\"https:\/\/fiberglasshotstick.com\/vi\/san-pham\/telescopic-fiberglass-electrical-hot-stick\/\" \/>\n<meta property=\"og:locale\" content=\"vi_VN\" \/>\n<meta property=\"og:type\" content=\"article\" \/>\n<meta property=\"og:title\" content=\"Telescopic Fiberglass Electrical Hot Stick\" \/>\n<meta property=\"og:description\" content=\"The triangular Telescopic hotstick are designed to be used in high voltage isolating switch out operating, being one of the most used safty tools in hot line maintenance\" \/>\n<meta property=\"og:url\" content=\"https:\/\/fiberglasshotstick.com\/vi\/san-pham\/telescopic-fiberglass-electrical-hot-stick\/\" \/>\n<meta property=\"og:site_name\" content=\"hotstick\" \/>\n<meta property=\"article:modified_time\" content=\"2022-05-28T11:25:16+00:00\" \/>\n<meta property=\"og:image\" content=\"https:\/\/fiberglasshotstick.com\/wp-content\/uploads\/2022\/05\/Fiberglass-Telescopic-Operating-Rod-Link-Stick.jpg\" \/>\n\t<meta property=\"og:image:width\" content=\"800\" \/>\n\t<meta property=\"og:image:height\" content=\"800\" \/>\n\t<meta property=\"og:image:type\" content=\"image\/jpeg\" \/>\n<meta name=\"twitter:card\" content=\"summary_large_image\" \/>\n<script type=\"application\/ld+json\" class=\"yoast-schema-graph\">{\"@context\":\"https:\/\/schema.org\",\"@graph\":[{\"@type\":\"WebSite\",\"@id\":\"https:\/\/fiberglasshotstick.com\/#website\",\"url\":\"https:\/\/fiberglasshotstick.com\/\",\"name\":\"hotstick\",\"description\":\"\u53c8\u4e00\u4e2aWordPress\u7ad9\u70b9\",\"potentialAction\":[{\"@type\":\"SearchAction\",\"target\":{\"@type\":\"EntryPoint\",\"urlTemplate\":\"https:\/\/fiberglasshotstick.com\/?s={search_term_string}\"},\"query-input\":\"required name=search_term_string\"}],\"inLanguage\":\"vi\"},{\"@type\":\"ImageObject\",\"@id\":\"https:\/\/fiberglasshotstick.com\/product\/telescopic-fiberglass-electrical-hot-stick\/#primaryimage\",\"inLanguage\":\"vi\",\"url\":\"https:\/\/fiberglasshotstick.com\/wp-content\/uploads\/2022\/05\/Fiberglass-Telescopic-Operating-Rod-Link-Stick.jpg\",\"contentUrl\":\"https:\/\/fiberglasshotstick.com\/wp-content\/uploads\/2022\/05\/Fiberglass-Telescopic-Operating-Rod-Link-Stick.jpg\",\"width\":800,\"height\":800,\"caption\":\"High Voltage Adjustable FRP Triangle Telescopic Operating Rod\/\"},{\"@type\":\"WebPage\",\"@id\":\"https:\/\/fiberglasshotstick.com\/product\/telescopic-fiberglass-electrical-hot-stick\/#webpage\",\"url\":\"https:\/\/fiberglasshotstick.com\/product\/telescopic-fiberglass-electrical-hot-stick\/\",\"name\":\"Telescopic Fiberglass Electrical Hot Stick - hotstick\",\"isPartOf\":{\"@id\":\"https:\/\/fiberglasshotstick.com\/#website\"},\"primaryImageOfPage\":{\"@id\":\"https:\/\/fiberglasshotstick.com\/product\/telescopic-fiberglass-electrical-hot-stick\/#primaryimage\"},\"datePublished\":\"2022-05-28T08:17:58+00:00\",\"dateModified\":\"2022-05-28T11:25:16+00:00\",\"description\":\"The triangular Telescopic hotstick are designed to be used in high voltage isolating switch out operating, being one of the most used safty tools in hot line maintenance\",\"breadcrumb\":{\"@id\":\"https:\/\/fiberglasshotstick.com\/product\/telescopic-fiberglass-electrical-hot-stick\/#breadcrumb\"},\"inLanguage\":\"vi\",\"potentialAction\":[{\"@type\":\"ReadAction\",\"target\":[\"https:\/\/fiberglasshotstick.com\/product\/telescopic-fiberglass-electrical-hot-stick\/\"]}]},{\"@type\":\"BreadcrumbList\",\"@id\":\"https:\/\/fiberglasshotstick.com\/product\/telescopic-fiberglass-electrical-hot-stick\/#breadcrumb\",\"itemListElement\":[{\"@type\":\"ListItem\",\"position\":1,\"name\":\"Home\",\"item\":\"https:\/\/fiberglasshotstick.com\/\"},{\"@type\":\"ListItem\",\"position\":2,\"name\":\"Products\",\"item\":\"https:\/\/fiberglasshotstick.com\/products\/\"},{\"@type\":\"ListItem\",\"position\":3,\"name\":\"Telescopic Fiberglass Electrical Hot Stick\"}]}]}<\/script>\n<!-- \/ Yoast SEO Premium plugin. -->","yoast_head_json":{"title":"Telescopic Fiberglass Electrical Hot Stick - hotstick","description":"The triangular Telescopic hotstick are designed to be used in high voltage isolating switch out operating, being one of the most used safty tools in hot line maintenance","robots":{"index":"index","follow":"follow","max-snippet":"max-snippet:-1","max-image-preview":"max-image-preview:large","max-video-preview":"max-video-preview:-1"},"canonical":"https:\/\/fiberglasshotstick.com\/vi\/san-pham\/telescopic-fiberglass-electrical-hot-stick\/","og_locale":"vi_VN","og_type":"article","og_title":"Telescopic Fiberglass Electrical Hot Stick","og_description":"The triangular Telescopic hotstick are designed to be used in high voltage isolating switch out operating, being one of the most used safty tools in hot line maintenance","og_url":"https:\/\/fiberglasshotstick.com\/vi\/san-pham\/telescopic-fiberglass-electrical-hot-stick\/","og_site_name":"hotstick","article_modified_time":"2022-05-28T11:25:16+00:00","og_image":[{"width":800,"height":800,"url":"https:\/\/fiberglasshotstick.com\/wp-content\/uploads\/2022\/05\/Fiberglass-Telescopic-Operating-Rod-Link-Stick.jpg","type":"image\/jpeg"}],"twitter_card":"summary_large_image","schema":{"@context":"https:\/\/schema.org","@graph":[{"@type":"WebSite","@id":"https:\/\/fiberglasshotstick.com\/#website","url":"https:\/\/fiberglasshotstick.com\/","name":"hotstick","description":"\u53c8\u4e00\u4e2aWordPress\u7ad9\u70b9","potentialAction":[{"@type":"SearchAction","target":{"@type":"EntryPoint","urlTemplate":"https:\/\/fiberglasshotstick.com\/?s={search_term_string}"},"query-input":"required name=search_term_string"}],"inLanguage":"vi"},{"@type":"ImageObject","@id":"https:\/\/fiberglasshotstick.com\/product\/telescopic-fiberglass-electrical-hot-stick\/#primaryimage","inLanguage":"vi","url":"https:\/\/fiberglasshotstick.com\/wp-content\/uploads\/2022\/05\/Fiberglass-Telescopic-Operating-Rod-Link-Stick.jpg","contentUrl":"https:\/\/fiberglasshotstick.com\/wp-content\/uploads\/2022\/05\/Fiberglass-Telescopic-Operating-Rod-Link-Stick.jpg","width":800,"height":800,"caption":"High Voltage Adjustable FRP Triangle Telescopic Operating Rod\/"},{"@type":"WebPage","@id":"https:\/\/fiberglasshotstick.com\/product\/telescopic-fiberglass-electrical-hot-stick\/#webpage","url":"https:\/\/fiberglasshotstick.com\/product\/telescopic-fiberglass-electrical-hot-stick\/","name":"Telescopic Fiberglass Electrical Hot Stick - hotstick","isPartOf":{"@id":"https:\/\/fiberglasshotstick.com\/#website"},"primaryImageOfPage":{"@id":"https:\/\/fiberglasshotstick.com\/product\/telescopic-fiberglass-electrical-hot-stick\/#primaryimage"},"datePublished":"2022-05-28T08:17:58+00:00","dateModified":"2022-05-28T11:25:16+00:00","description":"The triangular Telescopic hotstick are designed to be used in high voltage isolating switch out operating, being one of the most used safty tools in hot line maintenance","breadcrumb":{"@id":"https:\/\/fiberglasshotstick.com\/product\/telescopic-fiberglass-electrical-hot-stick\/#breadcrumb"},"inLanguage":"vi","potentialAction":[{"@type":"ReadAction","target":["https:\/\/fiberglasshotstick.com\/product\/telescopic-fiberglass-electrical-hot-stick\/"]}]},{"@type":"BreadcrumbList","@id":"https:\/\/fiberglasshotstick.com\/product\/telescopic-fiberglass-electrical-hot-stick\/#breadcrumb","itemListElement":[{"@type":"ListItem","position":1,"name":"Home","item":"https:\/\/fiberglasshotstick.com\/"},{"@type":"ListItem","position":2,"name":"Products","item":"https:\/\/fiberglasshotstick.com\/products\/"},{"@type":"ListItem","position":3,"name":"Telescopic Fiberglass Electrical Hot Stick"}]}]}},"_links":{"self":[{"href":"https:\/\/fiberglasshotstick.com\/vi\/wp-json\/wp\/v2\/product\/674"}],"collection":[{"href":"https:\/\/fiberglasshotstick.com\/vi\/wp-json\/wp\/v2\/product"}],"about":[{"href":"https:\/\/fiberglasshotstick.com\/vi\/wp-json\/wp\/v2\/types\/product"}],"version-history":[{"count":3,"href":"https:\/\/fiberglasshotstick.com\/vi\/wp-json\/wp\/v2\/product\/674\/revisions"}],"predecessor-version":[{"id":683,"href":"https:\/\/fiberglasshotstick.com\/vi\/wp-json\/wp\/v2\/product\/674\/revisions\/683"}],"wp:featuredmedia":[{"embeddable":true,"href":"https:\/\/fiberglasshotstick.com\/vi\/wp-json\/wp\/v2\/media\/676"}],"wp:attachment":[{"href":"https:\/\/fiberglasshotstick.com\/vi\/wp-json\/wp\/v2\/media?parent=674"}],"wp:term":[{"taxonomy":"product_cat","embeddable":true,"href":"https:\/\/fiberglasshotstick.com\/vi\/wp-json\/wp\/v2\/product_cat?post=674"},{"taxonomy":"product_tag","embeddable":true,"href":"https:\/\/fiberglasshotstick.com\/vi\/wp-json\/wp\/v2\/product_tag?post=674"}],"curies":[{"name":"wp","href":"https:\/\/api.w.org\/{rel}","templated":true}]}}