{"id":833,"date":"2022-06-09T09:30:27","date_gmt":"2022-06-09T01:30:27","guid":{"rendered":"https:\/\/fiberglasshotstick.com\/?post_type=product&#038;p=833"},"modified":"2022-09-04T11:27:22","modified_gmt":"2022-09-04T03:27:22","slug":"portable-high-voltage-ground-rod-with-earth-wire-and-clamp","status":"publish","type":"product","link":"https:\/\/fiberglasshotstick.com\/pt\/produto\/portable-high-voltage-ground-rod-with-earth-wire-and-clamp\/","title":{"rendered":"Bra\u00e7adeira de aterramento de fio de aterramento port\u00e1til de alta tens\u00e3o \/ haste de aterramento de agulha"},"content":{"rendered":"","protected":false},"excerpt":{"rendered":"<p><strong>Hastes de aterramento de alta tens\u00e3o com bra\u00e7adeira de aterramento<\/strong> s\u00e3o combinados com fios de aterramento e pino de aterramento ou grampo de aterramento para formar um conjunto completo. Aplica\u00e7\u00e3o: Adequado para aterrar equipamentos com falha de energia ou linhas tempor\u00e1rias em curto-circuito, evitando que energia inesperada invada e cause danos a pessoas e equipamentos.<br \/>\nA haste de opera\u00e7\u00e3o do material \u00e9 tubo de tecido de fibra de vidro super ep\u00f3xi n\u00e3o alcalino<br \/>\nO fio de aterramento \u00e9 a linha que conecta a terra diretamente. <strong>Hastes de aterramento de alta tens\u00e3o com bra\u00e7adeira de aterramento<\/strong> tamb\u00e9m pode ser chamado de linha de loop de seguran\u00e7a. Quando ocorre o perigo, ele transfere a alta tens\u00e3o diretamente para a terra, que \u00e9 uma t\u00e1bua de salva\u00e7\u00e3o. Fio de aterramento no sistema de energia: \u00e9 uma ferramenta importante para garantir a equipe quando ocorre tens\u00e3o inesperada nos equipamentos e linhas de interrup\u00e7\u00e3o. Para evitar choque de indu\u00e7\u00e3o eletrost\u00e1tica ou fechamento incorreto de objetos carregados pr\u00f3ximos, a haste de opera\u00e7\u00e3o do material \u00e9 tubo de tecido de fibra de vidro super ep\u00f3xi n\u00e3o alcalino e a conex\u00e3o de aterramento suave \u00e9 feita de v\u00e1rios fios de fio de cobre de alta qualidade.<\/p>","protected":false},"featured_media":840,"template":"","meta":{"_kad_post_transparent":"default","_kad_post_title":"","_kad_post_layout":"default","_kad_post_sidebar_id":"","_kad_post_content_style":"default","_kad_post_vertical_padding":"default","_kad_post_feature":"","_kad_post_feature_position":"","_kad_post_header":false,"_kad_post_footer":false},"product_cat":[42,152],"product_tag":[167,165,159,163,157,160,154,170,161,168,155,166,158,156,153,169,162,164],"yoast_head":"<!-- This site is optimized with the Yoast SEO Premium plugin v18.3 (Yoast SEO v18.5) - https:\/\/yoast.com\/wordpress\/plugins\/seo\/ -->\n<title>Portable High Voltage Earthing Grounding Wire Earth Clamp \/ Needle Ground Rod - hotstick<\/title>\n<meta name=\"description\" content=\"High Voltage Grounding Rods with Earth Clamp are matched with earthing wires and earthing pin or earth clamp to form a complete set. Application: Suitable for making power failed equipments or temporary short-circuited lines grounded, preventing unexpected power to intrude in and do damage to personnel and equipments.\" \/>\n<meta name=\"robots\" content=\"index, follow, max-snippet:-1, max-image-preview:large, max-video-preview:-1\" \/>\n<link rel=\"canonical\" href=\"https:\/\/fiberglasshotstick.com\/pt\/produto\/portable-high-voltage-ground-rod-with-earth-wire-and-clamp\/\" \/>\n<meta property=\"og:locale\" content=\"pt_BR\" \/>\n<meta property=\"og:type\" content=\"article\" \/>\n<meta property=\"og:title\" content=\"Portable High Voltage Earthing Grounding Wire Earth Clamp \/ Needle Ground Rod\" \/>\n<meta property=\"og:description\" content=\"High Voltage Grounding Rods with Earth Clamp are matched with earthing wires and earthing pin or earth clamp to form a complete set. Application: Suitable for making power failed equipments or temporary short-circuited lines grounded, preventing unexpected power to intrude in and do damage to personnel and equipments.\" \/>\n<meta property=\"og:url\" content=\"https:\/\/fiberglasshotstick.com\/pt\/produto\/portable-high-voltage-ground-rod-with-earth-wire-and-clamp\/\" \/>\n<meta property=\"og:site_name\" content=\"hotstick\" \/>\n<meta property=\"article:modified_time\" content=\"2022-09-04T03:27:22+00:00\" \/>\n<meta property=\"og:image\" content=\"https:\/\/fiberglasshotstick.com\/wp-content\/uploads\/2022\/06\/A14.jpg\" \/>\n\t<meta property=\"og:image:width\" content=\"800\" \/>\n\t<meta property=\"og:image:height\" content=\"800\" \/>\n\t<meta property=\"og:image:type\" content=\"image\/jpeg\" \/>\n<meta name=\"twitter:card\" content=\"summary_large_image\" \/>\n<script type=\"application\/ld+json\" class=\"yoast-schema-graph\">{\"@context\":\"https:\/\/schema.org\",\"@graph\":[{\"@type\":\"WebSite\",\"@id\":\"https:\/\/fiberglasshotstick.com\/#website\",\"url\":\"https:\/\/fiberglasshotstick.com\/\",\"name\":\"hotstick\",\"description\":\"\u53c8\u4e00\u4e2aWordPress\u7ad9\u70b9\",\"potentialAction\":[{\"@type\":\"SearchAction\",\"target\":{\"@type\":\"EntryPoint\",\"urlTemplate\":\"https:\/\/fiberglasshotstick.com\/?s={search_term_string}\"},\"query-input\":\"required name=search_term_string\"}],\"inLanguage\":\"pt-BR\"},{\"@type\":\"ImageObject\",\"@id\":\"https:\/\/fiberglasshotstick.com\/product\/portable-high-voltage-ground-rod-with-earth-wire-and-clamp\/#primaryimage\",\"inLanguage\":\"pt-BR\",\"url\":\"https:\/\/fiberglasshotstick.com\/wp-content\/uploads\/2022\/06\/A14.jpg\",\"contentUrl\":\"https:\/\/fiberglasshotstick.com\/wp-content\/uploads\/2022\/06\/A14.jpg\",\"width\":800,\"height\":800,\"caption\":\"Portable High Voltage Earthing Grounding Wire Earth Clamp \/ Needle Ground Rod\"},{\"@type\":\"WebPage\",\"@id\":\"https:\/\/fiberglasshotstick.com\/product\/portable-high-voltage-ground-rod-with-earth-wire-and-clamp\/#webpage\",\"url\":\"https:\/\/fiberglasshotstick.com\/product\/portable-high-voltage-ground-rod-with-earth-wire-and-clamp\/\",\"name\":\"Portable High Voltage Earthing Grounding Wire Earth Clamp \/ Needle Ground Rod - hotstick\",\"isPartOf\":{\"@id\":\"https:\/\/fiberglasshotstick.com\/#website\"},\"primaryImageOfPage\":{\"@id\":\"https:\/\/fiberglasshotstick.com\/product\/portable-high-voltage-ground-rod-with-earth-wire-and-clamp\/#primaryimage\"},\"datePublished\":\"2022-06-09T01:30:27+00:00\",\"dateModified\":\"2022-09-04T03:27:22+00:00\",\"description\":\"High Voltage Grounding Rods with Earth Clamp are matched with earthing wires and earthing pin or earth clamp to form a complete set. Application: Suitable for making power failed equipments or temporary short-circuited lines grounded, preventing unexpected power to intrude in and do damage to personnel and equipments.\",\"breadcrumb\":{\"@id\":\"https:\/\/fiberglasshotstick.com\/product\/portable-high-voltage-ground-rod-with-earth-wire-and-clamp\/#breadcrumb\"},\"inLanguage\":\"pt-BR\",\"potentialAction\":[{\"@type\":\"ReadAction\",\"target\":[\"https:\/\/fiberglasshotstick.com\/product\/portable-high-voltage-ground-rod-with-earth-wire-and-clamp\/\"]}]},{\"@type\":\"BreadcrumbList\",\"@id\":\"https:\/\/fiberglasshotstick.com\/product\/portable-high-voltage-ground-rod-with-earth-wire-and-clamp\/#breadcrumb\",\"itemListElement\":[{\"@type\":\"ListItem\",\"position\":1,\"name\":\"Home\",\"item\":\"https:\/\/fiberglasshotstick.com\/\"},{\"@type\":\"ListItem\",\"position\":2,\"name\":\"Products\",\"item\":\"https:\/\/fiberglasshotstick.com\/products\/\"},{\"@type\":\"ListItem\",\"position\":3,\"name\":\"Portable High Voltage Earthing Grounding Wire Earth Clamp \/ Needle Ground Rod\"}]}]}<\/script>\n<!-- \/ Yoast SEO Premium plugin. -->","yoast_head_json":{"title":"Portable High Voltage Earthing Grounding Wire Earth Clamp \/ Needle Ground Rod - hotstick","description":"High Voltage Grounding Rods with Earth Clamp are matched with earthing wires and earthing pin or earth clamp to form a complete set. Application: Suitable for making power failed equipments or temporary short-circuited lines grounded, preventing unexpected power to intrude in and do damage to personnel and equipments.","robots":{"index":"index","follow":"follow","max-snippet":"max-snippet:-1","max-image-preview":"max-image-preview:large","max-video-preview":"max-video-preview:-1"},"canonical":"https:\/\/fiberglasshotstick.com\/pt\/produto\/portable-high-voltage-ground-rod-with-earth-wire-and-clamp\/","og_locale":"pt_BR","og_type":"article","og_title":"Portable High Voltage Earthing Grounding Wire Earth Clamp \/ Needle Ground Rod","og_description":"High Voltage Grounding Rods with Earth Clamp are matched with earthing wires and earthing pin or earth clamp to form a complete set. Application: Suitable for making power failed equipments or temporary short-circuited lines grounded, preventing unexpected power to intrude in and do damage to personnel and equipments.","og_url":"https:\/\/fiberglasshotstick.com\/pt\/produto\/portable-high-voltage-ground-rod-with-earth-wire-and-clamp\/","og_site_name":"hotstick","article_modified_time":"2022-09-04T03:27:22+00:00","og_image":[{"width":800,"height":800,"url":"https:\/\/fiberglasshotstick.com\/wp-content\/uploads\/2022\/06\/A14.jpg","type":"image\/jpeg"}],"twitter_card":"summary_large_image","schema":{"@context":"https:\/\/schema.org","@graph":[{"@type":"WebSite","@id":"https:\/\/fiberglasshotstick.com\/#website","url":"https:\/\/fiberglasshotstick.com\/","name":"hotstick","description":"\u53c8\u4e00\u4e2aWordPress\u7ad9\u70b9","potentialAction":[{"@type":"SearchAction","target":{"@type":"EntryPoint","urlTemplate":"https:\/\/fiberglasshotstick.com\/?s={search_term_string}"},"query-input":"required name=search_term_string"}],"inLanguage":"pt-BR"},{"@type":"ImageObject","@id":"https:\/\/fiberglasshotstick.com\/product\/portable-high-voltage-ground-rod-with-earth-wire-and-clamp\/#primaryimage","inLanguage":"pt-BR","url":"https:\/\/fiberglasshotstick.com\/wp-content\/uploads\/2022\/06\/A14.jpg","contentUrl":"https:\/\/fiberglasshotstick.com\/wp-content\/uploads\/2022\/06\/A14.jpg","width":800,"height":800,"caption":"Portable High Voltage Earthing Grounding Wire Earth Clamp \/ Needle Ground Rod"},{"@type":"WebPage","@id":"https:\/\/fiberglasshotstick.com\/product\/portable-high-voltage-ground-rod-with-earth-wire-and-clamp\/#webpage","url":"https:\/\/fiberglasshotstick.com\/product\/portable-high-voltage-ground-rod-with-earth-wire-and-clamp\/","name":"Portable High Voltage Earthing Grounding Wire Earth Clamp \/ Needle Ground Rod - hotstick","isPartOf":{"@id":"https:\/\/fiberglasshotstick.com\/#website"},"primaryImageOfPage":{"@id":"https:\/\/fiberglasshotstick.com\/product\/portable-high-voltage-ground-rod-with-earth-wire-and-clamp\/#primaryimage"},"datePublished":"2022-06-09T01:30:27+00:00","dateModified":"2022-09-04T03:27:22+00:00","description":"High Voltage Grounding Rods with Earth Clamp are matched with earthing wires and earthing pin or earth clamp to form a complete set. Application: Suitable for making power failed equipments or temporary short-circuited lines grounded, preventing unexpected power to intrude in and do damage to personnel and equipments.","breadcrumb":{"@id":"https:\/\/fiberglasshotstick.com\/product\/portable-high-voltage-ground-rod-with-earth-wire-and-clamp\/#breadcrumb"},"inLanguage":"pt-BR","potentialAction":[{"@type":"ReadAction","target":["https:\/\/fiberglasshotstick.com\/product\/portable-high-voltage-ground-rod-with-earth-wire-and-clamp\/"]}]},{"@type":"BreadcrumbList","@id":"https:\/\/fiberglasshotstick.com\/product\/portable-high-voltage-ground-rod-with-earth-wire-and-clamp\/#breadcrumb","itemListElement":[{"@type":"ListItem","position":1,"name":"Home","item":"https:\/\/fiberglasshotstick.com\/"},{"@type":"ListItem","position":2,"name":"Products","item":"https:\/\/fiberglasshotstick.com\/products\/"},{"@type":"ListItem","position":3,"name":"Portable High Voltage Earthing Grounding Wire Earth Clamp \/ Needle Ground Rod"}]}]}},"_links":{"self":[{"href":"https:\/\/fiberglasshotstick.com\/pt\/wp-json\/wp\/v2\/product\/833"}],"collection":[{"href":"https:\/\/fiberglasshotstick.com\/pt\/wp-json\/wp\/v2\/product"}],"about":[{"href":"https:\/\/fiberglasshotstick.com\/pt\/wp-json\/wp\/v2\/types\/product"}],"version-history":[{"count":2,"href":"https:\/\/fiberglasshotstick.com\/pt\/wp-json\/wp\/v2\/product\/833\/revisions"}],"predecessor-version":[{"id":917,"href":"https:\/\/fiberglasshotstick.com\/pt\/wp-json\/wp\/v2\/product\/833\/revisions\/917"}],"wp:featuredmedia":[{"embeddable":true,"href":"https:\/\/fiberglasshotstick.com\/pt\/wp-json\/wp\/v2\/media\/840"}],"wp:attachment":[{"href":"https:\/\/fiberglasshotstick.com\/pt\/wp-json\/wp\/v2\/media?parent=833"}],"wp:term":[{"taxonomy":"product_cat","embeddable":true,"href":"https:\/\/fiberglasshotstick.com\/pt\/wp-json\/wp\/v2\/product_cat?post=833"},{"taxonomy":"product_tag","embeddable":true,"href":"https:\/\/fiberglasshotstick.com\/pt\/wp-json\/wp\/v2\/product_tag?post=833"}],"curies":[{"name":"wp","href":"https:\/\/api.w.org\/{rel}","templated":true}]}}