{"id":787,"date":"2022-06-04T16:22:25","date_gmt":"2022-06-04T08:22:25","guid":{"rendered":"https:\/\/fiberglasshotstick.com\/?post_type=product&#038;p=787"},"modified":"2022-06-07T17:30:10","modified_gmt":"2022-06-07T09:30:10","slug":"telescopic-shotgun-type-operating-rod-for-prefabricated-substation-of-american-box-transformer","status":"publish","type":"product","link":"https:\/\/fiberglasshotstick.com\/pt\/produto\/telescopic-shotgun-type-operating-rod-for-prefabricated-substation-of-american-box-transformer\/","title":{"rendered":"Haste de opera\u00e7\u00e3o tipo espingarda telesc\u00f3pica para subesta\u00e7\u00e3o pr\u00e9-fabricada de transformador de caixa americana"},"content":{"rendered":"","protected":false},"excerpt":{"rendered":"<p><strong>O bast\u00e3o de espingarda<\/strong> \u00e9 adequado para a opera\u00e7\u00e3o de equipamentos el\u00e9tricos de alta tens\u00e3o, como o transformador combinado (tipo americano) \uff0c Caixa de galho de cabo e gabinete de rede de anel.<\/p>\n<p><strong>Haste de opera\u00e7\u00e3o do tipo de espingarda telesc\u00f3pica <\/strong><strong>Para subesta\u00e7\u00e3o pr\u00e9 -fabricada de transformador de caixa americana<\/strong> pode alternar os interruptores de carga sob a condi\u00e7\u00e3o de estar ativo e plugue e puxar os acess\u00f3rios como fus\u00edvel de plug-in, um p\u00e1ra-raios do tipo cotovelo e conector de cabo do tipo cotovelo. \u00c9 uma ferramenta indispens\u00e1vel para transformador combinado, caixa de galhos de cabo e gabinete de rede de anel.<\/p>\n<p><strong>Haste de opera\u00e7\u00e3o do tipo de espingarda telesc\u00f3pica <\/strong><strong>Para subesta\u00e7\u00e3o pr\u00e9 -fabricada de transformador de caixa americana<\/strong> Tamb\u00e9m pode ser usado para operar os grampos de linha.<\/p>","protected":false},"featured_media":802,"template":"","meta":{"_kad_post_transparent":"default","_kad_post_title":"","_kad_post_layout":"default","_kad_post_sidebar_id":"","_kad_post_content_style":"default","_kad_post_vertical_padding":"default","_kad_post_feature":"","_kad_post_feature_position":"","_kad_post_header":false,"_kad_post_footer":false},"product_cat":[37],"product_tag":[98,108,104,101,102,103,105,109,106,100,99,112,110,111,107],"yoast_head":"<!-- This site is optimized with the Yoast SEO Premium plugin v18.3 (Yoast SEO v18.5) - https:\/\/yoast.com\/wordpress\/plugins\/seo\/ -->\n<title>Telescopic shotgun type operating rod for prefabricated substation of American box transformer - hotstick<\/title>\n<meta name=\"description\" content=\"The shot gun stick is suitable for the operation of high voltage electrical equipment ,such as combined transformer(American Type)\uff0c cable branch box and ring network cabinet\" \/>\n<meta name=\"robots\" content=\"index, follow, max-snippet:-1, max-image-preview:large, max-video-preview:-1\" \/>\n<link rel=\"canonical\" href=\"https:\/\/fiberglasshotstick.com\/pt\/produto\/telescopic-shotgun-type-operating-rod-for-prefabricated-substation-of-american-box-transformer\/\" \/>\n<meta property=\"og:locale\" content=\"pt_BR\" \/>\n<meta property=\"og:type\" content=\"article\" \/>\n<meta property=\"og:title\" content=\"Telescopic shotgun type operating rod for prefabricated substation of American box transformer\" \/>\n<meta property=\"og:description\" content=\"The shot gun stick is suitable for the operation of high voltage electrical equipment ,such as combined transformer(American Type)\uff0c cable branch box and ring network cabinet\" \/>\n<meta property=\"og:url\" content=\"https:\/\/fiberglasshotstick.com\/pt\/produto\/telescopic-shotgun-type-operating-rod-for-prefabricated-substation-of-american-box-transformer\/\" \/>\n<meta property=\"og:site_name\" content=\"hotstick\" \/>\n<meta property=\"article:modified_time\" content=\"2022-06-07T09:30:10+00:00\" \/>\n<meta property=\"og:image\" content=\"https:\/\/fiberglasshotstick.com\/wp-content\/uploads\/2022\/06\/prefabricated-substation-of-American-box-transformer-American-insulating-Lingke-rod.jpg\" \/>\n\t<meta property=\"og:image:width\" content=\"800\" \/>\n\t<meta property=\"og:image:height\" content=\"800\" \/>\n\t<meta property=\"og:image:type\" content=\"image\/jpeg\" \/>\n<meta name=\"twitter:card\" content=\"summary_large_image\" \/>\n<script type=\"application\/ld+json\" class=\"yoast-schema-graph\">{\"@context\":\"https:\/\/schema.org\",\"@graph\":[{\"@type\":\"WebSite\",\"@id\":\"https:\/\/fiberglasshotstick.com\/#website\",\"url\":\"https:\/\/fiberglasshotstick.com\/\",\"name\":\"hotstick\",\"description\":\"\u53c8\u4e00\u4e2aWordPress\u7ad9\u70b9\",\"potentialAction\":[{\"@type\":\"SearchAction\",\"target\":{\"@type\":\"EntryPoint\",\"urlTemplate\":\"https:\/\/fiberglasshotstick.com\/?s={search_term_string}\"},\"query-input\":\"required name=search_term_string\"}],\"inLanguage\":\"pt-BR\"},{\"@type\":\"ImageObject\",\"@id\":\"https:\/\/fiberglasshotstick.com\/product\/telescopic-shotgun-type-operating-rod-for-prefabricated-substation-of-american-box-transformer\/#primaryimage\",\"inLanguage\":\"pt-BR\",\"url\":\"https:\/\/fiberglasshotstick.com\/wp-content\/uploads\/2022\/06\/prefabricated-substation-of-American-box-transformer-American-insulating-Lingke-rod.jpg\",\"contentUrl\":\"https:\/\/fiberglasshotstick.com\/wp-content\/uploads\/2022\/06\/prefabricated-substation-of-American-box-transformer-American-insulating-Lingke-rod.jpg\",\"width\":800,\"height\":800,\"caption\":\"American box type transformer operating Telescopic shotgun rod\"},{\"@type\":\"WebPage\",\"@id\":\"https:\/\/fiberglasshotstick.com\/product\/telescopic-shotgun-type-operating-rod-for-prefabricated-substation-of-american-box-transformer\/#webpage\",\"url\":\"https:\/\/fiberglasshotstick.com\/product\/telescopic-shotgun-type-operating-rod-for-prefabricated-substation-of-american-box-transformer\/\",\"name\":\"Telescopic shotgun type operating rod for prefabricated substation of American box transformer - hotstick\",\"isPartOf\":{\"@id\":\"https:\/\/fiberglasshotstick.com\/#website\"},\"primaryImageOfPage\":{\"@id\":\"https:\/\/fiberglasshotstick.com\/product\/telescopic-shotgun-type-operating-rod-for-prefabricated-substation-of-american-box-transformer\/#primaryimage\"},\"datePublished\":\"2022-06-04T08:22:25+00:00\",\"dateModified\":\"2022-06-07T09:30:10+00:00\",\"description\":\"The shot gun stick is suitable for the operation of high voltage electrical equipment ,such as combined transformer(American Type)\uff0c cable branch box and ring network cabinet\",\"breadcrumb\":{\"@id\":\"https:\/\/fiberglasshotstick.com\/product\/telescopic-shotgun-type-operating-rod-for-prefabricated-substation-of-american-box-transformer\/#breadcrumb\"},\"inLanguage\":\"pt-BR\",\"potentialAction\":[{\"@type\":\"ReadAction\",\"target\":[\"https:\/\/fiberglasshotstick.com\/product\/telescopic-shotgun-type-operating-rod-for-prefabricated-substation-of-american-box-transformer\/\"]}]},{\"@type\":\"BreadcrumbList\",\"@id\":\"https:\/\/fiberglasshotstick.com\/product\/telescopic-shotgun-type-operating-rod-for-prefabricated-substation-of-american-box-transformer\/#breadcrumb\",\"itemListElement\":[{\"@type\":\"ListItem\",\"position\":1,\"name\":\"Home\",\"item\":\"https:\/\/fiberglasshotstick.com\/\"},{\"@type\":\"ListItem\",\"position\":2,\"name\":\"Products\",\"item\":\"https:\/\/fiberglasshotstick.com\/products\/\"},{\"@type\":\"ListItem\",\"position\":3,\"name\":\"Telescopic shotgun type operating rod for prefabricated substation of American box transformer\"}]}]}<\/script>\n<!-- \/ Yoast SEO Premium plugin. -->","yoast_head_json":{"title":"Telescopic shotgun type operating rod for prefabricated substation of American box transformer - hotstick","description":"The shot gun stick is suitable for the operation of high voltage electrical equipment ,such as combined transformer(American Type)\uff0c cable branch box and ring network cabinet","robots":{"index":"index","follow":"follow","max-snippet":"max-snippet:-1","max-image-preview":"max-image-preview:large","max-video-preview":"max-video-preview:-1"},"canonical":"https:\/\/fiberglasshotstick.com\/pt\/produto\/telescopic-shotgun-type-operating-rod-for-prefabricated-substation-of-american-box-transformer\/","og_locale":"pt_BR","og_type":"article","og_title":"Telescopic shotgun type operating rod for prefabricated substation of American box transformer","og_description":"The shot gun stick is suitable for the operation of high voltage electrical equipment ,such as combined transformer(American Type)\uff0c cable branch box and ring network cabinet","og_url":"https:\/\/fiberglasshotstick.com\/pt\/produto\/telescopic-shotgun-type-operating-rod-for-prefabricated-substation-of-american-box-transformer\/","og_site_name":"hotstick","article_modified_time":"2022-06-07T09:30:10+00:00","og_image":[{"width":800,"height":800,"url":"https:\/\/fiberglasshotstick.com\/wp-content\/uploads\/2022\/06\/prefabricated-substation-of-American-box-transformer-American-insulating-Lingke-rod.jpg","type":"image\/jpeg"}],"twitter_card":"summary_large_image","schema":{"@context":"https:\/\/schema.org","@graph":[{"@type":"WebSite","@id":"https:\/\/fiberglasshotstick.com\/#website","url":"https:\/\/fiberglasshotstick.com\/","name":"hotstick","description":"\u53c8\u4e00\u4e2aWordPress\u7ad9\u70b9","potentialAction":[{"@type":"SearchAction","target":{"@type":"EntryPoint","urlTemplate":"https:\/\/fiberglasshotstick.com\/?s={search_term_string}"},"query-input":"required name=search_term_string"}],"inLanguage":"pt-BR"},{"@type":"ImageObject","@id":"https:\/\/fiberglasshotstick.com\/product\/telescopic-shotgun-type-operating-rod-for-prefabricated-substation-of-american-box-transformer\/#primaryimage","inLanguage":"pt-BR","url":"https:\/\/fiberglasshotstick.com\/wp-content\/uploads\/2022\/06\/prefabricated-substation-of-American-box-transformer-American-insulating-Lingke-rod.jpg","contentUrl":"https:\/\/fiberglasshotstick.com\/wp-content\/uploads\/2022\/06\/prefabricated-substation-of-American-box-transformer-American-insulating-Lingke-rod.jpg","width":800,"height":800,"caption":"American box type transformer operating Telescopic shotgun rod"},{"@type":"WebPage","@id":"https:\/\/fiberglasshotstick.com\/product\/telescopic-shotgun-type-operating-rod-for-prefabricated-substation-of-american-box-transformer\/#webpage","url":"https:\/\/fiberglasshotstick.com\/product\/telescopic-shotgun-type-operating-rod-for-prefabricated-substation-of-american-box-transformer\/","name":"Telescopic shotgun type operating rod for prefabricated substation of American box transformer - hotstick","isPartOf":{"@id":"https:\/\/fiberglasshotstick.com\/#website"},"primaryImageOfPage":{"@id":"https:\/\/fiberglasshotstick.com\/product\/telescopic-shotgun-type-operating-rod-for-prefabricated-substation-of-american-box-transformer\/#primaryimage"},"datePublished":"2022-06-04T08:22:25+00:00","dateModified":"2022-06-07T09:30:10+00:00","description":"The shot gun stick is suitable for the operation of high voltage electrical equipment ,such as combined transformer(American Type)\uff0c cable branch box and ring network cabinet","breadcrumb":{"@id":"https:\/\/fiberglasshotstick.com\/product\/telescopic-shotgun-type-operating-rod-for-prefabricated-substation-of-american-box-transformer\/#breadcrumb"},"inLanguage":"pt-BR","potentialAction":[{"@type":"ReadAction","target":["https:\/\/fiberglasshotstick.com\/product\/telescopic-shotgun-type-operating-rod-for-prefabricated-substation-of-american-box-transformer\/"]}]},{"@type":"BreadcrumbList","@id":"https:\/\/fiberglasshotstick.com\/product\/telescopic-shotgun-type-operating-rod-for-prefabricated-substation-of-american-box-transformer\/#breadcrumb","itemListElement":[{"@type":"ListItem","position":1,"name":"Home","item":"https:\/\/fiberglasshotstick.com\/"},{"@type":"ListItem","position":2,"name":"Products","item":"https:\/\/fiberglasshotstick.com\/products\/"},{"@type":"ListItem","position":3,"name":"Telescopic shotgun type operating rod for prefabricated substation of American box transformer"}]}]}},"_links":{"self":[{"href":"https:\/\/fiberglasshotstick.com\/pt\/wp-json\/wp\/v2\/product\/787"}],"collection":[{"href":"https:\/\/fiberglasshotstick.com\/pt\/wp-json\/wp\/v2\/product"}],"about":[{"href":"https:\/\/fiberglasshotstick.com\/pt\/wp-json\/wp\/v2\/types\/product"}],"version-history":[{"count":1,"href":"https:\/\/fiberglasshotstick.com\/pt\/wp-json\/wp\/v2\/product\/787\/revisions"}],"predecessor-version":[{"id":806,"href":"https:\/\/fiberglasshotstick.com\/pt\/wp-json\/wp\/v2\/product\/787\/revisions\/806"}],"wp:featuredmedia":[{"embeddable":true,"href":"https:\/\/fiberglasshotstick.com\/pt\/wp-json\/wp\/v2\/media\/802"}],"wp:attachment":[{"href":"https:\/\/fiberglasshotstick.com\/pt\/wp-json\/wp\/v2\/media?parent=787"}],"wp:term":[{"taxonomy":"product_cat","embeddable":true,"href":"https:\/\/fiberglasshotstick.com\/pt\/wp-json\/wp\/v2\/product_cat?post=787"},{"taxonomy":"product_tag","embeddable":true,"href":"https:\/\/fiberglasshotstick.com\/pt\/wp-json\/wp\/v2\/product_tag?post=787"}],"curies":[{"name":"wp","href":"https:\/\/api.w.org\/{rel}","templated":true}]}}