{"id":770,"date":"2022-06-04T15:34:06","date_gmt":"2022-06-04T07:34:06","guid":{"rendered":"https:\/\/fiberglasshotstick.com\/?post_type=product&#038;p=770"},"modified":"2022-09-04T11:28:18","modified_gmt":"2022-09-04T03:28:18","slug":"high-voltage-fiberglass-hot-stick-combined-sectional-insulated-operating-rod-link-sticks","status":"publish","type":"product","link":"https:\/\/fiberglasshotstick.com\/pt\/produto\/high-voltage-fiberglass-hot-stick-combined-sectional-insulated-operating-rod-link-sticks\/","title":{"rendered":"Haste de fibra de vidro de alta tens\u00e3o combinada haste de opera\u00e7\u00e3o isolada seccional\/varas de liga\u00e7\u00e3o"},"content":{"rendered":"","protected":false},"excerpt":{"rendered":"<p>A alavanca de freio \u00e9 uma ferramenta isolante usada para operar equipamentos vivos por um curto per\u00edodo de tempo, como conectar ou desconectar o interruptor de desconex\u00e3o de alta tens\u00e3o, queda de fus\u00edvel, etc.<\/p>\n<ol>\n<li>A alavanca de isolamento do tipo de interface \u00e9 um tipo de alavanca de isolamento no uso comum. A se\u00e7\u00e3o adota a interface do parafuso de bunda, o comprimento pode ter at\u00e9 14 metros e a se\u00e7\u00e3o pode ser ensacada e transportada facilmente.<\/li>\n<li>Esta s\u00e9rie de alavanca de freio Xincheng (haste de opera\u00e7\u00e3o de isolamento, haste de liga\u00e7\u00e3o) \u00e9 feita do tubo de resina ep\u00f3xi de primeira classe com excelente desempenho de isolamento e resist\u00eancia mec\u00e2nica, peso leve e tratamento anti-Norte da Cor\u00e9ia. Tem as caracter\u00edsticas de peso leve, alta resist\u00eancia mec\u00e2nica e f\u00e1cil de transportar.<\/li>\n<\/ol>\n<p>, a alavanca do freio (barra de opera\u00e7\u00e3o isolada, barra de link) Novel, materiais superiores, estrutura razo\u00e1vel, f\u00e1cil de usar.<\/p>\n<p>1) A parte da alavanca do freio adota a bainha de borracha de silicone e a saia guarda -chuva de borracha de silicone, desempenho isolante, seguro e confi\u00e1vel.<\/p>\n<p>(2) A extremidade da haste do freio pertence \u00e0 articula\u00e7\u00e3o usando estrutura incorporada ou terceirizada \u00e9 mais firme, segura e confi\u00e1vel.<\/p>\n<p>(3) A extens\u00e3o e a conex\u00e3o da haste de freio s\u00e3o convenientes, seletividade forte, v\u00e1rios formul\u00e1rios de conex\u00e3o, pode ser combinada de maneira flex\u00edvel.<\/p>","protected":false},"featured_media":778,"template":"","meta":{"_kad_post_transparent":"default","_kad_post_title":"","_kad_post_layout":"default","_kad_post_sidebar_id":"","_kad_post_content_style":"default","_kad_post_vertical_padding":"default","_kad_post_feature":"","_kad_post_feature_position":"","_kad_post_header":false,"_kad_post_footer":false},"product_cat":[51,81,42,37],"product_tag":[85,84,86,91,82,83,89,94,87,88,93,92,95,96,90,97],"yoast_head":"<!-- This site is optimized with the Yoast SEO Premium plugin v18.3 (Yoast SEO v18.5) - https:\/\/yoast.com\/wordpress\/plugins\/seo\/ -->\n<title>High voltage fiberglass hot stick combined Sectional insulated operating rod\/ link sticks - hotstick<\/title>\n<meta name=\"description\" content=\"The high-voltage gate rod, also known as the link bar, the insulated rod, and the insulated gate rod, is composed of a working head, an insulating rod and a handle.\" \/>\n<meta name=\"robots\" content=\"index, follow, max-snippet:-1, max-image-preview:large, max-video-preview:-1\" \/>\n<link rel=\"canonical\" href=\"https:\/\/fiberglasshotstick.com\/pt\/produto\/high-voltage-fiberglass-hot-stick-combined-sectional-insulated-operating-rod-link-sticks\/\" \/>\n<meta property=\"og:locale\" content=\"pt_BR\" \/>\n<meta property=\"og:type\" content=\"article\" \/>\n<meta property=\"og:title\" content=\"High voltage fiberglass hot stick combined Sectional insulated operating rod\/ link sticks\" \/>\n<meta property=\"og:description\" content=\"The high-voltage gate rod, also known as the link bar, the insulated rod, and the insulated gate rod, is composed of a working head, an insulating rod and a handle.\" \/>\n<meta property=\"og:url\" content=\"https:\/\/fiberglasshotstick.com\/pt\/produto\/high-voltage-fiberglass-hot-stick-combined-sectional-insulated-operating-rod-link-sticks\/\" \/>\n<meta property=\"og:site_name\" content=\"hotstick\" \/>\n<meta property=\"article:modified_time\" content=\"2022-09-04T03:28:18+00:00\" \/>\n<meta property=\"og:image\" content=\"https:\/\/fiberglasshotstick.com\/wp-content\/uploads\/2022\/06\/A0.jpg\" \/>\n\t<meta property=\"og:image:width\" content=\"800\" \/>\n\t<meta property=\"og:image:height\" content=\"800\" \/>\n\t<meta property=\"og:image:type\" content=\"image\/jpeg\" \/>\n<meta name=\"twitter:card\" content=\"summary_large_image\" \/>\n<script type=\"application\/ld+json\" class=\"yoast-schema-graph\">{\"@context\":\"https:\/\/schema.org\",\"@graph\":[{\"@type\":\"WebSite\",\"@id\":\"https:\/\/fiberglasshotstick.com\/#website\",\"url\":\"https:\/\/fiberglasshotstick.com\/\",\"name\":\"hotstick\",\"description\":\"\u53c8\u4e00\u4e2aWordPress\u7ad9\u70b9\",\"potentialAction\":[{\"@type\":\"SearchAction\",\"target\":{\"@type\":\"EntryPoint\",\"urlTemplate\":\"https:\/\/fiberglasshotstick.com\/?s={search_term_string}\"},\"query-input\":\"required name=search_term_string\"}],\"inLanguage\":\"pt-BR\"},{\"@type\":\"ImageObject\",\"@id\":\"https:\/\/fiberglasshotstick.com\/product\/high-voltage-fiberglass-hot-stick-combined-sectional-insulated-operating-rod-link-sticks\/#primaryimage\",\"inLanguage\":\"pt-BR\",\"url\":\"https:\/\/fiberglasshotstick.com\/wp-content\/uploads\/2022\/06\/A0.jpg\",\"contentUrl\":\"https:\/\/fiberglasshotstick.com\/wp-content\/uploads\/2022\/06\/A0.jpg\",\"width\":800,\"height\":800,\"caption\":\"High voltage fiberglass hot stick combined Sectional insulated operating rod\/ link sticks\"},{\"@type\":\"WebPage\",\"@id\":\"https:\/\/fiberglasshotstick.com\/product\/high-voltage-fiberglass-hot-stick-combined-sectional-insulated-operating-rod-link-sticks\/#webpage\",\"url\":\"https:\/\/fiberglasshotstick.com\/product\/high-voltage-fiberglass-hot-stick-combined-sectional-insulated-operating-rod-link-sticks\/\",\"name\":\"High voltage fiberglass hot stick combined Sectional insulated operating rod\/ link sticks - hotstick\",\"isPartOf\":{\"@id\":\"https:\/\/fiberglasshotstick.com\/#website\"},\"primaryImageOfPage\":{\"@id\":\"https:\/\/fiberglasshotstick.com\/product\/high-voltage-fiberglass-hot-stick-combined-sectional-insulated-operating-rod-link-sticks\/#primaryimage\"},\"datePublished\":\"2022-06-04T07:34:06+00:00\",\"dateModified\":\"2022-09-04T03:28:18+00:00\",\"description\":\"The high-voltage gate rod, also known as the link bar, the insulated rod, and the insulated gate rod, is composed of a working head, an insulating rod and a handle.\",\"breadcrumb\":{\"@id\":\"https:\/\/fiberglasshotstick.com\/product\/high-voltage-fiberglass-hot-stick-combined-sectional-insulated-operating-rod-link-sticks\/#breadcrumb\"},\"inLanguage\":\"pt-BR\",\"potentialAction\":[{\"@type\":\"ReadAction\",\"target\":[\"https:\/\/fiberglasshotstick.com\/product\/high-voltage-fiberglass-hot-stick-combined-sectional-insulated-operating-rod-link-sticks\/\"]}]},{\"@type\":\"BreadcrumbList\",\"@id\":\"https:\/\/fiberglasshotstick.com\/product\/high-voltage-fiberglass-hot-stick-combined-sectional-insulated-operating-rod-link-sticks\/#breadcrumb\",\"itemListElement\":[{\"@type\":\"ListItem\",\"position\":1,\"name\":\"Home\",\"item\":\"https:\/\/fiberglasshotstick.com\/\"},{\"@type\":\"ListItem\",\"position\":2,\"name\":\"Products\",\"item\":\"https:\/\/fiberglasshotstick.com\/products\/\"},{\"@type\":\"ListItem\",\"position\":3,\"name\":\"High voltage fiberglass hot stick combined Sectional insulated operating rod\/ link sticks\"}]}]}<\/script>\n<!-- \/ Yoast SEO Premium plugin. -->","yoast_head_json":{"title":"High voltage fiberglass hot stick combined Sectional insulated operating rod\/ link sticks - hotstick","description":"The high-voltage gate rod, also known as the link bar, the insulated rod, and the insulated gate rod, is composed of a working head, an insulating rod and a handle.","robots":{"index":"index","follow":"follow","max-snippet":"max-snippet:-1","max-image-preview":"max-image-preview:large","max-video-preview":"max-video-preview:-1"},"canonical":"https:\/\/fiberglasshotstick.com\/pt\/produto\/high-voltage-fiberglass-hot-stick-combined-sectional-insulated-operating-rod-link-sticks\/","og_locale":"pt_BR","og_type":"article","og_title":"High voltage fiberglass hot stick combined Sectional insulated operating rod\/ link sticks","og_description":"The high-voltage gate rod, also known as the link bar, the insulated rod, and the insulated gate rod, is composed of a working head, an insulating rod and a handle.","og_url":"https:\/\/fiberglasshotstick.com\/pt\/produto\/high-voltage-fiberglass-hot-stick-combined-sectional-insulated-operating-rod-link-sticks\/","og_site_name":"hotstick","article_modified_time":"2022-09-04T03:28:18+00:00","og_image":[{"width":800,"height":800,"url":"https:\/\/fiberglasshotstick.com\/wp-content\/uploads\/2022\/06\/A0.jpg","type":"image\/jpeg"}],"twitter_card":"summary_large_image","schema":{"@context":"https:\/\/schema.org","@graph":[{"@type":"WebSite","@id":"https:\/\/fiberglasshotstick.com\/#website","url":"https:\/\/fiberglasshotstick.com\/","name":"hotstick","description":"\u53c8\u4e00\u4e2aWordPress\u7ad9\u70b9","potentialAction":[{"@type":"SearchAction","target":{"@type":"EntryPoint","urlTemplate":"https:\/\/fiberglasshotstick.com\/?s={search_term_string}"},"query-input":"required name=search_term_string"}],"inLanguage":"pt-BR"},{"@type":"ImageObject","@id":"https:\/\/fiberglasshotstick.com\/product\/high-voltage-fiberglass-hot-stick-combined-sectional-insulated-operating-rod-link-sticks\/#primaryimage","inLanguage":"pt-BR","url":"https:\/\/fiberglasshotstick.com\/wp-content\/uploads\/2022\/06\/A0.jpg","contentUrl":"https:\/\/fiberglasshotstick.com\/wp-content\/uploads\/2022\/06\/A0.jpg","width":800,"height":800,"caption":"High voltage fiberglass hot stick combined Sectional insulated operating rod\/ link sticks"},{"@type":"WebPage","@id":"https:\/\/fiberglasshotstick.com\/product\/high-voltage-fiberglass-hot-stick-combined-sectional-insulated-operating-rod-link-sticks\/#webpage","url":"https:\/\/fiberglasshotstick.com\/product\/high-voltage-fiberglass-hot-stick-combined-sectional-insulated-operating-rod-link-sticks\/","name":"High voltage fiberglass hot stick combined Sectional insulated operating rod\/ link sticks - hotstick","isPartOf":{"@id":"https:\/\/fiberglasshotstick.com\/#website"},"primaryImageOfPage":{"@id":"https:\/\/fiberglasshotstick.com\/product\/high-voltage-fiberglass-hot-stick-combined-sectional-insulated-operating-rod-link-sticks\/#primaryimage"},"datePublished":"2022-06-04T07:34:06+00:00","dateModified":"2022-09-04T03:28:18+00:00","description":"The high-voltage gate rod, also known as the link bar, the insulated rod, and the insulated gate rod, is composed of a working head, an insulating rod and a handle.","breadcrumb":{"@id":"https:\/\/fiberglasshotstick.com\/product\/high-voltage-fiberglass-hot-stick-combined-sectional-insulated-operating-rod-link-sticks\/#breadcrumb"},"inLanguage":"pt-BR","potentialAction":[{"@type":"ReadAction","target":["https:\/\/fiberglasshotstick.com\/product\/high-voltage-fiberglass-hot-stick-combined-sectional-insulated-operating-rod-link-sticks\/"]}]},{"@type":"BreadcrumbList","@id":"https:\/\/fiberglasshotstick.com\/product\/high-voltage-fiberglass-hot-stick-combined-sectional-insulated-operating-rod-link-sticks\/#breadcrumb","itemListElement":[{"@type":"ListItem","position":1,"name":"Home","item":"https:\/\/fiberglasshotstick.com\/"},{"@type":"ListItem","position":2,"name":"Products","item":"https:\/\/fiberglasshotstick.com\/products\/"},{"@type":"ListItem","position":3,"name":"High voltage fiberglass hot stick combined Sectional insulated operating rod\/ link sticks"}]}]}},"_links":{"self":[{"href":"https:\/\/fiberglasshotstick.com\/pt\/wp-json\/wp\/v2\/product\/770"}],"collection":[{"href":"https:\/\/fiberglasshotstick.com\/pt\/wp-json\/wp\/v2\/product"}],"about":[{"href":"https:\/\/fiberglasshotstick.com\/pt\/wp-json\/wp\/v2\/types\/product"}],"version-history":[{"count":1,"href":"https:\/\/fiberglasshotstick.com\/pt\/wp-json\/wp\/v2\/product\/770\/revisions"}],"predecessor-version":[{"id":786,"href":"https:\/\/fiberglasshotstick.com\/pt\/wp-json\/wp\/v2\/product\/770\/revisions\/786"}],"wp:featuredmedia":[{"embeddable":true,"href":"https:\/\/fiberglasshotstick.com\/pt\/wp-json\/wp\/v2\/media\/778"}],"wp:attachment":[{"href":"https:\/\/fiberglasshotstick.com\/pt\/wp-json\/wp\/v2\/media?parent=770"}],"wp:term":[{"taxonomy":"product_cat","embeddable":true,"href":"https:\/\/fiberglasshotstick.com\/pt\/wp-json\/wp\/v2\/product_cat?post=770"},{"taxonomy":"product_tag","embeddable":true,"href":"https:\/\/fiberglasshotstick.com\/pt\/wp-json\/wp\/v2\/product_tag?post=770"}],"curies":[{"name":"wp","href":"https:\/\/api.w.org\/{rel}","templated":true}]}}