{"id":568,"date":"2022-05-22T13:35:53","date_gmt":"2022-05-22T05:35:53","guid":{"rendered":"https:\/\/fiberglasshotstick.com\/?post_type=product&#038;p=568"},"modified":"2022-09-29T16:25:29","modified_gmt":"2022-09-29T08:25:29","slug":"frp-triangle-telescopic-hot-stick-with-operating-rod","status":"publish","type":"product","link":"https:\/\/fiberglasshotstick.com\/pt\/produto\/frp-triangle-telescopic-hot-stick-with-operating-rod\/","title":{"rendered":"Vara telesc\u00f3pica triangular FRP com haste de opera\u00e7\u00e3o"},"content":{"rendered":"","protected":false},"excerpt":{"rendered":"<p>A haste de opera\u00e7\u00e3o telesc\u00f3pica em forma triangular \u00e9 projetada para ser usada em interruptor de alta tens\u00e3o de isolamento, sendo uma das ferramentas mais usadas na manuten\u00e7\u00e3o da linha quente. Os palitos quentes telesc\u00f3picos s\u00e3o fabricados com tubos de fibra de vidro refor\u00e7ada ep\u00f3xi. Compreende v\u00e1rios palitos que deslizam um no outro com bot\u00f5es de travamento integrado. Eles t\u00eam muitas vantagens sobre o bast\u00e3o redondo. a. F\u00e1cil de transportar. Alta resist\u00eancia, mais est\u00e1vel que o sticks -quente redondo. Resolve os problemas rotativos encontrados em sticksd redondos. Somente o n\u00famero de se\u00e7\u00f5es necess\u00e1rias para o trabalho \u00e9 estendido, dando grande flexibilidade. Qualquer se\u00e7\u00e3o pode ser substitu\u00edda se for danificado.<\/p>","protected":false},"featured_media":1056,"template":"","meta":{"_kad_post_transparent":"default","_kad_post_title":"hide","_kad_post_layout":"fullwidth","_kad_post_sidebar_id":"","_kad_post_content_style":"unboxed","_kad_post_vertical_padding":"hide","_kad_post_feature":"hide","_kad_post_feature_position":"","_kad_post_header":false,"_kad_post_footer":false},"product_cat":[37],"product_tag":[33,35,34],"yoast_head":"<!-- This site is optimized with the Yoast SEO Premium plugin v18.3 (Yoast SEO v18.5) - https:\/\/yoast.com\/wordpress\/plugins\/seo\/ -->\n<title>FRP Triangle Telescopic Hot Stick with Operating Rod - hotstick<\/title>\n<meta name=\"description\" content=\"The triangular shaped Telescopic hotstick are designed to be used in high voltage isolating switch out operating, being one of the most used tools in hot line maintenance\" \/>\n<meta name=\"robots\" content=\"index, follow, max-snippet:-1, max-image-preview:large, max-video-preview:-1\" \/>\n<link rel=\"canonical\" href=\"https:\/\/fiberglasshotstick.com\/pt\/produto\/frp-triangle-telescopic-hot-stick-with-operating-rod\/\" \/>\n<meta property=\"og:locale\" content=\"pt_BR\" \/>\n<meta property=\"og:type\" content=\"article\" \/>\n<meta property=\"og:title\" content=\"FRP Triangle Telescopic Hot Stick with Operating Rod\" \/>\n<meta property=\"og:description\" content=\"The triangular shaped Telescopic hotstick are designed to be used in high voltage isolating switch out operating, being one of the most used tools in hot line maintenance\" \/>\n<meta property=\"og:url\" content=\"https:\/\/fiberglasshotstick.com\/pt\/produto\/frp-triangle-telescopic-hot-stick-with-operating-rod\/\" \/>\n<meta property=\"og:site_name\" content=\"hotstick\" \/>\n<meta property=\"article:modified_time\" content=\"2022-09-29T08:25:29+00:00\" \/>\n<meta property=\"og:image\" content=\"https:\/\/fiberglasshotstick.com\/wp-content\/uploads\/2022\/05\/A55555.jpg\" \/>\n\t<meta property=\"og:image:width\" content=\"800\" \/>\n\t<meta property=\"og:image:height\" content=\"800\" \/>\n\t<meta property=\"og:image:type\" content=\"image\/jpeg\" \/>\n<meta name=\"twitter:card\" content=\"summary_large_image\" \/>\n<script type=\"application\/ld+json\" class=\"yoast-schema-graph\">{\"@context\":\"https:\/\/schema.org\",\"@graph\":[{\"@type\":\"WebSite\",\"@id\":\"https:\/\/fiberglasshotstick.com\/#website\",\"url\":\"https:\/\/fiberglasshotstick.com\/\",\"name\":\"hotstick\",\"description\":\"\u53c8\u4e00\u4e2aWordPress\u7ad9\u70b9\",\"potentialAction\":[{\"@type\":\"SearchAction\",\"target\":{\"@type\":\"EntryPoint\",\"urlTemplate\":\"https:\/\/fiberglasshotstick.com\/?s={search_term_string}\"},\"query-input\":\"required name=search_term_string\"}],\"inLanguage\":\"pt-BR\"},{\"@type\":\"ImageObject\",\"@id\":\"https:\/\/fiberglasshotstick.com\/product\/frp-triangle-telescopic-hot-stick-with-operating-rod\/#primaryimage\",\"inLanguage\":\"pt-BR\",\"url\":\"https:\/\/fiberglasshotstick.com\/wp-content\/uploads\/2022\/05\/A55555.jpg\",\"contentUrl\":\"https:\/\/fiberglasshotstick.com\/wp-content\/uploads\/2022\/05\/A55555.jpg\",\"width\":800,\"height\":800,\"caption\":\"Adjustable FRP Triangle Telescopic Operating Rod\/Hot Stick with Operating Rod\"},{\"@type\":\"WebPage\",\"@id\":\"https:\/\/fiberglasshotstick.com\/product\/frp-triangle-telescopic-hot-stick-with-operating-rod\/#webpage\",\"url\":\"https:\/\/fiberglasshotstick.com\/product\/frp-triangle-telescopic-hot-stick-with-operating-rod\/\",\"name\":\"FRP Triangle Telescopic Hot Stick with Operating Rod - hotstick\",\"isPartOf\":{\"@id\":\"https:\/\/fiberglasshotstick.com\/#website\"},\"primaryImageOfPage\":{\"@id\":\"https:\/\/fiberglasshotstick.com\/product\/frp-triangle-telescopic-hot-stick-with-operating-rod\/#primaryimage\"},\"datePublished\":\"2022-05-22T05:35:53+00:00\",\"dateModified\":\"2022-09-29T08:25:29+00:00\",\"description\":\"The triangular shaped Telescopic hotstick are designed to be used in high voltage isolating switch out operating, being one of the most used tools in hot line maintenance\",\"breadcrumb\":{\"@id\":\"https:\/\/fiberglasshotstick.com\/product\/frp-triangle-telescopic-hot-stick-with-operating-rod\/#breadcrumb\"},\"inLanguage\":\"pt-BR\",\"potentialAction\":[{\"@type\":\"ReadAction\",\"target\":[\"https:\/\/fiberglasshotstick.com\/product\/frp-triangle-telescopic-hot-stick-with-operating-rod\/\"]}]},{\"@type\":\"BreadcrumbList\",\"@id\":\"https:\/\/fiberglasshotstick.com\/product\/frp-triangle-telescopic-hot-stick-with-operating-rod\/#breadcrumb\",\"itemListElement\":[{\"@type\":\"ListItem\",\"position\":1,\"name\":\"Home\",\"item\":\"https:\/\/fiberglasshotstick.com\/\"},{\"@type\":\"ListItem\",\"position\":2,\"name\":\"Products\",\"item\":\"https:\/\/fiberglasshotstick.com\/products\/\"},{\"@type\":\"ListItem\",\"position\":3,\"name\":\"FRP Triangle Telescopic Hot Stick with Operating Rod\"}]}]}<\/script>\n<!-- \/ Yoast SEO Premium plugin. -->","yoast_head_json":{"title":"FRP Triangle Telescopic Hot Stick with Operating Rod - hotstick","description":"The triangular shaped Telescopic hotstick are designed to be used in high voltage isolating switch out operating, being one of the most used tools in hot line maintenance","robots":{"index":"index","follow":"follow","max-snippet":"max-snippet:-1","max-image-preview":"max-image-preview:large","max-video-preview":"max-video-preview:-1"},"canonical":"https:\/\/fiberglasshotstick.com\/pt\/produto\/frp-triangle-telescopic-hot-stick-with-operating-rod\/","og_locale":"pt_BR","og_type":"article","og_title":"FRP Triangle Telescopic Hot Stick with Operating Rod","og_description":"The triangular shaped Telescopic hotstick are designed to be used in high voltage isolating switch out operating, being one of the most used tools in hot line maintenance","og_url":"https:\/\/fiberglasshotstick.com\/pt\/produto\/frp-triangle-telescopic-hot-stick-with-operating-rod\/","og_site_name":"hotstick","article_modified_time":"2022-09-29T08:25:29+00:00","og_image":[{"width":800,"height":800,"url":"https:\/\/fiberglasshotstick.com\/wp-content\/uploads\/2022\/05\/A55555.jpg","type":"image\/jpeg"}],"twitter_card":"summary_large_image","schema":{"@context":"https:\/\/schema.org","@graph":[{"@type":"WebSite","@id":"https:\/\/fiberglasshotstick.com\/#website","url":"https:\/\/fiberglasshotstick.com\/","name":"hotstick","description":"\u53c8\u4e00\u4e2aWordPress\u7ad9\u70b9","potentialAction":[{"@type":"SearchAction","target":{"@type":"EntryPoint","urlTemplate":"https:\/\/fiberglasshotstick.com\/?s={search_term_string}"},"query-input":"required name=search_term_string"}],"inLanguage":"pt-BR"},{"@type":"ImageObject","@id":"https:\/\/fiberglasshotstick.com\/product\/frp-triangle-telescopic-hot-stick-with-operating-rod\/#primaryimage","inLanguage":"pt-BR","url":"https:\/\/fiberglasshotstick.com\/wp-content\/uploads\/2022\/05\/A55555.jpg","contentUrl":"https:\/\/fiberglasshotstick.com\/wp-content\/uploads\/2022\/05\/A55555.jpg","width":800,"height":800,"caption":"Adjustable FRP Triangle Telescopic Operating Rod\/Hot Stick with Operating Rod"},{"@type":"WebPage","@id":"https:\/\/fiberglasshotstick.com\/product\/frp-triangle-telescopic-hot-stick-with-operating-rod\/#webpage","url":"https:\/\/fiberglasshotstick.com\/product\/frp-triangle-telescopic-hot-stick-with-operating-rod\/","name":"FRP Triangle Telescopic Hot Stick with Operating Rod - hotstick","isPartOf":{"@id":"https:\/\/fiberglasshotstick.com\/#website"},"primaryImageOfPage":{"@id":"https:\/\/fiberglasshotstick.com\/product\/frp-triangle-telescopic-hot-stick-with-operating-rod\/#primaryimage"},"datePublished":"2022-05-22T05:35:53+00:00","dateModified":"2022-09-29T08:25:29+00:00","description":"The triangular shaped Telescopic hotstick are designed to be used in high voltage isolating switch out operating, being one of the most used tools in hot line maintenance","breadcrumb":{"@id":"https:\/\/fiberglasshotstick.com\/product\/frp-triangle-telescopic-hot-stick-with-operating-rod\/#breadcrumb"},"inLanguage":"pt-BR","potentialAction":[{"@type":"ReadAction","target":["https:\/\/fiberglasshotstick.com\/product\/frp-triangle-telescopic-hot-stick-with-operating-rod\/"]}]},{"@type":"BreadcrumbList","@id":"https:\/\/fiberglasshotstick.com\/product\/frp-triangle-telescopic-hot-stick-with-operating-rod\/#breadcrumb","itemListElement":[{"@type":"ListItem","position":1,"name":"Home","item":"https:\/\/fiberglasshotstick.com\/"},{"@type":"ListItem","position":2,"name":"Products","item":"https:\/\/fiberglasshotstick.com\/products\/"},{"@type":"ListItem","position":3,"name":"FRP Triangle Telescopic Hot Stick with Operating Rod"}]}]}},"_links":{"self":[{"href":"https:\/\/fiberglasshotstick.com\/pt\/wp-json\/wp\/v2\/product\/568"}],"collection":[{"href":"https:\/\/fiberglasshotstick.com\/pt\/wp-json\/wp\/v2\/product"}],"about":[{"href":"https:\/\/fiberglasshotstick.com\/pt\/wp-json\/wp\/v2\/types\/product"}],"version-history":[{"count":3,"href":"https:\/\/fiberglasshotstick.com\/pt\/wp-json\/wp\/v2\/product\/568\/revisions"}],"predecessor-version":[{"id":759,"href":"https:\/\/fiberglasshotstick.com\/pt\/wp-json\/wp\/v2\/product\/568\/revisions\/759"}],"wp:featuredmedia":[{"embeddable":true,"href":"https:\/\/fiberglasshotstick.com\/pt\/wp-json\/wp\/v2\/media\/1056"}],"wp:attachment":[{"href":"https:\/\/fiberglasshotstick.com\/pt\/wp-json\/wp\/v2\/media?parent=568"}],"wp:term":[{"taxonomy":"product_cat","embeddable":true,"href":"https:\/\/fiberglasshotstick.com\/pt\/wp-json\/wp\/v2\/product_cat?post=568"},{"taxonomy":"product_tag","embeddable":true,"href":"https:\/\/fiberglasshotstick.com\/pt\/wp-json\/wp\/v2\/product_tag?post=568"}],"curies":[{"name":"wp","href":"https:\/\/api.w.org\/{rel}","templated":true}]}}