{"id":1826,"date":"2023-01-30T10:39:59","date_gmt":"2023-01-30T02:39:59","guid":{"rendered":"https:\/\/fiberglasshotstick.com\/?post_type=product&#038;p=1826"},"modified":"2023-01-30T11:01:59","modified_gmt":"2023-01-30T03:01:59","slug":"removable-grounding-wire-of-ring-main-unit-rmu-cable-branch-box","status":"publish","type":"product","link":"https:\/\/fiberglasshotstick.com\/pt\/produto\/removable-grounding-wire-of-ring-main-unit-rmu-cable-branch-box\/","title":{"rendered":"Fio de aterramento remov\u00edvel da unidade principal do anel (RMU)\/caixa de ramifica\u00e7\u00e3o do cabo"},"content":{"rendered":"<p><img loading=\"lazy\" class=\"alignnone wp-image-1882\" src=\"https:\/\/fiberglasshotstick.com\/wp-content\/uploads\/2023\/01\/Crimping-ground-wire-branch-box-Ring-Main-Unit\uff08RMU\uff09ground-wire-300x300.jpg\" alt=\"\" width=\"684\" height=\"684\" srcset=\"https:\/\/fiberglasshotstick.com\/wp-content\/uploads\/2023\/01\/Crimping-ground-wire-branch-box-Ring-Main-Unit\uff08RMU\uff09ground-wire-300x300.jpg 300w, https:\/\/fiberglasshotstick.com\/wp-content\/uploads\/2023\/01\/Crimping-ground-wire-branch-box-Ring-Main-Unit\uff08RMU\uff09ground-wire-150x150.jpg 150w, https:\/\/fiberglasshotstick.com\/wp-content\/uploads\/2023\/01\/Crimping-ground-wire-branch-box-Ring-Main-Unit\uff08RMU\uff09ground-wire-768x768.jpg 768w, https:\/\/fiberglasshotstick.com\/wp-content\/uploads\/2023\/01\/Crimping-ground-wire-branch-box-Ring-Main-Unit\uff08RMU\uff09ground-wire-12x12.jpg 12w, https:\/\/fiberglasshotstick.com\/wp-content\/uploads\/2023\/01\/Crimping-ground-wire-branch-box-Ring-Main-Unit\uff08RMU\uff09ground-wire-600x600.jpg 600w, https:\/\/fiberglasshotstick.com\/wp-content\/uploads\/2023\/01\/Crimping-ground-wire-branch-box-Ring-Main-Unit\uff08RMU\uff09ground-wire-100x100.jpg 100w, https:\/\/fiberglasshotstick.com\/wp-content\/uploads\/2023\/01\/Crimping-ground-wire-branch-box-Ring-Main-Unit\uff08RMU\uff09ground-wire.jpg 800w\" sizes=\"(max-width: 684px) 100vw, 684px\" \/><\/p>","protected":false},"excerpt":{"rendered":"<p>Textura do material:<br \/>\nO material da haste de aterramento \u00e9: resina ep\u00f3xi refor\u00e7ada com fibra de vidro, o conector \u00e9 todo de lat\u00e3o e o grampo de aterramento \u00e9 de alum\u00ednio (o grampo de aterramento de cobre pode ser personalizado). O comprimento da linha \u00e9 geralmente de 3 * 1+1,5 metros (25 mm2)<br \/>\nEmbalagem: Caixa port\u00e1til \u00e0 prova de fogo da liga de alum\u00ednio.<br \/>\nAmbiente aplic\u00e1vel: anel Unidade principal \uff08RMU\uff09\/caixa de ramifica\u00e7\u00e3o do cabo<br \/>\nAntes da opera\u00e7\u00e3o do fio de aterramento da caixa de ramifica\u00e7\u00e3o do cabo, verifique se o fio de aterramento de cada cabo de ramifica\u00e7\u00e3o est\u00e1 firmemente conectado ao terminal de aterramento da caixa. Ao mesmo tempo, o shell da caixa deve estar diretamente conectado \u00e0 grade de aterramento ou ter um ponto de aterramento \u00f3bvio. Ap\u00f3s a instala\u00e7\u00e3o do fio de aterramento da caixa de ramifica\u00e7\u00e3o do cabo, os componentes do cabo devem ser testados juntos de acordo com os padr\u00f5es e condi\u00e7\u00f5es de teste relevantes.<\/p>","protected":false},"featured_media":1850,"template":"","meta":{"_kad_post_transparent":"default","_kad_post_title":"","_kad_post_layout":"default","_kad_post_sidebar_id":"","_kad_post_content_style":"default","_kad_post_vertical_padding":"default","_kad_post_feature":"","_kad_post_feature_position":"","_kad_post_header":false,"_kad_post_footer":false},"product_cat":[528],"product_tag":[534,532,536,551,564,562,533,530,543,537,535,548,544,556,563,552,561,547,546,555,553,554,559,549,545,539,540,542,550,565,557,529,560,558,538,531,541],"yoast_head":"<!-- This site is optimized with the Yoast SEO Premium plugin v18.3 (Yoast SEO v18.5) - https:\/\/yoast.com\/wordpress\/plugins\/seo\/ -->\n<title>Removable grounding wire of Ring Main Unit (RMU)\/cable branch box - hotstick<\/title>\n<meta name=\"description\" content=\"The grounding wire of high-voltage portable cable branch box shall be selected with appropriate nut models, which can be divided into 12 #, 13 #, 14 #, 15 # and 16 # models and three standard ring main cabinet contact pins. Generally, 12 #, 14 # and 16 # models are mostly used.\" \/>\n<meta name=\"robots\" content=\"index, follow, max-snippet:-1, max-image-preview:large, max-video-preview:-1\" \/>\n<link rel=\"canonical\" href=\"https:\/\/fiberglasshotstick.com\/pt\/produto\/removable-grounding-wire-of-ring-main-unit-rmu-cable-branch-box\/\" \/>\n<meta property=\"og:locale\" content=\"pt_BR\" \/>\n<meta property=\"og:type\" content=\"article\" \/>\n<meta property=\"og:title\" content=\"Removable grounding wire of Ring Main Unit (RMU)\/cable branch box\" \/>\n<meta property=\"og:description\" content=\"The grounding wire of high-voltage portable cable branch box shall be selected with appropriate nut models, which can be divided into 12 #, 13 #, 14 #, 15 # and 16 # models and three standard ring main cabinet contact pins. Generally, 12 #, 14 # and 16 # models are mostly used.\" \/>\n<meta property=\"og:url\" content=\"https:\/\/fiberglasshotstick.com\/pt\/produto\/removable-grounding-wire-of-ring-main-unit-rmu-cable-branch-box\/\" \/>\n<meta property=\"og:site_name\" content=\"hotstick\" \/>\n<meta property=\"article:modified_time\" content=\"2023-01-30T03:01:59+00:00\" \/>\n<meta property=\"og:image\" content=\"https:\/\/fiberglasshotstick.com\/wp-content\/uploads\/2023\/01\/Removable-grounding-wire-of-Ring-Main-Unit\uff08RMU\uff09cable-branch-box.jpg\" \/>\n\t<meta property=\"og:image:width\" content=\"800\" \/>\n\t<meta property=\"og:image:height\" content=\"800\" \/>\n\t<meta property=\"og:image:type\" content=\"image\/jpeg\" \/>\n<meta name=\"twitter:card\" content=\"summary_large_image\" \/>\n<meta name=\"twitter:label1\" content=\"Est. tempo de leitura\" \/>\n\t<meta name=\"twitter:data1\" content=\"1 minuto\" \/>\n<script type=\"application\/ld+json\" class=\"yoast-schema-graph\">{\"@context\":\"https:\/\/schema.org\",\"@graph\":[{\"@type\":\"WebSite\",\"@id\":\"https:\/\/fiberglasshotstick.com\/#website\",\"url\":\"https:\/\/fiberglasshotstick.com\/\",\"name\":\"hotstick\",\"description\":\"\u53c8\u4e00\u4e2aWordPress\u7ad9\u70b9\",\"potentialAction\":[{\"@type\":\"SearchAction\",\"target\":{\"@type\":\"EntryPoint\",\"urlTemplate\":\"https:\/\/fiberglasshotstick.com\/?s={search_term_string}\"},\"query-input\":\"required name=search_term_string\"}],\"inLanguage\":\"pt-BR\"},{\"@type\":\"ImageObject\",\"@id\":\"https:\/\/fiberglasshotstick.com\/product\/removable-grounding-wire-of-ring-main-unit-rmu-cable-branch-box\/#primaryimage\",\"inLanguage\":\"pt-BR\",\"url\":\"https:\/\/fiberglasshotstick.com\/wp-content\/uploads\/2023\/01\/Removable-grounding-wire-of-Ring-Main-Unit\uff08RMU\uff09cable-branch-box.jpg\",\"contentUrl\":\"https:\/\/fiberglasshotstick.com\/wp-content\/uploads\/2023\/01\/Removable-grounding-wire-of-Ring-Main-Unit\uff08RMU\uff09cable-branch-box.jpg\",\"width\":800,\"height\":800,\"caption\":\"Removable grounding wire of Ring Main Unit (RMU)\/cable branch box\"},{\"@type\":\"WebPage\",\"@id\":\"https:\/\/fiberglasshotstick.com\/product\/removable-grounding-wire-of-ring-main-unit-rmu-cable-branch-box\/#webpage\",\"url\":\"https:\/\/fiberglasshotstick.com\/product\/removable-grounding-wire-of-ring-main-unit-rmu-cable-branch-box\/\",\"name\":\"Removable grounding wire of Ring Main Unit (RMU)\/cable branch box - hotstick\",\"isPartOf\":{\"@id\":\"https:\/\/fiberglasshotstick.com\/#website\"},\"primaryImageOfPage\":{\"@id\":\"https:\/\/fiberglasshotstick.com\/product\/removable-grounding-wire-of-ring-main-unit-rmu-cable-branch-box\/#primaryimage\"},\"datePublished\":\"2023-01-30T02:39:59+00:00\",\"dateModified\":\"2023-01-30T03:01:59+00:00\",\"description\":\"The grounding wire of high-voltage portable cable branch box shall be selected with appropriate nut models, which can be divided into 12 #, 13 #, 14 #, 15 # and 16 # models and three standard ring main cabinet contact pins. Generally, 12 #, 14 # and 16 # models are mostly used.\",\"breadcrumb\":{\"@id\":\"https:\/\/fiberglasshotstick.com\/product\/removable-grounding-wire-of-ring-main-unit-rmu-cable-branch-box\/#breadcrumb\"},\"inLanguage\":\"pt-BR\",\"potentialAction\":[{\"@type\":\"ReadAction\",\"target\":[\"https:\/\/fiberglasshotstick.com\/product\/removable-grounding-wire-of-ring-main-unit-rmu-cable-branch-box\/\"]}]},{\"@type\":\"BreadcrumbList\",\"@id\":\"https:\/\/fiberglasshotstick.com\/product\/removable-grounding-wire-of-ring-main-unit-rmu-cable-branch-box\/#breadcrumb\",\"itemListElement\":[{\"@type\":\"ListItem\",\"position\":1,\"name\":\"Home\",\"item\":\"https:\/\/fiberglasshotstick.com\/\"},{\"@type\":\"ListItem\",\"position\":2,\"name\":\"Products\",\"item\":\"https:\/\/fiberglasshotstick.com\/products\/\"},{\"@type\":\"ListItem\",\"position\":3,\"name\":\"Removable grounding wire of Ring Main Unit (RMU)\/cable branch box\"}]}]}<\/script>\n<!-- \/ Yoast SEO Premium plugin. -->","yoast_head_json":{"title":"Removable grounding wire of Ring Main Unit (RMU)\/cable branch box - hotstick","description":"The grounding wire of high-voltage portable cable branch box shall be selected with appropriate nut models, which can be divided into 12 #, 13 #, 14 #, 15 # and 16 # models and three standard ring main cabinet contact pins. Generally, 12 #, 14 # and 16 # models are mostly used.","robots":{"index":"index","follow":"follow","max-snippet":"max-snippet:-1","max-image-preview":"max-image-preview:large","max-video-preview":"max-video-preview:-1"},"canonical":"https:\/\/fiberglasshotstick.com\/pt\/produto\/removable-grounding-wire-of-ring-main-unit-rmu-cable-branch-box\/","og_locale":"pt_BR","og_type":"article","og_title":"Removable grounding wire of Ring Main Unit (RMU)\/cable branch box","og_description":"The grounding wire of high-voltage portable cable branch box shall be selected with appropriate nut models, which can be divided into 12 #, 13 #, 14 #, 15 # and 16 # models and three standard ring main cabinet contact pins. Generally, 12 #, 14 # and 16 # models are mostly used.","og_url":"https:\/\/fiberglasshotstick.com\/pt\/produto\/removable-grounding-wire-of-ring-main-unit-rmu-cable-branch-box\/","og_site_name":"hotstick","article_modified_time":"2023-01-30T03:01:59+00:00","og_image":[{"width":800,"height":800,"url":"https:\/\/fiberglasshotstick.com\/wp-content\/uploads\/2023\/01\/Removable-grounding-wire-of-Ring-Main-Unit\uff08RMU\uff09cable-branch-box.jpg","type":"image\/jpeg"}],"twitter_card":"summary_large_image","twitter_misc":{"Est. tempo de leitura":"1 minuto"},"schema":{"@context":"https:\/\/schema.org","@graph":[{"@type":"WebSite","@id":"https:\/\/fiberglasshotstick.com\/#website","url":"https:\/\/fiberglasshotstick.com\/","name":"hotstick","description":"\u53c8\u4e00\u4e2aWordPress\u7ad9\u70b9","potentialAction":[{"@type":"SearchAction","target":{"@type":"EntryPoint","urlTemplate":"https:\/\/fiberglasshotstick.com\/?s={search_term_string}"},"query-input":"required name=search_term_string"}],"inLanguage":"pt-BR"},{"@type":"ImageObject","@id":"https:\/\/fiberglasshotstick.com\/product\/removable-grounding-wire-of-ring-main-unit-rmu-cable-branch-box\/#primaryimage","inLanguage":"pt-BR","url":"https:\/\/fiberglasshotstick.com\/wp-content\/uploads\/2023\/01\/Removable-grounding-wire-of-Ring-Main-Unit\uff08RMU\uff09cable-branch-box.jpg","contentUrl":"https:\/\/fiberglasshotstick.com\/wp-content\/uploads\/2023\/01\/Removable-grounding-wire-of-Ring-Main-Unit\uff08RMU\uff09cable-branch-box.jpg","width":800,"height":800,"caption":"Removable grounding wire of Ring Main Unit (RMU)\/cable branch box"},{"@type":"WebPage","@id":"https:\/\/fiberglasshotstick.com\/product\/removable-grounding-wire-of-ring-main-unit-rmu-cable-branch-box\/#webpage","url":"https:\/\/fiberglasshotstick.com\/product\/removable-grounding-wire-of-ring-main-unit-rmu-cable-branch-box\/","name":"Removable grounding wire of Ring Main Unit (RMU)\/cable branch box - hotstick","isPartOf":{"@id":"https:\/\/fiberglasshotstick.com\/#website"},"primaryImageOfPage":{"@id":"https:\/\/fiberglasshotstick.com\/product\/removable-grounding-wire-of-ring-main-unit-rmu-cable-branch-box\/#primaryimage"},"datePublished":"2023-01-30T02:39:59+00:00","dateModified":"2023-01-30T03:01:59+00:00","description":"The grounding wire of high-voltage portable cable branch box shall be selected with appropriate nut models, which can be divided into 12 #, 13 #, 14 #, 15 # and 16 # models and three standard ring main cabinet contact pins. Generally, 12 #, 14 # and 16 # models are mostly used.","breadcrumb":{"@id":"https:\/\/fiberglasshotstick.com\/product\/removable-grounding-wire-of-ring-main-unit-rmu-cable-branch-box\/#breadcrumb"},"inLanguage":"pt-BR","potentialAction":[{"@type":"ReadAction","target":["https:\/\/fiberglasshotstick.com\/product\/removable-grounding-wire-of-ring-main-unit-rmu-cable-branch-box\/"]}]},{"@type":"BreadcrumbList","@id":"https:\/\/fiberglasshotstick.com\/product\/removable-grounding-wire-of-ring-main-unit-rmu-cable-branch-box\/#breadcrumb","itemListElement":[{"@type":"ListItem","position":1,"name":"Home","item":"https:\/\/fiberglasshotstick.com\/"},{"@type":"ListItem","position":2,"name":"Products","item":"https:\/\/fiberglasshotstick.com\/products\/"},{"@type":"ListItem","position":3,"name":"Removable grounding wire of Ring Main Unit (RMU)\/cable branch box"}]}]}},"_links":{"self":[{"href":"https:\/\/fiberglasshotstick.com\/pt\/wp-json\/wp\/v2\/product\/1826"}],"collection":[{"href":"https:\/\/fiberglasshotstick.com\/pt\/wp-json\/wp\/v2\/product"}],"about":[{"href":"https:\/\/fiberglasshotstick.com\/pt\/wp-json\/wp\/v2\/types\/product"}],"version-history":[{"count":4,"href":"https:\/\/fiberglasshotstick.com\/pt\/wp-json\/wp\/v2\/product\/1826\/revisions"}],"predecessor-version":[{"id":1901,"href":"https:\/\/fiberglasshotstick.com\/pt\/wp-json\/wp\/v2\/product\/1826\/revisions\/1901"}],"wp:featuredmedia":[{"embeddable":true,"href":"https:\/\/fiberglasshotstick.com\/pt\/wp-json\/wp\/v2\/media\/1850"}],"wp:attachment":[{"href":"https:\/\/fiberglasshotstick.com\/pt\/wp-json\/wp\/v2\/media?parent=1826"}],"wp:term":[{"taxonomy":"product_cat","embeddable":true,"href":"https:\/\/fiberglasshotstick.com\/pt\/wp-json\/wp\/v2\/product_cat?post=1826"},{"taxonomy":"product_tag","embeddable":true,"href":"https:\/\/fiberglasshotstick.com\/pt\/wp-json\/wp\/v2\/product_tag?post=1826"}],"curies":[{"name":"wp","href":"https:\/\/api.w.org\/{rel}","templated":true}]}}