{"id":1734,"date":"2023-01-10T10:53:11","date_gmt":"2023-01-10T02:53:11","guid":{"rendered":"https:\/\/fiberglasshotstick.com\/?post_type=product&#038;p=1734"},"modified":"2023-01-10T10:58:12","modified_gmt":"2023-01-10T02:58:12","slug":"special-track-grounding-wire-for-electrified-high-speed-railway-and-subway","status":"publish","type":"product","link":"https:\/\/fiberglasshotstick.com\/pt\/produto\/special-track-grounding-wire-for-electrified-high-speed-railway-and-subway\/","title":{"rendered":"Fio de aterramento especial para ferrovia e metr\u00f4 eletrificados de alta velocidade"},"content":{"rendered":"","protected":false},"excerpt":{"rendered":"<p>O papel do fio de aterramento do trilho do condutor \u00e9 impedir que o equipamento e as linhas entrem repentinamente, elimine a tens\u00e3o induzida e descarregue a carga residual como um dispositivo de aterramento tempor\u00e1rio. A corrente de vazamento no equipamento el\u00e9trico (a corrente que amea\u00e7ar\u00e1 a seguran\u00e7a pessoal do operador) \u00e9 descarregada no solo.<\/p>","protected":false},"featured_media":1764,"template":"","meta":{"_kad_post_transparent":"default","_kad_post_title":"","_kad_post_layout":"default","_kad_post_sidebar_id":"","_kad_post_content_style":"default","_kad_post_vertical_padding":"default","_kad_post_feature":"","_kad_post_feature_position":"","_kad_post_header":false,"_kad_post_footer":false},"product_cat":[495],"product_tag":[526,501,500,498,517,499,515,507,514,504,505,497,511,520,502,524,508,512,519,523,522,521,527,516,518,509,510,506,525,503,496,513],"yoast_head":"<!-- This site is optimized with the Yoast SEO Premium plugin v18.3 (Yoast SEO v18.5) - https:\/\/yoast.com\/wordpress\/plugins\/seo\/ -->\n<title>Special track grounding wire for electrified high-speed railway and subway - hotstick<\/title>\n<meta name=\"description\" content=\"The contact rail grounding wire is a kind of portable short circuit grounding wire, which is used for subway and railway track. It is composed of insulated operating rod, wiring clamp, wiring terminal and grounding flexible copper wire.\" \/>\n<meta name=\"robots\" content=\"index, follow, max-snippet:-1, max-image-preview:large, max-video-preview:-1\" \/>\n<link rel=\"canonical\" href=\"https:\/\/fiberglasshotstick.com\/pt\/produto\/special-track-grounding-wire-for-electrified-high-speed-railway-and-subway\/\" \/>\n<meta property=\"og:locale\" content=\"pt_BR\" \/>\n<meta property=\"og:type\" content=\"article\" \/>\n<meta property=\"og:title\" content=\"Special track grounding wire for electrified high-speed railway and subway\" \/>\n<meta property=\"og:description\" content=\"The contact rail grounding wire is a kind of portable short circuit grounding wire, which is used for subway and railway track. It is composed of insulated operating rod, wiring clamp, wiring terminal and grounding flexible copper wire.\" \/>\n<meta property=\"og:url\" content=\"https:\/\/fiberglasshotstick.com\/pt\/produto\/special-track-grounding-wire-for-electrified-high-speed-railway-and-subway\/\" \/>\n<meta property=\"og:site_name\" content=\"hotstick\" \/>\n<meta property=\"article:modified_time\" content=\"2023-01-10T02:58:12+00:00\" \/>\n<meta property=\"og:image\" content=\"https:\/\/fiberglasshotstick.com\/wp-content\/uploads\/2023\/01\/27.5kV-catenary-grounding-wire.jpg\" \/>\n\t<meta property=\"og:image:width\" content=\"800\" \/>\n\t<meta property=\"og:image:height\" content=\"800\" \/>\n\t<meta property=\"og:image:type\" content=\"image\/jpeg\" \/>\n<meta name=\"twitter:card\" content=\"summary_large_image\" \/>\n<script type=\"application\/ld+json\" class=\"yoast-schema-graph\">{\"@context\":\"https:\/\/schema.org\",\"@graph\":[{\"@type\":\"WebSite\",\"@id\":\"https:\/\/fiberglasshotstick.com\/#website\",\"url\":\"https:\/\/fiberglasshotstick.com\/\",\"name\":\"hotstick\",\"description\":\"\u53c8\u4e00\u4e2aWordPress\u7ad9\u70b9\",\"potentialAction\":[{\"@type\":\"SearchAction\",\"target\":{\"@type\":\"EntryPoint\",\"urlTemplate\":\"https:\/\/fiberglasshotstick.com\/?s={search_term_string}\"},\"query-input\":\"required name=search_term_string\"}],\"inLanguage\":\"pt-BR\"},{\"@type\":\"ImageObject\",\"@id\":\"https:\/\/fiberglasshotstick.com\/product\/special-track-grounding-wire-for-electrified-high-speed-railway-and-subway\/#primaryimage\",\"inLanguage\":\"pt-BR\",\"url\":\"https:\/\/fiberglasshotstick.com\/wp-content\/uploads\/2023\/01\/27.5kV-catenary-grounding-wire.jpg\",\"contentUrl\":\"https:\/\/fiberglasshotstick.com\/wp-content\/uploads\/2023\/01\/27.5kV-catenary-grounding-wire.jpg\",\"width\":800,\"height\":800},{\"@type\":\"WebPage\",\"@id\":\"https:\/\/fiberglasshotstick.com\/product\/special-track-grounding-wire-for-electrified-high-speed-railway-and-subway\/#webpage\",\"url\":\"https:\/\/fiberglasshotstick.com\/product\/special-track-grounding-wire-for-electrified-high-speed-railway-and-subway\/\",\"name\":\"Special track grounding wire for electrified high-speed railway and subway - hotstick\",\"isPartOf\":{\"@id\":\"https:\/\/fiberglasshotstick.com\/#website\"},\"primaryImageOfPage\":{\"@id\":\"https:\/\/fiberglasshotstick.com\/product\/special-track-grounding-wire-for-electrified-high-speed-railway-and-subway\/#primaryimage\"},\"datePublished\":\"2023-01-10T02:53:11+00:00\",\"dateModified\":\"2023-01-10T02:58:12+00:00\",\"description\":\"The contact rail grounding wire is a kind of portable short circuit grounding wire, which is used for subway and railway track. It is composed of insulated operating rod, wiring clamp, wiring terminal and grounding flexible copper wire.\",\"breadcrumb\":{\"@id\":\"https:\/\/fiberglasshotstick.com\/product\/special-track-grounding-wire-for-electrified-high-speed-railway-and-subway\/#breadcrumb\"},\"inLanguage\":\"pt-BR\",\"potentialAction\":[{\"@type\":\"ReadAction\",\"target\":[\"https:\/\/fiberglasshotstick.com\/product\/special-track-grounding-wire-for-electrified-high-speed-railway-and-subway\/\"]}]},{\"@type\":\"BreadcrumbList\",\"@id\":\"https:\/\/fiberglasshotstick.com\/product\/special-track-grounding-wire-for-electrified-high-speed-railway-and-subway\/#breadcrumb\",\"itemListElement\":[{\"@type\":\"ListItem\",\"position\":1,\"name\":\"Home\",\"item\":\"https:\/\/fiberglasshotstick.com\/\"},{\"@type\":\"ListItem\",\"position\":2,\"name\":\"Products\",\"item\":\"https:\/\/fiberglasshotstick.com\/products\/\"},{\"@type\":\"ListItem\",\"position\":3,\"name\":\"Special track grounding wire for electrified high-speed railway and subway\"}]}]}<\/script>\n<!-- \/ Yoast SEO Premium plugin. -->","yoast_head_json":{"title":"Special track grounding wire for electrified high-speed railway and subway - hotstick","description":"The contact rail grounding wire is a kind of portable short circuit grounding wire, which is used for subway and railway track. It is composed of insulated operating rod, wiring clamp, wiring terminal and grounding flexible copper wire.","robots":{"index":"index","follow":"follow","max-snippet":"max-snippet:-1","max-image-preview":"max-image-preview:large","max-video-preview":"max-video-preview:-1"},"canonical":"https:\/\/fiberglasshotstick.com\/pt\/produto\/special-track-grounding-wire-for-electrified-high-speed-railway-and-subway\/","og_locale":"pt_BR","og_type":"article","og_title":"Special track grounding wire for electrified high-speed railway and subway","og_description":"The contact rail grounding wire is a kind of portable short circuit grounding wire, which is used for subway and railway track. It is composed of insulated operating rod, wiring clamp, wiring terminal and grounding flexible copper wire.","og_url":"https:\/\/fiberglasshotstick.com\/pt\/produto\/special-track-grounding-wire-for-electrified-high-speed-railway-and-subway\/","og_site_name":"hotstick","article_modified_time":"2023-01-10T02:58:12+00:00","og_image":[{"width":800,"height":800,"url":"https:\/\/fiberglasshotstick.com\/wp-content\/uploads\/2023\/01\/27.5kV-catenary-grounding-wire.jpg","type":"image\/jpeg"}],"twitter_card":"summary_large_image","schema":{"@context":"https:\/\/schema.org","@graph":[{"@type":"WebSite","@id":"https:\/\/fiberglasshotstick.com\/#website","url":"https:\/\/fiberglasshotstick.com\/","name":"hotstick","description":"\u53c8\u4e00\u4e2aWordPress\u7ad9\u70b9","potentialAction":[{"@type":"SearchAction","target":{"@type":"EntryPoint","urlTemplate":"https:\/\/fiberglasshotstick.com\/?s={search_term_string}"},"query-input":"required name=search_term_string"}],"inLanguage":"pt-BR"},{"@type":"ImageObject","@id":"https:\/\/fiberglasshotstick.com\/product\/special-track-grounding-wire-for-electrified-high-speed-railway-and-subway\/#primaryimage","inLanguage":"pt-BR","url":"https:\/\/fiberglasshotstick.com\/wp-content\/uploads\/2023\/01\/27.5kV-catenary-grounding-wire.jpg","contentUrl":"https:\/\/fiberglasshotstick.com\/wp-content\/uploads\/2023\/01\/27.5kV-catenary-grounding-wire.jpg","width":800,"height":800},{"@type":"WebPage","@id":"https:\/\/fiberglasshotstick.com\/product\/special-track-grounding-wire-for-electrified-high-speed-railway-and-subway\/#webpage","url":"https:\/\/fiberglasshotstick.com\/product\/special-track-grounding-wire-for-electrified-high-speed-railway-and-subway\/","name":"Special track grounding wire for electrified high-speed railway and subway - hotstick","isPartOf":{"@id":"https:\/\/fiberglasshotstick.com\/#website"},"primaryImageOfPage":{"@id":"https:\/\/fiberglasshotstick.com\/product\/special-track-grounding-wire-for-electrified-high-speed-railway-and-subway\/#primaryimage"},"datePublished":"2023-01-10T02:53:11+00:00","dateModified":"2023-01-10T02:58:12+00:00","description":"The contact rail grounding wire is a kind of portable short circuit grounding wire, which is used for subway and railway track. It is composed of insulated operating rod, wiring clamp, wiring terminal and grounding flexible copper wire.","breadcrumb":{"@id":"https:\/\/fiberglasshotstick.com\/product\/special-track-grounding-wire-for-electrified-high-speed-railway-and-subway\/#breadcrumb"},"inLanguage":"pt-BR","potentialAction":[{"@type":"ReadAction","target":["https:\/\/fiberglasshotstick.com\/product\/special-track-grounding-wire-for-electrified-high-speed-railway-and-subway\/"]}]},{"@type":"BreadcrumbList","@id":"https:\/\/fiberglasshotstick.com\/product\/special-track-grounding-wire-for-electrified-high-speed-railway-and-subway\/#breadcrumb","itemListElement":[{"@type":"ListItem","position":1,"name":"Home","item":"https:\/\/fiberglasshotstick.com\/"},{"@type":"ListItem","position":2,"name":"Products","item":"https:\/\/fiberglasshotstick.com\/products\/"},{"@type":"ListItem","position":3,"name":"Special track grounding wire for electrified high-speed railway and subway"}]}]}},"_links":{"self":[{"href":"https:\/\/fiberglasshotstick.com\/pt\/wp-json\/wp\/v2\/product\/1734"}],"collection":[{"href":"https:\/\/fiberglasshotstick.com\/pt\/wp-json\/wp\/v2\/product"}],"about":[{"href":"https:\/\/fiberglasshotstick.com\/pt\/wp-json\/wp\/v2\/types\/product"}],"version-history":[{"count":1,"href":"https:\/\/fiberglasshotstick.com\/pt\/wp-json\/wp\/v2\/product\/1734\/revisions"}],"predecessor-version":[{"id":1824,"href":"https:\/\/fiberglasshotstick.com\/pt\/wp-json\/wp\/v2\/product\/1734\/revisions\/1824"}],"wp:featuredmedia":[{"embeddable":true,"href":"https:\/\/fiberglasshotstick.com\/pt\/wp-json\/wp\/v2\/media\/1764"}],"wp:attachment":[{"href":"https:\/\/fiberglasshotstick.com\/pt\/wp-json\/wp\/v2\/media?parent=1734"}],"wp:term":[{"taxonomy":"product_cat","embeddable":true,"href":"https:\/\/fiberglasshotstick.com\/pt\/wp-json\/wp\/v2\/product_cat?post=1734"},{"taxonomy":"product_tag","embeddable":true,"href":"https:\/\/fiberglasshotstick.com\/pt\/wp-json\/wp\/v2\/product_tag?post=1734"}],"curies":[{"name":"wp","href":"https:\/\/api.w.org\/{rel}","templated":true}]}}