{"id":1432,"date":"2022-12-06T16:54:18","date_gmt":"2022-12-06T08:54:18","guid":{"rendered":"https:\/\/fiberglasshotstick.com\/?post_type=product&#038;p=1432"},"modified":"2022-12-06T17:00:06","modified_gmt":"2022-12-06T09:00:06","slug":"portable-personal-security-grounding-wire-earthing-equipment","status":"publish","type":"product","link":"https:\/\/fiberglasshotstick.com\/pt\/produto\/portable-personal-security-grounding-wire-earthing-equipment\/","title":{"rendered":"Equipamento de atiramento port\u00e1til port\u00e1til de seguran\u00e7a pessoal"},"content":{"rendered":"<p>Equipamento de atiramento port\u00e1til port\u00e1til de seguran\u00e7a pessoal<\/p>\n<p><img loading=\"lazy\" class=\"alignnone wp-image-1439\" src=\"https:\/\/fiberglasshotstick.com\/wp-content\/uploads\/2022\/12\/Personal-security-grounding-pliers-and-clamp-300x300.jpg\" alt=\"\" width=\"652\" height=\"652\" srcset=\"https:\/\/fiberglasshotstick.com\/wp-content\/uploads\/2022\/12\/Personal-security-grounding-pliers-and-clamp-300x300.jpg 300w, https:\/\/fiberglasshotstick.com\/wp-content\/uploads\/2022\/12\/Personal-security-grounding-pliers-and-clamp-150x150.jpg 150w, https:\/\/fiberglasshotstick.com\/wp-content\/uploads\/2022\/12\/Personal-security-grounding-pliers-and-clamp-768x768.jpg 768w, https:\/\/fiberglasshotstick.com\/wp-content\/uploads\/2022\/12\/Personal-security-grounding-pliers-and-clamp-12x12.jpg 12w, https:\/\/fiberglasshotstick.com\/wp-content\/uploads\/2022\/12\/Personal-security-grounding-pliers-and-clamp-600x600.jpg 600w, https:\/\/fiberglasshotstick.com\/wp-content\/uploads\/2022\/12\/Personal-security-grounding-pliers-and-clamp-100x100.jpg 100w, https:\/\/fiberglasshotstick.com\/wp-content\/uploads\/2022\/12\/Personal-security-grounding-pliers-and-clamp.jpg 800w\" sizes=\"(max-width: 652px) 100vw, 652px\" \/><\/p>","protected":false},"excerpt":{"rendered":"<p>O fio de aterramento de seguran\u00e7a pessoal pode ser dividido em fio de seguran\u00e7a pessoal de baixa tens\u00e3o e fio de seguran\u00e7a pessoal de alta tens\u00e3o de acordo com o grau de tens\u00e3o<br \/>\nO fio de aterramento de baixa tens\u00e3o, tamb\u00e9m conhecido como fio de aterramento de curto-circuito de baixa tens\u00e3o, fio de seguran\u00e7a pessoal de baixa tens\u00e3o e fio de seguran\u00e7a pessoal do tipo grampo, \u00e9 usado principalmente para a prote\u00e7\u00e3o secund\u00e1ria de linhas de baixa tens\u00e3o e linhas mais altas que a linha e Equipamento el\u00e9trico durante a manuten\u00e7\u00e3o da interrup\u00e7\u00e3o, para impedir a les\u00e3o de tens\u00e3o induzida na linha de manuten\u00e7\u00e3o, fornecendo uma garantia confi\u00e1vel para os inspetores de seguran\u00e7a.<br \/>\nO fio de aterramento de baixa tens\u00e3o \u00e9 feito de superf\u00edcie de cobre quente de alta qualidade (ou alum\u00ednio cozido), polido e pressionado. Geralmente \u00e9 usado para fazer tr\u00eas filiais e quatro linhas de seguran\u00e7a pessoais de ramifica\u00e7\u00e3o. As pin\u00e7as de seguran\u00e7a pessoal s\u00e3o requintadas em tecnologia e estrutura e s\u00e3o adequadas para seguran\u00e7a pessoal no canteiro de obras.<\/p>","protected":false},"featured_media":1445,"template":"","meta":{"_kad_post_transparent":"default","_kad_post_title":"","_kad_post_layout":"default","_kad_post_sidebar_id":"","_kad_post_content_style":"default","_kad_post_vertical_padding":"default","_kad_post_feature":"","_kad_post_feature_position":"","_kad_post_header":false,"_kad_post_footer":false},"product_cat":[354],"product_tag":[359,373,358,374,356,370,369,375,366,377,367,376,363,365,360,372,368,355,362,361,371,364,357],"yoast_head":"<!-- This site is optimized with the Yoast SEO Premium plugin v18.3 (Yoast SEO v18.5) - https:\/\/yoast.com\/wordpress\/plugins\/seo\/ -->\n<title>Portable Personal Security Grounding wire Earthing Equipment - hotstick<\/title>\n<meta name=\"description\" content=\"The personal security grounding wire is mainly used at the electrical operation site to avoid the harm of various induced voltages to operators. Type: Security wire can be divided into 3 phase type, 4 phase type and 5 phase type according to the number of phases used, and can be divided into short circuit type and short circuit grounding type according to the short circuit grounding type.\" \/>\n<meta name=\"robots\" content=\"index, follow, max-snippet:-1, max-image-preview:large, max-video-preview:-1\" \/>\n<link rel=\"canonical\" href=\"https:\/\/fiberglasshotstick.com\/pt\/produto\/portable-personal-security-grounding-wire-earthing-equipment\/\" \/>\n<meta property=\"og:locale\" content=\"pt_BR\" \/>\n<meta property=\"og:type\" content=\"article\" \/>\n<meta property=\"og:title\" content=\"Portable Personal Security Grounding wire Earthing Equipment\" \/>\n<meta property=\"og:description\" content=\"The personal security grounding wire is mainly used at the electrical operation site to avoid the harm of various induced voltages to operators. Type: Security wire can be divided into 3 phase type, 4 phase type and 5 phase type according to the number of phases used, and can be divided into short circuit type and short circuit grounding type according to the short circuit grounding type.\" \/>\n<meta property=\"og:url\" content=\"https:\/\/fiberglasshotstick.com\/pt\/produto\/portable-personal-security-grounding-wire-earthing-equipment\/\" \/>\n<meta property=\"og:site_name\" content=\"hotstick\" \/>\n<meta property=\"article:modified_time\" content=\"2022-12-06T09:00:06+00:00\" \/>\n<meta property=\"og:image\" content=\"https:\/\/fiberglasshotstick.com\/wp-content\/uploads\/2022\/12\/Portable-Earthing-Equipment-Earth-Wire-Safety-Ground-Personal-Security-Line-Grounding-Line.jpg\" \/>\n\t<meta property=\"og:image:width\" content=\"800\" \/>\n\t<meta property=\"og:image:height\" content=\"800\" \/>\n\t<meta property=\"og:image:type\" content=\"image\/jpeg\" \/>\n<meta name=\"twitter:card\" content=\"summary_large_image\" \/>\n<meta name=\"twitter:label1\" content=\"Est. tempo de leitura\" \/>\n\t<meta name=\"twitter:data1\" content=\"1 minuto\" \/>\n<script type=\"application\/ld+json\" class=\"yoast-schema-graph\">{\"@context\":\"https:\/\/schema.org\",\"@graph\":[{\"@type\":\"WebSite\",\"@id\":\"https:\/\/fiberglasshotstick.com\/#website\",\"url\":\"https:\/\/fiberglasshotstick.com\/\",\"name\":\"hotstick\",\"description\":\"\u53c8\u4e00\u4e2aWordPress\u7ad9\u70b9\",\"potentialAction\":[{\"@type\":\"SearchAction\",\"target\":{\"@type\":\"EntryPoint\",\"urlTemplate\":\"https:\/\/fiberglasshotstick.com\/?s={search_term_string}\"},\"query-input\":\"required name=search_term_string\"}],\"inLanguage\":\"pt-BR\"},{\"@type\":\"ImageObject\",\"@id\":\"https:\/\/fiberglasshotstick.com\/product\/portable-personal-security-grounding-wire-earthing-equipment\/#primaryimage\",\"inLanguage\":\"pt-BR\",\"url\":\"https:\/\/fiberglasshotstick.com\/wp-content\/uploads\/2022\/12\/Portable-Earthing-Equipment-Earth-Wire-Safety-Ground-Personal-Security-Line-Grounding-Line.jpg\",\"contentUrl\":\"https:\/\/fiberglasshotstick.com\/wp-content\/uploads\/2022\/12\/Portable-Earthing-Equipment-Earth-Wire-Safety-Ground-Personal-Security-Line-Grounding-Line.jpg\",\"width\":800,\"height\":800},{\"@type\":\"WebPage\",\"@id\":\"https:\/\/fiberglasshotstick.com\/product\/portable-personal-security-grounding-wire-earthing-equipment\/#webpage\",\"url\":\"https:\/\/fiberglasshotstick.com\/product\/portable-personal-security-grounding-wire-earthing-equipment\/\",\"name\":\"Portable Personal Security Grounding wire Earthing Equipment - hotstick\",\"isPartOf\":{\"@id\":\"https:\/\/fiberglasshotstick.com\/#website\"},\"primaryImageOfPage\":{\"@id\":\"https:\/\/fiberglasshotstick.com\/product\/portable-personal-security-grounding-wire-earthing-equipment\/#primaryimage\"},\"datePublished\":\"2022-12-06T08:54:18+00:00\",\"dateModified\":\"2022-12-06T09:00:06+00:00\",\"description\":\"The personal security grounding wire is mainly used at the electrical operation site to avoid the harm of various induced voltages to operators. Type: Security wire can be divided into 3 phase type, 4 phase type and 5 phase type according to the number of phases used, and can be divided into short circuit type and short circuit grounding type according to the short circuit grounding type.\",\"breadcrumb\":{\"@id\":\"https:\/\/fiberglasshotstick.com\/product\/portable-personal-security-grounding-wire-earthing-equipment\/#breadcrumb\"},\"inLanguage\":\"pt-BR\",\"potentialAction\":[{\"@type\":\"ReadAction\",\"target\":[\"https:\/\/fiberglasshotstick.com\/product\/portable-personal-security-grounding-wire-earthing-equipment\/\"]}]},{\"@type\":\"BreadcrumbList\",\"@id\":\"https:\/\/fiberglasshotstick.com\/product\/portable-personal-security-grounding-wire-earthing-equipment\/#breadcrumb\",\"itemListElement\":[{\"@type\":\"ListItem\",\"position\":1,\"name\":\"Home\",\"item\":\"https:\/\/fiberglasshotstick.com\/\"},{\"@type\":\"ListItem\",\"position\":2,\"name\":\"Products\",\"item\":\"https:\/\/fiberglasshotstick.com\/products\/\"},{\"@type\":\"ListItem\",\"position\":3,\"name\":\"Portable Personal Security Grounding wire Earthing Equipment\"}]}]}<\/script>\n<!-- \/ Yoast SEO Premium plugin. -->","yoast_head_json":{"title":"Portable Personal Security Grounding wire Earthing Equipment - hotstick","description":"The personal security grounding wire is mainly used at the electrical operation site to avoid the harm of various induced voltages to operators. Type: Security wire can be divided into 3 phase type, 4 phase type and 5 phase type according to the number of phases used, and can be divided into short circuit type and short circuit grounding type according to the short circuit grounding type.","robots":{"index":"index","follow":"follow","max-snippet":"max-snippet:-1","max-image-preview":"max-image-preview:large","max-video-preview":"max-video-preview:-1"},"canonical":"https:\/\/fiberglasshotstick.com\/pt\/produto\/portable-personal-security-grounding-wire-earthing-equipment\/","og_locale":"pt_BR","og_type":"article","og_title":"Portable Personal Security Grounding wire Earthing Equipment","og_description":"The personal security grounding wire is mainly used at the electrical operation site to avoid the harm of various induced voltages to operators. Type: Security wire can be divided into 3 phase type, 4 phase type and 5 phase type according to the number of phases used, and can be divided into short circuit type and short circuit grounding type according to the short circuit grounding type.","og_url":"https:\/\/fiberglasshotstick.com\/pt\/produto\/portable-personal-security-grounding-wire-earthing-equipment\/","og_site_name":"hotstick","article_modified_time":"2022-12-06T09:00:06+00:00","og_image":[{"width":800,"height":800,"url":"https:\/\/fiberglasshotstick.com\/wp-content\/uploads\/2022\/12\/Portable-Earthing-Equipment-Earth-Wire-Safety-Ground-Personal-Security-Line-Grounding-Line.jpg","type":"image\/jpeg"}],"twitter_card":"summary_large_image","twitter_misc":{"Est. tempo de leitura":"1 minuto"},"schema":{"@context":"https:\/\/schema.org","@graph":[{"@type":"WebSite","@id":"https:\/\/fiberglasshotstick.com\/#website","url":"https:\/\/fiberglasshotstick.com\/","name":"hotstick","description":"\u53c8\u4e00\u4e2aWordPress\u7ad9\u70b9","potentialAction":[{"@type":"SearchAction","target":{"@type":"EntryPoint","urlTemplate":"https:\/\/fiberglasshotstick.com\/?s={search_term_string}"},"query-input":"required name=search_term_string"}],"inLanguage":"pt-BR"},{"@type":"ImageObject","@id":"https:\/\/fiberglasshotstick.com\/product\/portable-personal-security-grounding-wire-earthing-equipment\/#primaryimage","inLanguage":"pt-BR","url":"https:\/\/fiberglasshotstick.com\/wp-content\/uploads\/2022\/12\/Portable-Earthing-Equipment-Earth-Wire-Safety-Ground-Personal-Security-Line-Grounding-Line.jpg","contentUrl":"https:\/\/fiberglasshotstick.com\/wp-content\/uploads\/2022\/12\/Portable-Earthing-Equipment-Earth-Wire-Safety-Ground-Personal-Security-Line-Grounding-Line.jpg","width":800,"height":800},{"@type":"WebPage","@id":"https:\/\/fiberglasshotstick.com\/product\/portable-personal-security-grounding-wire-earthing-equipment\/#webpage","url":"https:\/\/fiberglasshotstick.com\/product\/portable-personal-security-grounding-wire-earthing-equipment\/","name":"Portable Personal Security Grounding wire Earthing Equipment - hotstick","isPartOf":{"@id":"https:\/\/fiberglasshotstick.com\/#website"},"primaryImageOfPage":{"@id":"https:\/\/fiberglasshotstick.com\/product\/portable-personal-security-grounding-wire-earthing-equipment\/#primaryimage"},"datePublished":"2022-12-06T08:54:18+00:00","dateModified":"2022-12-06T09:00:06+00:00","description":"The personal security grounding wire is mainly used at the electrical operation site to avoid the harm of various induced voltages to operators. Type: Security wire can be divided into 3 phase type, 4 phase type and 5 phase type according to the number of phases used, and can be divided into short circuit type and short circuit grounding type according to the short circuit grounding type.","breadcrumb":{"@id":"https:\/\/fiberglasshotstick.com\/product\/portable-personal-security-grounding-wire-earthing-equipment\/#breadcrumb"},"inLanguage":"pt-BR","potentialAction":[{"@type":"ReadAction","target":["https:\/\/fiberglasshotstick.com\/product\/portable-personal-security-grounding-wire-earthing-equipment\/"]}]},{"@type":"BreadcrumbList","@id":"https:\/\/fiberglasshotstick.com\/product\/portable-personal-security-grounding-wire-earthing-equipment\/#breadcrumb","itemListElement":[{"@type":"ListItem","position":1,"name":"Home","item":"https:\/\/fiberglasshotstick.com\/"},{"@type":"ListItem","position":2,"name":"Products","item":"https:\/\/fiberglasshotstick.com\/products\/"},{"@type":"ListItem","position":3,"name":"Portable Personal Security Grounding wire Earthing Equipment"}]}]}},"_links":{"self":[{"href":"https:\/\/fiberglasshotstick.com\/pt\/wp-json\/wp\/v2\/product\/1432"}],"collection":[{"href":"https:\/\/fiberglasshotstick.com\/pt\/wp-json\/wp\/v2\/product"}],"about":[{"href":"https:\/\/fiberglasshotstick.com\/pt\/wp-json\/wp\/v2\/types\/product"}],"version-history":[{"count":3,"href":"https:\/\/fiberglasshotstick.com\/pt\/wp-json\/wp\/v2\/product\/1432\/revisions"}],"predecessor-version":[{"id":1509,"href":"https:\/\/fiberglasshotstick.com\/pt\/wp-json\/wp\/v2\/product\/1432\/revisions\/1509"}],"wp:featuredmedia":[{"embeddable":true,"href":"https:\/\/fiberglasshotstick.com\/pt\/wp-json\/wp\/v2\/media\/1445"}],"wp:attachment":[{"href":"https:\/\/fiberglasshotstick.com\/pt\/wp-json\/wp\/v2\/media?parent=1432"}],"wp:term":[{"taxonomy":"product_cat","embeddable":true,"href":"https:\/\/fiberglasshotstick.com\/pt\/wp-json\/wp\/v2\/product_cat?post=1432"},{"taxonomy":"product_tag","embeddable":true,"href":"https:\/\/fiberglasshotstick.com\/pt\/wp-json\/wp\/v2\/product_tag?post=1432"}],"curies":[{"name":"wp","href":"https:\/\/api.w.org\/{rel}","templated":true}]}}