{"id":1399,"date":"2022-11-30T15:58:05","date_gmt":"2022-11-30T07:58:05","guid":{"rendered":"https:\/\/fiberglasshotstick.com\/?post_type=product&#038;p=1399"},"modified":"2022-11-30T16:01:17","modified_gmt":"2022-11-30T08:01:17","slug":"rain-proof-fiberglass-electrical-screw-type-operating-rods-hot-stick","status":"publish","type":"product","link":"https:\/\/fiberglasshotstick.com\/pt\/produto\/rain-proof-fiberglass-electrical-screw-type-operating-rods-hot-stick\/","title":{"rendered":"Rain-Proof Fiberglass Electrical screw type Operating Rods \/hot stick"},"content":{"rendered":"","protected":false},"excerpt":{"rendered":"<p>A alavanca isolante \u00e9 uma ferramenta isolante usada para operar equipamentos vivos por um curto per\u00edodo de tempo, como ligar ou desativar o interruptor de isolamento de alta tens\u00e3o, fus\u00edvel em queda etc. Este produto \u00e9 feito de tubo de resina ep\u00f3xi de alta qualidade com excelente desempenho de isolamento e resist\u00eancia mec\u00e2nica, Tratamento leve e \u00e0 prova de umidade. Possui as caracter\u00edsticas de peso leve, alta resist\u00eancia mec\u00e2nica e f\u00e1cil de transportar, etc. A parte do aperto de m\u00e3o adota bainha de borracha de silicone e uni\u00e3o da saia guarda -chuva de borracha de silicone, isolamento, articula\u00e7\u00e3o de metal final segura e confi\u00e1vel adota a estrutura incorporada mais firme, segura e confi\u00e1vel<\/p>\n<p>Produtos em conformidade com o padr\u00e3o IEC60855<\/p>","protected":false},"featured_media":1412,"template":"","meta":{"_kad_post_transparent":"default","_kad_post_title":"","_kad_post_layout":"default","_kad_post_sidebar_id":"","_kad_post_content_style":"default","_kad_post_vertical_padding":"default","_kad_post_feature":"","_kad_post_feature_position":"","_kad_post_header":false,"_kad_post_footer":false},"product_cat":[331],"product_tag":[347,84,345,348,334,350,332,339,337,344,342,351,171,336,338,349,353,343,352,346,333,340,341,335],"yoast_head":"<!-- This site is optimized with the Yoast SEO Premium plugin v18.3 (Yoast SEO v18.5) - https:\/\/yoast.com\/wordpress\/plugins\/seo\/ -->\n<title>Rain-Proof Fiberglass Electrical screw type Operating Rods \/hot stick - hotstick<\/title>\n<meta name=\"description\" content=\"Insulated operating pole is a unified term for the composition of insulating tools used in power system. It can be used for live operation, live maintenance and live maintenance.\" \/>\n<meta name=\"robots\" content=\"index, follow, max-snippet:-1, max-image-preview:large, max-video-preview:-1\" \/>\n<link rel=\"canonical\" href=\"https:\/\/fiberglasshotstick.com\/pt\/produto\/rain-proof-fiberglass-electrical-screw-type-operating-rods-hot-stick\/\" \/>\n<meta property=\"og:locale\" content=\"pt_BR\" \/>\n<meta property=\"og:type\" content=\"article\" \/>\n<meta property=\"og:title\" content=\"Rain-Proof Fiberglass Electrical screw type Operating Rods \/hot stick\" \/>\n<meta property=\"og:description\" content=\"Insulated operating pole is a unified term for the composition of insulating tools used in power system. It can be used for live operation, live maintenance and live maintenance.\" \/>\n<meta property=\"og:url\" content=\"https:\/\/fiberglasshotstick.com\/pt\/produto\/rain-proof-fiberglass-electrical-screw-type-operating-rods-hot-stick\/\" \/>\n<meta property=\"og:site_name\" content=\"hotstick\" \/>\n<meta property=\"article:modified_time\" content=\"2022-11-30T08:01:17+00:00\" \/>\n<meta property=\"og:image\" content=\"https:\/\/fiberglasshotstick.com\/wp-content\/uploads\/2022\/11\/3GDF5YRD0RUJYKY_MN-\u526f\u672c1.jpg\" \/>\n\t<meta property=\"og:image:width\" content=\"789\" \/>\n\t<meta property=\"og:image:height\" content=\"775\" \/>\n\t<meta property=\"og:image:type\" content=\"image\/jpeg\" \/>\n<meta name=\"twitter:card\" content=\"summary_large_image\" \/>\n<script type=\"application\/ld+json\" class=\"yoast-schema-graph\">{\"@context\":\"https:\/\/schema.org\",\"@graph\":[{\"@type\":\"WebSite\",\"@id\":\"https:\/\/fiberglasshotstick.com\/#website\",\"url\":\"https:\/\/fiberglasshotstick.com\/\",\"name\":\"hotstick\",\"description\":\"\u53c8\u4e00\u4e2aWordPress\u7ad9\u70b9\",\"potentialAction\":[{\"@type\":\"SearchAction\",\"target\":{\"@type\":\"EntryPoint\",\"urlTemplate\":\"https:\/\/fiberglasshotstick.com\/?s={search_term_string}\"},\"query-input\":\"required name=search_term_string\"}],\"inLanguage\":\"pt-BR\"},{\"@type\":\"ImageObject\",\"@id\":\"https:\/\/fiberglasshotstick.com\/product\/rain-proof-fiberglass-electrical-screw-type-operating-rods-hot-stick\/#primaryimage\",\"inLanguage\":\"pt-BR\",\"url\":\"https:\/\/fiberglasshotstick.com\/wp-content\/uploads\/2022\/11\/3GDF5YRD0RUJYKY_MN-\u526f\u672c1.jpg\",\"contentUrl\":\"https:\/\/fiberglasshotstick.com\/wp-content\/uploads\/2022\/11\/3GDF5YRD0RUJYKY_MN-\u526f\u672c1.jpg\",\"width\":789,\"height\":775,\"caption\":\"Rain-Proof Fiberglass Electrical screw type Operating Rods \/hot stick\"},{\"@type\":\"WebPage\",\"@id\":\"https:\/\/fiberglasshotstick.com\/product\/rain-proof-fiberglass-electrical-screw-type-operating-rods-hot-stick\/#webpage\",\"url\":\"https:\/\/fiberglasshotstick.com\/product\/rain-proof-fiberglass-electrical-screw-type-operating-rods-hot-stick\/\",\"name\":\"Rain-Proof Fiberglass Electrical screw type Operating Rods \/hot stick - hotstick\",\"isPartOf\":{\"@id\":\"https:\/\/fiberglasshotstick.com\/#website\"},\"primaryImageOfPage\":{\"@id\":\"https:\/\/fiberglasshotstick.com\/product\/rain-proof-fiberglass-electrical-screw-type-operating-rods-hot-stick\/#primaryimage\"},\"datePublished\":\"2022-11-30T07:58:05+00:00\",\"dateModified\":\"2022-11-30T08:01:17+00:00\",\"description\":\"Insulated operating pole is a unified term for the composition of insulating tools used in power system. It can be used for live operation, live maintenance and live maintenance.\",\"breadcrumb\":{\"@id\":\"https:\/\/fiberglasshotstick.com\/product\/rain-proof-fiberglass-electrical-screw-type-operating-rods-hot-stick\/#breadcrumb\"},\"inLanguage\":\"pt-BR\",\"potentialAction\":[{\"@type\":\"ReadAction\",\"target\":[\"https:\/\/fiberglasshotstick.com\/product\/rain-proof-fiberglass-electrical-screw-type-operating-rods-hot-stick\/\"]}]},{\"@type\":\"BreadcrumbList\",\"@id\":\"https:\/\/fiberglasshotstick.com\/product\/rain-proof-fiberglass-electrical-screw-type-operating-rods-hot-stick\/#breadcrumb\",\"itemListElement\":[{\"@type\":\"ListItem\",\"position\":1,\"name\":\"Home\",\"item\":\"https:\/\/fiberglasshotstick.com\/\"},{\"@type\":\"ListItem\",\"position\":2,\"name\":\"Products\",\"item\":\"https:\/\/fiberglasshotstick.com\/products\/\"},{\"@type\":\"ListItem\",\"position\":3,\"name\":\"Rain-Proof Fiberglass Electrical screw type Operating Rods \/hot stick\"}]}]}<\/script>\n<!-- \/ Yoast SEO Premium plugin. -->","yoast_head_json":{"title":"Rain-Proof Fiberglass Electrical screw type Operating Rods \/hot stick - hotstick","description":"Insulated operating pole is a unified term for the composition of insulating tools used in power system. It can be used for live operation, live maintenance and live maintenance.","robots":{"index":"index","follow":"follow","max-snippet":"max-snippet:-1","max-image-preview":"max-image-preview:large","max-video-preview":"max-video-preview:-1"},"canonical":"https:\/\/fiberglasshotstick.com\/pt\/produto\/rain-proof-fiberglass-electrical-screw-type-operating-rods-hot-stick\/","og_locale":"pt_BR","og_type":"article","og_title":"Rain-Proof Fiberglass Electrical screw type Operating Rods \/hot stick","og_description":"Insulated operating pole is a unified term for the composition of insulating tools used in power system. It can be used for live operation, live maintenance and live maintenance.","og_url":"https:\/\/fiberglasshotstick.com\/pt\/produto\/rain-proof-fiberglass-electrical-screw-type-operating-rods-hot-stick\/","og_site_name":"hotstick","article_modified_time":"2022-11-30T08:01:17+00:00","og_image":[{"width":789,"height":775,"url":"https:\/\/fiberglasshotstick.com\/wp-content\/uploads\/2022\/11\/3GDF5YRD0RUJYKY_MN-\u526f\u672c1.jpg","type":"image\/jpeg"}],"twitter_card":"summary_large_image","schema":{"@context":"https:\/\/schema.org","@graph":[{"@type":"WebSite","@id":"https:\/\/fiberglasshotstick.com\/#website","url":"https:\/\/fiberglasshotstick.com\/","name":"hotstick","description":"\u53c8\u4e00\u4e2aWordPress\u7ad9\u70b9","potentialAction":[{"@type":"SearchAction","target":{"@type":"EntryPoint","urlTemplate":"https:\/\/fiberglasshotstick.com\/?s={search_term_string}"},"query-input":"required name=search_term_string"}],"inLanguage":"pt-BR"},{"@type":"ImageObject","@id":"https:\/\/fiberglasshotstick.com\/product\/rain-proof-fiberglass-electrical-screw-type-operating-rods-hot-stick\/#primaryimage","inLanguage":"pt-BR","url":"https:\/\/fiberglasshotstick.com\/wp-content\/uploads\/2022\/11\/3GDF5YRD0RUJYKY_MN-\u526f\u672c1.jpg","contentUrl":"https:\/\/fiberglasshotstick.com\/wp-content\/uploads\/2022\/11\/3GDF5YRD0RUJYKY_MN-\u526f\u672c1.jpg","width":789,"height":775,"caption":"Rain-Proof Fiberglass Electrical screw type Operating Rods \/hot stick"},{"@type":"WebPage","@id":"https:\/\/fiberglasshotstick.com\/product\/rain-proof-fiberglass-electrical-screw-type-operating-rods-hot-stick\/#webpage","url":"https:\/\/fiberglasshotstick.com\/product\/rain-proof-fiberglass-electrical-screw-type-operating-rods-hot-stick\/","name":"Rain-Proof Fiberglass Electrical screw type Operating Rods \/hot stick - hotstick","isPartOf":{"@id":"https:\/\/fiberglasshotstick.com\/#website"},"primaryImageOfPage":{"@id":"https:\/\/fiberglasshotstick.com\/product\/rain-proof-fiberglass-electrical-screw-type-operating-rods-hot-stick\/#primaryimage"},"datePublished":"2022-11-30T07:58:05+00:00","dateModified":"2022-11-30T08:01:17+00:00","description":"Insulated operating pole is a unified term for the composition of insulating tools used in power system. It can be used for live operation, live maintenance and live maintenance.","breadcrumb":{"@id":"https:\/\/fiberglasshotstick.com\/product\/rain-proof-fiberglass-electrical-screw-type-operating-rods-hot-stick\/#breadcrumb"},"inLanguage":"pt-BR","potentialAction":[{"@type":"ReadAction","target":["https:\/\/fiberglasshotstick.com\/product\/rain-proof-fiberglass-electrical-screw-type-operating-rods-hot-stick\/"]}]},{"@type":"BreadcrumbList","@id":"https:\/\/fiberglasshotstick.com\/product\/rain-proof-fiberglass-electrical-screw-type-operating-rods-hot-stick\/#breadcrumb","itemListElement":[{"@type":"ListItem","position":1,"name":"Home","item":"https:\/\/fiberglasshotstick.com\/"},{"@type":"ListItem","position":2,"name":"Products","item":"https:\/\/fiberglasshotstick.com\/products\/"},{"@type":"ListItem","position":3,"name":"Rain-Proof Fiberglass Electrical screw type Operating Rods \/hot stick"}]}]}},"_links":{"self":[{"href":"https:\/\/fiberglasshotstick.com\/pt\/wp-json\/wp\/v2\/product\/1399"}],"collection":[{"href":"https:\/\/fiberglasshotstick.com\/pt\/wp-json\/wp\/v2\/product"}],"about":[{"href":"https:\/\/fiberglasshotstick.com\/pt\/wp-json\/wp\/v2\/types\/product"}],"version-history":[{"count":1,"href":"https:\/\/fiberglasshotstick.com\/pt\/wp-json\/wp\/v2\/product\/1399\/revisions"}],"predecessor-version":[{"id":1428,"href":"https:\/\/fiberglasshotstick.com\/pt\/wp-json\/wp\/v2\/product\/1399\/revisions\/1428"}],"wp:featuredmedia":[{"embeddable":true,"href":"https:\/\/fiberglasshotstick.com\/pt\/wp-json\/wp\/v2\/media\/1412"}],"wp:attachment":[{"href":"https:\/\/fiberglasshotstick.com\/pt\/wp-json\/wp\/v2\/media?parent=1399"}],"wp:term":[{"taxonomy":"product_cat","embeddable":true,"href":"https:\/\/fiberglasshotstick.com\/pt\/wp-json\/wp\/v2\/product_cat?post=1399"},{"taxonomy":"product_tag","embeddable":true,"href":"https:\/\/fiberglasshotstick.com\/pt\/wp-json\/wp\/v2\/product_tag?post=1399"}],"curies":[{"name":"wp","href":"https:\/\/api.w.org\/{rel}","templated":true}]}}