{"id":1241,"date":"2022-11-22T09:54:18","date_gmt":"2022-11-22T01:54:18","guid":{"rendered":"https:\/\/fiberglasshotstick.com\/?post_type=product&#038;p=1241"},"modified":"2022-11-22T09:54:19","modified_gmt":"2022-11-22T01:54:19","slug":"portable-high-voltage-grounding-wire-with-detachable-clamp-needle-ground-rod","status":"publish","type":"product","link":"https:\/\/fiberglasshotstick.com\/pt\/produto\/portable-high-voltage-grounding-wire-with-detachable-clamp-needle-ground-rod\/","title":{"rendered":"Fio de aterramento port\u00e1til de alta tens\u00e3o com grampo \/ haste de aterramento de agulha destac\u00e1vel"},"content":{"rendered":"<p>Fio de aterramento port\u00e1til de alta tens\u00e3o com grampo \/ haste de aterramento de agulha destac\u00e1vel<\/p>\n<p>A haste de opera\u00e7\u00e3o e o grampo de aterramento do fio de aterramento destac\u00e1veis podem ser separados.<\/p>\n<p>\u00c0s vezes, devido \u00e0 influ\u00eancia do ambiente de uso e dos h\u00e1bitos de uso, o cliente n\u00e3o deseja usar o fio de aterramento convencional (uma haste est\u00e1 equipada com um grampo de aterramento e um conjunto de tr\u00eas). A Xincheng desenvolveu e produziu especialmente o fio de aterramento destac\u00e1vel.<\/p>\n<p>No fio de aterramento destac\u00e1vel, a haste de opera\u00e7\u00e3o e o grampo de aterramento podem ser separados, da\u00ed o nome. Ao usar, voc\u00ea pode primeiro pendurar uma cabe\u00e7a na linha com a haste de opera\u00e7\u00e3o, depois remover a haste de opera\u00e7\u00e3o, depois pendurar a segunda cabe\u00e7a e assim por diante. Assim, o trabalho de manuten\u00e7\u00e3o e suspens\u00e3o \u00e9 mais conveniente e seguro.<\/p>\n<figure id=\"attachment_1267\" aria-describedby=\"caption-attachment-1267\" style=\"width: 778px\" class=\"wp-caption alignnone\"><img loading=\"lazy\" class=\"wp-image-1267\" src=\"https:\/\/fiberglasshotstick.com\/wp-content\/uploads\/2022\/11\/Portable-High-Voltage-Earthing-Grounding-Wire-Detachable-Earth-Clamp-Ground-Rod-300x300.jpg\" alt=\"Portable High Voltage Grounding Wire with Detachable Clamp \/ Needle Ground Rod\" width=\"778\" height=\"778\" srcset=\"https:\/\/fiberglasshotstick.com\/wp-content\/uploads\/2022\/11\/Portable-High-Voltage-Earthing-Grounding-Wire-Detachable-Earth-Clamp-Ground-Rod-300x300.jpg 300w, https:\/\/fiberglasshotstick.com\/wp-content\/uploads\/2022\/11\/Portable-High-Voltage-Earthing-Grounding-Wire-Detachable-Earth-Clamp-Ground-Rod-150x150.jpg 150w, https:\/\/fiberglasshotstick.com\/wp-content\/uploads\/2022\/11\/Portable-High-Voltage-Earthing-Grounding-Wire-Detachable-Earth-Clamp-Ground-Rod-768x768.jpg 768w, https:\/\/fiberglasshotstick.com\/wp-content\/uploads\/2022\/11\/Portable-High-Voltage-Earthing-Grounding-Wire-Detachable-Earth-Clamp-Ground-Rod-12x12.jpg 12w, https:\/\/fiberglasshotstick.com\/wp-content\/uploads\/2022\/11\/Portable-High-Voltage-Earthing-Grounding-Wire-Detachable-Earth-Clamp-Ground-Rod-600x600.jpg 600w, https:\/\/fiberglasshotstick.com\/wp-content\/uploads\/2022\/11\/Portable-High-Voltage-Earthing-Grounding-Wire-Detachable-Earth-Clamp-Ground-Rod-100x100.jpg 100w, https:\/\/fiberglasshotstick.com\/wp-content\/uploads\/2022\/11\/Portable-High-Voltage-Earthing-Grounding-Wire-Detachable-Earth-Clamp-Ground-Rod.jpg 800w\" sizes=\"(max-width: 778px) 100vw, 778px\" \/><figcaption id=\"caption-attachment-1267\" class=\"wp-caption-text\">Fio de aterramento port\u00e1til de alta tens\u00e3o com grampo \/ haste de aterramento de agulha destac\u00e1vel<\/figcaption><\/figure>","protected":false},"excerpt":{"rendered":"<p>Fio de aterramento port\u00e1til de alta tens\u00e3o com haste de grampo \/ agulha destac\u00e1vel: No fio de aterramento destac\u00e1vel, a haste de opera\u00e7\u00e3o e a grampo de aterramento podem ser separados, da\u00ed o nome. Ao usar, voc\u00ea pode primeiro pendurar uma cabe\u00e7a na linha com a haste de opera\u00e7\u00e3o, depois remover a haste de opera\u00e7\u00e3o, depois pendurar a segunda cabe\u00e7a e assim por diante. Assim, o trabalho de manuten\u00e7\u00e3o e suspens\u00e3o \u00e9 mais conveniente e seguro.<\/p>","protected":false},"featured_media":1288,"template":"","meta":{"_kad_post_transparent":"default","_kad_post_title":"","_kad_post_layout":"default","_kad_post_sidebar_id":"","_kad_post_content_style":"default","_kad_post_vertical_padding":"default","_kad_post_feature":"","_kad_post_feature_position":"","_kad_post_header":false,"_kad_post_footer":false},"product_cat":[291],"product_tag":[316,310,314,299,304,312,306,298,303,302,311,296,317,295,308,300,307,315,309,305,301,297,294,293,313,292],"yoast_head":"<!-- This site is optimized with the Yoast SEO Premium plugin v18.3 (Yoast SEO v18.5) - https:\/\/yoast.com\/wordpress\/plugins\/seo\/ -->\n<title>Portable High Voltage Grounding Wire with Detachable Clamp \/ Needle Ground Rod - hotstick<\/title>\n<meta name=\"description\" content=\"The operating rod and the grounding clamp of the detachable grounding wire can be separated.Sometimes, due to the influence of the use environment and usage habits, the customer does not want to use the conventional grounding wire (one rod is equipped with one grounding clamp, and a set of three). XINCHENG has specially developed and produced the detachable grounding wire.\" \/>\n<meta name=\"robots\" content=\"index, follow, max-snippet:-1, max-image-preview:large, max-video-preview:-1\" \/>\n<link rel=\"canonical\" href=\"https:\/\/fiberglasshotstick.com\/pt\/produto\/portable-high-voltage-grounding-wire-with-detachable-clamp-needle-ground-rod\/\" \/>\n<meta property=\"og:locale\" content=\"pt_BR\" \/>\n<meta property=\"og:type\" content=\"article\" \/>\n<meta property=\"og:title\" content=\"Portable High Voltage Grounding Wire with Detachable Clamp \/ Needle Ground Rod\" \/>\n<meta property=\"og:description\" content=\"The operating rod and the grounding clamp of the detachable grounding wire can be separated.Sometimes, due to the influence of the use environment and usage habits, the customer does not want to use the conventional grounding wire (one rod is equipped with one grounding clamp, and a set of three). XINCHENG has specially developed and produced the detachable grounding wire.\" \/>\n<meta property=\"og:url\" content=\"https:\/\/fiberglasshotstick.com\/pt\/produto\/portable-high-voltage-grounding-wire-with-detachable-clamp-needle-ground-rod\/\" \/>\n<meta property=\"og:site_name\" content=\"hotstick\" \/>\n<meta property=\"article:modified_time\" content=\"2022-11-22T01:54:19+00:00\" \/>\n<meta property=\"og:image\" content=\"https:\/\/fiberglasshotstick.com\/wp-content\/uploads\/2022\/11\/Portable-High-Voltage-Earthing-Grounding-Wire-Detachable-Earth-Clamp-Ground-Rod-1.jpg\" \/>\n\t<meta property=\"og:image:width\" content=\"800\" \/>\n\t<meta property=\"og:image:height\" content=\"800\" \/>\n\t<meta property=\"og:image:type\" content=\"image\/jpeg\" \/>\n<meta name=\"twitter:card\" content=\"summary_large_image\" \/>\n<meta name=\"twitter:label1\" content=\"Est. tempo de leitura\" \/>\n\t<meta name=\"twitter:data1\" content=\"1 minuto\" \/>\n<script type=\"application\/ld+json\" class=\"yoast-schema-graph\">{\"@context\":\"https:\/\/schema.org\",\"@graph\":[{\"@type\":\"WebSite\",\"@id\":\"https:\/\/fiberglasshotstick.com\/#website\",\"url\":\"https:\/\/fiberglasshotstick.com\/\",\"name\":\"hotstick\",\"description\":\"\u53c8\u4e00\u4e2aWordPress\u7ad9\u70b9\",\"potentialAction\":[{\"@type\":\"SearchAction\",\"target\":{\"@type\":\"EntryPoint\",\"urlTemplate\":\"https:\/\/fiberglasshotstick.com\/?s={search_term_string}\"},\"query-input\":\"required name=search_term_string\"}],\"inLanguage\":\"pt-BR\"},{\"@type\":\"ImageObject\",\"@id\":\"https:\/\/fiberglasshotstick.com\/product\/portable-high-voltage-grounding-wire-with-detachable-clamp-needle-ground-rod\/#primaryimage\",\"inLanguage\":\"pt-BR\",\"url\":\"https:\/\/fiberglasshotstick.com\/wp-content\/uploads\/2022\/11\/Portable-High-Voltage-Earthing-Grounding-Wire-Detachable-Earth-Clamp-Ground-Rod-1.jpg\",\"contentUrl\":\"https:\/\/fiberglasshotstick.com\/wp-content\/uploads\/2022\/11\/Portable-High-Voltage-Earthing-Grounding-Wire-Detachable-Earth-Clamp-Ground-Rod-1.jpg\",\"width\":800,\"height\":800,\"caption\":\"Portable High Voltage Grounding Wire with Detachable Clamp \/ Needle Ground Rod\"},{\"@type\":\"WebPage\",\"@id\":\"https:\/\/fiberglasshotstick.com\/product\/portable-high-voltage-grounding-wire-with-detachable-clamp-needle-ground-rod\/#webpage\",\"url\":\"https:\/\/fiberglasshotstick.com\/product\/portable-high-voltage-grounding-wire-with-detachable-clamp-needle-ground-rod\/\",\"name\":\"Portable High Voltage Grounding Wire with Detachable Clamp \/ Needle Ground Rod - hotstick\",\"isPartOf\":{\"@id\":\"https:\/\/fiberglasshotstick.com\/#website\"},\"primaryImageOfPage\":{\"@id\":\"https:\/\/fiberglasshotstick.com\/product\/portable-high-voltage-grounding-wire-with-detachable-clamp-needle-ground-rod\/#primaryimage\"},\"datePublished\":\"2022-11-22T01:54:18+00:00\",\"dateModified\":\"2022-11-22T01:54:19+00:00\",\"description\":\"The operating rod and the grounding clamp of the detachable grounding wire can be separated.Sometimes, due to the influence of the use environment and usage habits, the customer does not want to use the conventional grounding wire (one rod is equipped with one grounding clamp, and a set of three). XINCHENG has specially developed and produced the detachable grounding wire.\",\"breadcrumb\":{\"@id\":\"https:\/\/fiberglasshotstick.com\/product\/portable-high-voltage-grounding-wire-with-detachable-clamp-needle-ground-rod\/#breadcrumb\"},\"inLanguage\":\"pt-BR\",\"potentialAction\":[{\"@type\":\"ReadAction\",\"target\":[\"https:\/\/fiberglasshotstick.com\/product\/portable-high-voltage-grounding-wire-with-detachable-clamp-needle-ground-rod\/\"]}]},{\"@type\":\"BreadcrumbList\",\"@id\":\"https:\/\/fiberglasshotstick.com\/product\/portable-high-voltage-grounding-wire-with-detachable-clamp-needle-ground-rod\/#breadcrumb\",\"itemListElement\":[{\"@type\":\"ListItem\",\"position\":1,\"name\":\"Home\",\"item\":\"https:\/\/fiberglasshotstick.com\/\"},{\"@type\":\"ListItem\",\"position\":2,\"name\":\"Products\",\"item\":\"https:\/\/fiberglasshotstick.com\/products\/\"},{\"@type\":\"ListItem\",\"position\":3,\"name\":\"Portable High Voltage Grounding Wire with Detachable Clamp \/ Needle Ground Rod\"}]}]}<\/script>\n<!-- \/ Yoast SEO Premium plugin. -->","yoast_head_json":{"title":"Portable High Voltage Grounding Wire with Detachable Clamp \/ Needle Ground Rod - hotstick","description":"The operating rod and the grounding clamp of the detachable grounding wire can be separated.Sometimes, due to the influence of the use environment and usage habits, the customer does not want to use the conventional grounding wire (one rod is equipped with one grounding clamp, and a set of three). XINCHENG has specially developed and produced the detachable grounding wire.","robots":{"index":"index","follow":"follow","max-snippet":"max-snippet:-1","max-image-preview":"max-image-preview:large","max-video-preview":"max-video-preview:-1"},"canonical":"https:\/\/fiberglasshotstick.com\/pt\/produto\/portable-high-voltage-grounding-wire-with-detachable-clamp-needle-ground-rod\/","og_locale":"pt_BR","og_type":"article","og_title":"Portable High Voltage Grounding Wire with Detachable Clamp \/ Needle Ground Rod","og_description":"The operating rod and the grounding clamp of the detachable grounding wire can be separated.Sometimes, due to the influence of the use environment and usage habits, the customer does not want to use the conventional grounding wire (one rod is equipped with one grounding clamp, and a set of three). XINCHENG has specially developed and produced the detachable grounding wire.","og_url":"https:\/\/fiberglasshotstick.com\/pt\/produto\/portable-high-voltage-grounding-wire-with-detachable-clamp-needle-ground-rod\/","og_site_name":"hotstick","article_modified_time":"2022-11-22T01:54:19+00:00","og_image":[{"width":800,"height":800,"url":"https:\/\/fiberglasshotstick.com\/wp-content\/uploads\/2022\/11\/Portable-High-Voltage-Earthing-Grounding-Wire-Detachable-Earth-Clamp-Ground-Rod-1.jpg","type":"image\/jpeg"}],"twitter_card":"summary_large_image","twitter_misc":{"Est. tempo de leitura":"1 minuto"},"schema":{"@context":"https:\/\/schema.org","@graph":[{"@type":"WebSite","@id":"https:\/\/fiberglasshotstick.com\/#website","url":"https:\/\/fiberglasshotstick.com\/","name":"hotstick","description":"\u53c8\u4e00\u4e2aWordPress\u7ad9\u70b9","potentialAction":[{"@type":"SearchAction","target":{"@type":"EntryPoint","urlTemplate":"https:\/\/fiberglasshotstick.com\/?s={search_term_string}"},"query-input":"required name=search_term_string"}],"inLanguage":"pt-BR"},{"@type":"ImageObject","@id":"https:\/\/fiberglasshotstick.com\/product\/portable-high-voltage-grounding-wire-with-detachable-clamp-needle-ground-rod\/#primaryimage","inLanguage":"pt-BR","url":"https:\/\/fiberglasshotstick.com\/wp-content\/uploads\/2022\/11\/Portable-High-Voltage-Earthing-Grounding-Wire-Detachable-Earth-Clamp-Ground-Rod-1.jpg","contentUrl":"https:\/\/fiberglasshotstick.com\/wp-content\/uploads\/2022\/11\/Portable-High-Voltage-Earthing-Grounding-Wire-Detachable-Earth-Clamp-Ground-Rod-1.jpg","width":800,"height":800,"caption":"Portable High Voltage Grounding Wire with Detachable Clamp \/ Needle Ground Rod"},{"@type":"WebPage","@id":"https:\/\/fiberglasshotstick.com\/product\/portable-high-voltage-grounding-wire-with-detachable-clamp-needle-ground-rod\/#webpage","url":"https:\/\/fiberglasshotstick.com\/product\/portable-high-voltage-grounding-wire-with-detachable-clamp-needle-ground-rod\/","name":"Portable High Voltage Grounding Wire with Detachable Clamp \/ Needle Ground Rod - hotstick","isPartOf":{"@id":"https:\/\/fiberglasshotstick.com\/#website"},"primaryImageOfPage":{"@id":"https:\/\/fiberglasshotstick.com\/product\/portable-high-voltage-grounding-wire-with-detachable-clamp-needle-ground-rod\/#primaryimage"},"datePublished":"2022-11-22T01:54:18+00:00","dateModified":"2022-11-22T01:54:19+00:00","description":"The operating rod and the grounding clamp of the detachable grounding wire can be separated.Sometimes, due to the influence of the use environment and usage habits, the customer does not want to use the conventional grounding wire (one rod is equipped with one grounding clamp, and a set of three). XINCHENG has specially developed and produced the detachable grounding wire.","breadcrumb":{"@id":"https:\/\/fiberglasshotstick.com\/product\/portable-high-voltage-grounding-wire-with-detachable-clamp-needle-ground-rod\/#breadcrumb"},"inLanguage":"pt-BR","potentialAction":[{"@type":"ReadAction","target":["https:\/\/fiberglasshotstick.com\/product\/portable-high-voltage-grounding-wire-with-detachable-clamp-needle-ground-rod\/"]}]},{"@type":"BreadcrumbList","@id":"https:\/\/fiberglasshotstick.com\/product\/portable-high-voltage-grounding-wire-with-detachable-clamp-needle-ground-rod\/#breadcrumb","itemListElement":[{"@type":"ListItem","position":1,"name":"Home","item":"https:\/\/fiberglasshotstick.com\/"},{"@type":"ListItem","position":2,"name":"Products","item":"https:\/\/fiberglasshotstick.com\/products\/"},{"@type":"ListItem","position":3,"name":"Portable High Voltage Grounding Wire with Detachable Clamp \/ Needle Ground Rod"}]}]}},"_links":{"self":[{"href":"https:\/\/fiberglasshotstick.com\/pt\/wp-json\/wp\/v2\/product\/1241"}],"collection":[{"href":"https:\/\/fiberglasshotstick.com\/pt\/wp-json\/wp\/v2\/product"}],"about":[{"href":"https:\/\/fiberglasshotstick.com\/pt\/wp-json\/wp\/v2\/types\/product"}],"version-history":[{"count":1,"href":"https:\/\/fiberglasshotstick.com\/pt\/wp-json\/wp\/v2\/product\/1241\/revisions"}],"predecessor-version":[{"id":1289,"href":"https:\/\/fiberglasshotstick.com\/pt\/wp-json\/wp\/v2\/product\/1241\/revisions\/1289"}],"wp:featuredmedia":[{"embeddable":true,"href":"https:\/\/fiberglasshotstick.com\/pt\/wp-json\/wp\/v2\/media\/1288"}],"wp:attachment":[{"href":"https:\/\/fiberglasshotstick.com\/pt\/wp-json\/wp\/v2\/media?parent=1241"}],"wp:term":[{"taxonomy":"product_cat","embeddable":true,"href":"https:\/\/fiberglasshotstick.com\/pt\/wp-json\/wp\/v2\/product_cat?post=1241"},{"taxonomy":"product_tag","embeddable":true,"href":"https:\/\/fiberglasshotstick.com\/pt\/wp-json\/wp\/v2\/product_tag?post=1241"}],"curies":[{"name":"wp","href":"https:\/\/api.w.org\/{rel}","templated":true}]}}