{"id":1152,"date":"2022-11-01T15:15:41","date_gmt":"2022-11-01T07:15:41","guid":{"rendered":"https:\/\/fiberglasshotstick.com\/?post_type=product&#038;p=1152"},"modified":"2022-11-01T16:38:25","modified_gmt":"2022-11-01T08:38:25","slug":"high-voltage-adjustable-frp-triangle-telescopic-grounding-wire-earth-clamp-needle-grounding-rod","status":"publish","type":"product","link":"https:\/\/fiberglasshotstick.com\/pt\/produto\/high-voltage-adjustable-frp-triangle-telescopic-grounding-wire-earth-clamp-needle-grounding-rod\/","title":{"rendered":"High Voltage Adjustable FRP Triangle Telescopic Grounding Wire Earth Clamp \/ Needle Grounding Rod"},"content":{"rendered":"","protected":false},"excerpt":{"rendered":"<p><strong>High Voltage Adjustable FRP Triangle Telescopic Grounding Wire Earth Clamp \/ Needle Grounding Rod\uff1a <\/strong>O fio de aterramento \u00e9 a linha que conecta a terra diretamente. Tamb\u00e9m pode ser chamado de linha de loop de seguran\u00e7a. Quando ocorre o perigo, ele transfere a alta tens\u00e3o diretamente para a terra, que \u00e9 uma t\u00e1bua de salva\u00e7\u00e3o. Fio de aterramento no sistema de energia: \u00e9 uma ferramenta importante para garantir a equipe quando ocorre tens\u00e3o inesperada nos equipamentos e linhas de interrup\u00e7\u00e3o. Para evitar choque de indu\u00e7\u00e3o eletrost\u00e1tica ou fechamento incorreto de objetos carregados pr\u00f3ximos, a haste de opera\u00e7\u00e3o do material \u00e9 tubo de tecido de fibra de vidro super ep\u00f3xi n\u00e3o alcalino e a conex\u00e3o de aterramento suave \u00e9 feita de v\u00e1rios fios de fio de cobre de alta qualidade.<\/p>","protected":false},"featured_media":1193,"template":"","meta":{"_kad_post_transparent":"default","_kad_post_title":"","_kad_post_layout":"default","_kad_post_sidebar_id":"","_kad_post_content_style":"default","_kad_post_vertical_padding":"default","_kad_post_feature":"","_kad_post_feature_position":"","_kad_post_header":false,"_kad_post_footer":false},"product_cat":[51],"product_tag":[257,249,254,252,259,247,246,241,242,258,255,256,251,250,244,253,245,243,248],"yoast_head":"<!-- This site is optimized with the Yoast SEO Premium plugin v18.3 (Yoast SEO v18.5) - https:\/\/yoast.com\/wordpress\/plugins\/seo\/ -->\n<title>High Voltage Adjustable FRP Triangle Telescopic Grounding Wire Earth Clamp \/ Needle Grounding Rod - hotstick<\/title>\n<meta name=\"description\" content=\"The triangular telescopic shaped grounding rod are designed to be used in grounding discharge and line operation, being one of the most used tools in hot line maintenance. The link sticks are manufactured with epoxy reinforced fiberglass tubes. It comprises a number of triangular sticks that slide into each other with locking buttons. They have a lot of advantages over round hot stick.\" \/>\n<meta name=\"robots\" content=\"index, follow, max-snippet:-1, max-image-preview:large, max-video-preview:-1\" \/>\n<link rel=\"canonical\" href=\"https:\/\/fiberglasshotstick.com\/pt\/produto\/high-voltage-adjustable-frp-triangle-telescopic-grounding-wire-earth-clamp-needle-grounding-rod\/\" \/>\n<meta property=\"og:locale\" content=\"pt_BR\" \/>\n<meta property=\"og:type\" content=\"article\" \/>\n<meta property=\"og:title\" content=\"High Voltage Adjustable FRP Triangle Telescopic Grounding Wire Earth Clamp \/ Needle Grounding Rod\" \/>\n<meta property=\"og:description\" content=\"The triangular telescopic shaped grounding rod are designed to be used in grounding discharge and line operation, being one of the most used tools in hot line maintenance. The link sticks are manufactured with epoxy reinforced fiberglass tubes. It comprises a number of triangular sticks that slide into each other with locking buttons. They have a lot of advantages over round hot stick.\" \/>\n<meta property=\"og:url\" content=\"https:\/\/fiberglasshotstick.com\/pt\/produto\/high-voltage-adjustable-frp-triangle-telescopic-grounding-wire-earth-clamp-needle-grounding-rod\/\" \/>\n<meta property=\"og:site_name\" content=\"hotstick\" \/>\n<meta property=\"article:modified_time\" content=\"2022-11-01T08:38:25+00:00\" \/>\n<meta property=\"og:image\" content=\"https:\/\/fiberglasshotstick.com\/wp-content\/uploads\/2022\/11\/triangular-telescopic-shaped-grounding-rods.jpg\" \/>\n\t<meta property=\"og:image:width\" content=\"800\" \/>\n\t<meta property=\"og:image:height\" content=\"800\" \/>\n\t<meta property=\"og:image:type\" content=\"image\/jpeg\" \/>\n<meta name=\"twitter:card\" content=\"summary_large_image\" \/>\n<script type=\"application\/ld+json\" class=\"yoast-schema-graph\">{\"@context\":\"https:\/\/schema.org\",\"@graph\":[{\"@type\":\"WebSite\",\"@id\":\"https:\/\/fiberglasshotstick.com\/#website\",\"url\":\"https:\/\/fiberglasshotstick.com\/\",\"name\":\"hotstick\",\"description\":\"\u53c8\u4e00\u4e2aWordPress\u7ad9\u70b9\",\"potentialAction\":[{\"@type\":\"SearchAction\",\"target\":{\"@type\":\"EntryPoint\",\"urlTemplate\":\"https:\/\/fiberglasshotstick.com\/?s={search_term_string}\"},\"query-input\":\"required name=search_term_string\"}],\"inLanguage\":\"pt-BR\"},{\"@type\":\"ImageObject\",\"@id\":\"https:\/\/fiberglasshotstick.com\/product\/high-voltage-adjustable-frp-triangle-telescopic-grounding-wire-earth-clamp-needle-grounding-rod\/#primaryimage\",\"inLanguage\":\"pt-BR\",\"url\":\"https:\/\/fiberglasshotstick.com\/wp-content\/uploads\/2022\/11\/triangular-telescopic-shaped-grounding-rods.jpg\",\"contentUrl\":\"https:\/\/fiberglasshotstick.com\/wp-content\/uploads\/2022\/11\/triangular-telescopic-shaped-grounding-rods.jpg\",\"width\":800,\"height\":800,\"caption\":\"High Voltage triangular shaped telescopic Grounding Rods with Earth Clamp\"},{\"@type\":\"WebPage\",\"@id\":\"https:\/\/fiberglasshotstick.com\/product\/high-voltage-adjustable-frp-triangle-telescopic-grounding-wire-earth-clamp-needle-grounding-rod\/#webpage\",\"url\":\"https:\/\/fiberglasshotstick.com\/product\/high-voltage-adjustable-frp-triangle-telescopic-grounding-wire-earth-clamp-needle-grounding-rod\/\",\"name\":\"High Voltage Adjustable FRP Triangle Telescopic Grounding Wire Earth Clamp \/ Needle Grounding Rod - hotstick\",\"isPartOf\":{\"@id\":\"https:\/\/fiberglasshotstick.com\/#website\"},\"primaryImageOfPage\":{\"@id\":\"https:\/\/fiberglasshotstick.com\/product\/high-voltage-adjustable-frp-triangle-telescopic-grounding-wire-earth-clamp-needle-grounding-rod\/#primaryimage\"},\"datePublished\":\"2022-11-01T07:15:41+00:00\",\"dateModified\":\"2022-11-01T08:38:25+00:00\",\"description\":\"The triangular telescopic shaped grounding rod are designed to be used in grounding discharge and line operation, being one of the most used tools in hot line maintenance. The link sticks are manufactured with epoxy reinforced fiberglass tubes. It comprises a number of triangular sticks that slide into each other with locking buttons. They have a lot of advantages over round hot stick.\",\"breadcrumb\":{\"@id\":\"https:\/\/fiberglasshotstick.com\/product\/high-voltage-adjustable-frp-triangle-telescopic-grounding-wire-earth-clamp-needle-grounding-rod\/#breadcrumb\"},\"inLanguage\":\"pt-BR\",\"potentialAction\":[{\"@type\":\"ReadAction\",\"target\":[\"https:\/\/fiberglasshotstick.com\/product\/high-voltage-adjustable-frp-triangle-telescopic-grounding-wire-earth-clamp-needle-grounding-rod\/\"]}]},{\"@type\":\"BreadcrumbList\",\"@id\":\"https:\/\/fiberglasshotstick.com\/product\/high-voltage-adjustable-frp-triangle-telescopic-grounding-wire-earth-clamp-needle-grounding-rod\/#breadcrumb\",\"itemListElement\":[{\"@type\":\"ListItem\",\"position\":1,\"name\":\"Home\",\"item\":\"https:\/\/fiberglasshotstick.com\/\"},{\"@type\":\"ListItem\",\"position\":2,\"name\":\"Products\",\"item\":\"https:\/\/fiberglasshotstick.com\/products\/\"},{\"@type\":\"ListItem\",\"position\":3,\"name\":\"High Voltage Adjustable FRP Triangle Telescopic Grounding Wire Earth Clamp \/ Needle Grounding Rod\"}]}]}<\/script>\n<!-- \/ Yoast SEO Premium plugin. -->","yoast_head_json":{"title":"High Voltage Adjustable FRP Triangle Telescopic Grounding Wire Earth Clamp \/ Needle Grounding Rod - hotstick","description":"The triangular telescopic shaped grounding rod are designed to be used in grounding discharge and line operation, being one of the most used tools in hot line maintenance. The link sticks are manufactured with epoxy reinforced fiberglass tubes. It comprises a number of triangular sticks that slide into each other with locking buttons. They have a lot of advantages over round hot stick.","robots":{"index":"index","follow":"follow","max-snippet":"max-snippet:-1","max-image-preview":"max-image-preview:large","max-video-preview":"max-video-preview:-1"},"canonical":"https:\/\/fiberglasshotstick.com\/pt\/produto\/high-voltage-adjustable-frp-triangle-telescopic-grounding-wire-earth-clamp-needle-grounding-rod\/","og_locale":"pt_BR","og_type":"article","og_title":"High Voltage Adjustable FRP Triangle Telescopic Grounding Wire Earth Clamp \/ Needle Grounding Rod","og_description":"The triangular telescopic shaped grounding rod are designed to be used in grounding discharge and line operation, being one of the most used tools in hot line maintenance. The link sticks are manufactured with epoxy reinforced fiberglass tubes. It comprises a number of triangular sticks that slide into each other with locking buttons. They have a lot of advantages over round hot stick.","og_url":"https:\/\/fiberglasshotstick.com\/pt\/produto\/high-voltage-adjustable-frp-triangle-telescopic-grounding-wire-earth-clamp-needle-grounding-rod\/","og_site_name":"hotstick","article_modified_time":"2022-11-01T08:38:25+00:00","og_image":[{"width":800,"height":800,"url":"https:\/\/fiberglasshotstick.com\/wp-content\/uploads\/2022\/11\/triangular-telescopic-shaped-grounding-rods.jpg","type":"image\/jpeg"}],"twitter_card":"summary_large_image","schema":{"@context":"https:\/\/schema.org","@graph":[{"@type":"WebSite","@id":"https:\/\/fiberglasshotstick.com\/#website","url":"https:\/\/fiberglasshotstick.com\/","name":"hotstick","description":"\u53c8\u4e00\u4e2aWordPress\u7ad9\u70b9","potentialAction":[{"@type":"SearchAction","target":{"@type":"EntryPoint","urlTemplate":"https:\/\/fiberglasshotstick.com\/?s={search_term_string}"},"query-input":"required name=search_term_string"}],"inLanguage":"pt-BR"},{"@type":"ImageObject","@id":"https:\/\/fiberglasshotstick.com\/product\/high-voltage-adjustable-frp-triangle-telescopic-grounding-wire-earth-clamp-needle-grounding-rod\/#primaryimage","inLanguage":"pt-BR","url":"https:\/\/fiberglasshotstick.com\/wp-content\/uploads\/2022\/11\/triangular-telescopic-shaped-grounding-rods.jpg","contentUrl":"https:\/\/fiberglasshotstick.com\/wp-content\/uploads\/2022\/11\/triangular-telescopic-shaped-grounding-rods.jpg","width":800,"height":800,"caption":"High Voltage triangular shaped telescopic Grounding Rods with Earth Clamp"},{"@type":"WebPage","@id":"https:\/\/fiberglasshotstick.com\/product\/high-voltage-adjustable-frp-triangle-telescopic-grounding-wire-earth-clamp-needle-grounding-rod\/#webpage","url":"https:\/\/fiberglasshotstick.com\/product\/high-voltage-adjustable-frp-triangle-telescopic-grounding-wire-earth-clamp-needle-grounding-rod\/","name":"High Voltage Adjustable FRP Triangle Telescopic Grounding Wire Earth Clamp \/ Needle Grounding Rod - hotstick","isPartOf":{"@id":"https:\/\/fiberglasshotstick.com\/#website"},"primaryImageOfPage":{"@id":"https:\/\/fiberglasshotstick.com\/product\/high-voltage-adjustable-frp-triangle-telescopic-grounding-wire-earth-clamp-needle-grounding-rod\/#primaryimage"},"datePublished":"2022-11-01T07:15:41+00:00","dateModified":"2022-11-01T08:38:25+00:00","description":"The triangular telescopic shaped grounding rod are designed to be used in grounding discharge and line operation, being one of the most used tools in hot line maintenance. The link sticks are manufactured with epoxy reinforced fiberglass tubes. It comprises a number of triangular sticks that slide into each other with locking buttons. They have a lot of advantages over round hot stick.","breadcrumb":{"@id":"https:\/\/fiberglasshotstick.com\/product\/high-voltage-adjustable-frp-triangle-telescopic-grounding-wire-earth-clamp-needle-grounding-rod\/#breadcrumb"},"inLanguage":"pt-BR","potentialAction":[{"@type":"ReadAction","target":["https:\/\/fiberglasshotstick.com\/product\/high-voltage-adjustable-frp-triangle-telescopic-grounding-wire-earth-clamp-needle-grounding-rod\/"]}]},{"@type":"BreadcrumbList","@id":"https:\/\/fiberglasshotstick.com\/product\/high-voltage-adjustable-frp-triangle-telescopic-grounding-wire-earth-clamp-needle-grounding-rod\/#breadcrumb","itemListElement":[{"@type":"ListItem","position":1,"name":"Home","item":"https:\/\/fiberglasshotstick.com\/"},{"@type":"ListItem","position":2,"name":"Products","item":"https:\/\/fiberglasshotstick.com\/products\/"},{"@type":"ListItem","position":3,"name":"High Voltage Adjustable FRP Triangle Telescopic Grounding Wire Earth Clamp \/ Needle Grounding Rod"}]}]}},"_links":{"self":[{"href":"https:\/\/fiberglasshotstick.com\/pt\/wp-json\/wp\/v2\/product\/1152"}],"collection":[{"href":"https:\/\/fiberglasshotstick.com\/pt\/wp-json\/wp\/v2\/product"}],"about":[{"href":"https:\/\/fiberglasshotstick.com\/pt\/wp-json\/wp\/v2\/types\/product"}],"version-history":[{"count":1,"href":"https:\/\/fiberglasshotstick.com\/pt\/wp-json\/wp\/v2\/product\/1152\/revisions"}],"predecessor-version":[{"id":1191,"href":"https:\/\/fiberglasshotstick.com\/pt\/wp-json\/wp\/v2\/product\/1152\/revisions\/1191"}],"wp:featuredmedia":[{"embeddable":true,"href":"https:\/\/fiberglasshotstick.com\/pt\/wp-json\/wp\/v2\/media\/1193"}],"wp:attachment":[{"href":"https:\/\/fiberglasshotstick.com\/pt\/wp-json\/wp\/v2\/media?parent=1152"}],"wp:term":[{"taxonomy":"product_cat","embeddable":true,"href":"https:\/\/fiberglasshotstick.com\/pt\/wp-json\/wp\/v2\/product_cat?post=1152"},{"taxonomy":"product_tag","embeddable":true,"href":"https:\/\/fiberglasshotstick.com\/pt\/wp-json\/wp\/v2\/product_tag?post=1152"}],"curies":[{"name":"wp","href":"https:\/\/api.w.org\/{rel}","templated":true}]}}