{"id":1107,"date":"2022-10-20T11:26:53","date_gmt":"2022-10-20T03:26:53","guid":{"rendered":"https:\/\/fiberglasshotstick.com\/?post_type=product&#038;p=1107"},"modified":"2022-10-20T11:37:51","modified_gmt":"2022-10-20T03:37:51","slug":"high-voltage-adjustable-frp-triangle-telescopic-operating-rod-hot-stick-with-scale","status":"publish","type":"product","link":"https:\/\/fiberglasshotstick.com\/pt\/produto\/high-voltage-adjustable-frp-triangle-telescopic-operating-rod-hot-stick-with-scale\/","title":{"rendered":"Haste de opera\u00e7\u00e3o telesc\u00f3pica triangular FRP ajust\u00e1vel de alta tens\u00e3o\/vara quente com escala"},"content":{"rendered":"","protected":false},"excerpt":{"rendered":"<p>Haste de opera\u00e7\u00e3o telesc\u00f3pica triangular FRP ajust\u00e1vel de alta tens\u00e3o\/vara quente com escala: tecnologia de fabrica\u00e7\u00e3o de haste de opera\u00e7\u00e3o de alta press\u00e3o Esta s\u00e9rie de hastes de opera\u00e7\u00e3o (tamb\u00e9m conhecida como haste de liga\u00e7\u00e3o) \u00e9 feita de tecido de fibra de vidro, resina ep\u00f3xi e anidrido ft\u00e1lico de resina 306, vidro pano de fibra e agente de cura, e s\u00e3o extrudados por m\u00e1quina de desenho, formando ao mesmo tempo. Em seguida, \u00e9 pintado e transformado em outros produtos FRP com apar\u00eancia bonita, estrutura leve, f\u00e1cil opera\u00e7\u00e3o, propriedades mec\u00e2nicas e el\u00e9tricas, adequado para uso sob v\u00e1rias condi\u00e7\u00f5es de alta tens\u00e3o, bom desempenho de isolamento e uso seguro. O per\u00edodo de detec\u00e7\u00e3o \u00e9 de um ano. Base de inspe\u00e7\u00e3o do poste de opera\u00e7\u00e3o de alta tens\u00e3o: DL408-91 \u201cRegulamento de Trabalho de Seguran\u00e7a El\u00e9trica\u201d inspe\u00e7\u00e3o de apar\u00eancia: superf\u00edcie de isolamento lisa, sem bolhas, rugas ou rachaduras; boa liga\u00e7\u00e3o entre fibra de vidro e resina; extremidade do tubo oco com plugues, forte conex\u00e3o entre as juntas e os p\u00f3los.<\/p>\n<p>&nbsp;<\/p>","protected":false},"featured_media":1127,"template":"","meta":{"_kad_post_transparent":"default","_kad_post_title":"","_kad_post_layout":"default","_kad_post_sidebar_id":"","_kad_post_content_style":"default","_kad_post_vertical_padding":"default","_kad_post_feature":"","_kad_post_feature_position":"","_kad_post_header":false,"_kad_post_footer":false},"product_cat":[38,37],"product_tag":[218,215,217,231,227,237,222,216,220,229,230,238,240,234,232,233,219,221,235,228,236,226,225,239,224,223],"yoast_head":"<!-- This site is optimized with the Yoast SEO Premium plugin v18.3 (Yoast SEO v18.5) - https:\/\/yoast.com\/wordpress\/plugins\/seo\/ -->\n<title>High Voltage Adjustable FRP Triangle Telescopic Operating Rod\/Hot Stick with Scale - hotstick<\/title>\n<meta name=\"description\" content=\"High Voltage Adjustable FRP Triangle Telescopic Operating Rod\/Hot Stick with Scale:Fiberglass hot stick is mainly used for splitting high and low voltage switches, pull-in electric brakes and for live working wire clamps. According to the voltage leve\" \/>\n<meta name=\"robots\" content=\"index, follow, max-snippet:-1, max-image-preview:large, max-video-preview:-1\" \/>\n<link rel=\"canonical\" href=\"https:\/\/fiberglasshotstick.com\/pt\/produto\/high-voltage-adjustable-frp-triangle-telescopic-operating-rod-hot-stick-with-scale\/\" \/>\n<meta property=\"og:locale\" content=\"pt_BR\" \/>\n<meta property=\"og:type\" content=\"article\" \/>\n<meta property=\"og:title\" content=\"High Voltage Adjustable FRP Triangle Telescopic Operating Rod\/Hot Stick with Scale\" \/>\n<meta property=\"og:description\" content=\"High Voltage Adjustable FRP Triangle Telescopic Operating Rod\/Hot Stick with Scale:Fiberglass hot stick is mainly used for splitting high and low voltage switches, pull-in electric brakes and for live working wire clamps. According to the voltage leve\" \/>\n<meta property=\"og:url\" content=\"https:\/\/fiberglasshotstick.com\/pt\/produto\/high-voltage-adjustable-frp-triangle-telescopic-operating-rod-hot-stick-with-scale\/\" \/>\n<meta property=\"og:site_name\" content=\"hotstick\" \/>\n<meta property=\"article:modified_time\" content=\"2022-10-20T03:37:51+00:00\" \/>\n<meta property=\"og:image\" content=\"https:\/\/fiberglasshotstick.com\/wp-content\/uploads\/2022\/10\/Electric-Power-Telescopic-Measuring-Height-Stick.jpg\" \/>\n\t<meta property=\"og:image:width\" content=\"774\" \/>\n\t<meta property=\"og:image:height\" content=\"780\" \/>\n\t<meta property=\"og:image:type\" content=\"image\/jpeg\" \/>\n<meta name=\"twitter:card\" content=\"summary_large_image\" \/>\n<script type=\"application\/ld+json\" class=\"yoast-schema-graph\">{\"@context\":\"https:\/\/schema.org\",\"@graph\":[{\"@type\":\"WebSite\",\"@id\":\"https:\/\/fiberglasshotstick.com\/#website\",\"url\":\"https:\/\/fiberglasshotstick.com\/\",\"name\":\"hotstick\",\"description\":\"\u53c8\u4e00\u4e2aWordPress\u7ad9\u70b9\",\"potentialAction\":[{\"@type\":\"SearchAction\",\"target\":{\"@type\":\"EntryPoint\",\"urlTemplate\":\"https:\/\/fiberglasshotstick.com\/?s={search_term_string}\"},\"query-input\":\"required name=search_term_string\"}],\"inLanguage\":\"pt-BR\"},{\"@type\":\"ImageObject\",\"@id\":\"https:\/\/fiberglasshotstick.com\/product\/high-voltage-adjustable-frp-triangle-telescopic-operating-rod-hot-stick-with-scale\/#primaryimage\",\"inLanguage\":\"pt-BR\",\"url\":\"https:\/\/fiberglasshotstick.com\/wp-content\/uploads\/2022\/10\/Electric-Power-Telescopic-Measuring-Height-Stick.jpg\",\"contentUrl\":\"https:\/\/fiberglasshotstick.com\/wp-content\/uploads\/2022\/10\/Electric-Power-Telescopic-Measuring-Height-Stick.jpg\",\"width\":774,\"height\":780,\"caption\":\"High Voltage Triangle fiberglass telescoping hot\/link stick With scale\"},{\"@type\":\"WebPage\",\"@id\":\"https:\/\/fiberglasshotstick.com\/product\/high-voltage-adjustable-frp-triangle-telescopic-operating-rod-hot-stick-with-scale\/#webpage\",\"url\":\"https:\/\/fiberglasshotstick.com\/product\/high-voltage-adjustable-frp-triangle-telescopic-operating-rod-hot-stick-with-scale\/\",\"name\":\"High Voltage Adjustable FRP Triangle Telescopic Operating Rod\/Hot Stick with Scale - hotstick\",\"isPartOf\":{\"@id\":\"https:\/\/fiberglasshotstick.com\/#website\"},\"primaryImageOfPage\":{\"@id\":\"https:\/\/fiberglasshotstick.com\/product\/high-voltage-adjustable-frp-triangle-telescopic-operating-rod-hot-stick-with-scale\/#primaryimage\"},\"datePublished\":\"2022-10-20T03:26:53+00:00\",\"dateModified\":\"2022-10-20T03:37:51+00:00\",\"description\":\"High Voltage Adjustable FRP Triangle Telescopic Operating Rod\/Hot Stick with Scale:Fiberglass hot stick is mainly used for splitting high and low voltage switches, pull-in electric brakes and for live working wire clamps. According to the voltage leve\",\"breadcrumb\":{\"@id\":\"https:\/\/fiberglasshotstick.com\/product\/high-voltage-adjustable-frp-triangle-telescopic-operating-rod-hot-stick-with-scale\/#breadcrumb\"},\"inLanguage\":\"pt-BR\",\"potentialAction\":[{\"@type\":\"ReadAction\",\"target\":[\"https:\/\/fiberglasshotstick.com\/product\/high-voltage-adjustable-frp-triangle-telescopic-operating-rod-hot-stick-with-scale\/\"]}]},{\"@type\":\"BreadcrumbList\",\"@id\":\"https:\/\/fiberglasshotstick.com\/product\/high-voltage-adjustable-frp-triangle-telescopic-operating-rod-hot-stick-with-scale\/#breadcrumb\",\"itemListElement\":[{\"@type\":\"ListItem\",\"position\":1,\"name\":\"Home\",\"item\":\"https:\/\/fiberglasshotstick.com\/\"},{\"@type\":\"ListItem\",\"position\":2,\"name\":\"Products\",\"item\":\"https:\/\/fiberglasshotstick.com\/products\/\"},{\"@type\":\"ListItem\",\"position\":3,\"name\":\"High Voltage Adjustable FRP Triangle Telescopic Operating Rod\/Hot Stick with Scale\"}]}]}<\/script>\n<!-- \/ Yoast SEO Premium plugin. -->","yoast_head_json":{"title":"High Voltage Adjustable FRP Triangle Telescopic Operating Rod\/Hot Stick with Scale - hotstick","description":"High Voltage Adjustable FRP Triangle Telescopic Operating Rod\/Hot Stick with Scale:Fiberglass hot stick is mainly used for splitting high and low voltage switches, pull-in electric brakes and for live working wire clamps. According to the voltage leve","robots":{"index":"index","follow":"follow","max-snippet":"max-snippet:-1","max-image-preview":"max-image-preview:large","max-video-preview":"max-video-preview:-1"},"canonical":"https:\/\/fiberglasshotstick.com\/pt\/produto\/high-voltage-adjustable-frp-triangle-telescopic-operating-rod-hot-stick-with-scale\/","og_locale":"pt_BR","og_type":"article","og_title":"High Voltage Adjustable FRP Triangle Telescopic Operating Rod\/Hot Stick with Scale","og_description":"High Voltage Adjustable FRP Triangle Telescopic Operating Rod\/Hot Stick with Scale:Fiberglass hot stick is mainly used for splitting high and low voltage switches, pull-in electric brakes and for live working wire clamps. According to the voltage leve","og_url":"https:\/\/fiberglasshotstick.com\/pt\/produto\/high-voltage-adjustable-frp-triangle-telescopic-operating-rod-hot-stick-with-scale\/","og_site_name":"hotstick","article_modified_time":"2022-10-20T03:37:51+00:00","og_image":[{"width":774,"height":780,"url":"https:\/\/fiberglasshotstick.com\/wp-content\/uploads\/2022\/10\/Electric-Power-Telescopic-Measuring-Height-Stick.jpg","type":"image\/jpeg"}],"twitter_card":"summary_large_image","schema":{"@context":"https:\/\/schema.org","@graph":[{"@type":"WebSite","@id":"https:\/\/fiberglasshotstick.com\/#website","url":"https:\/\/fiberglasshotstick.com\/","name":"hotstick","description":"\u53c8\u4e00\u4e2aWordPress\u7ad9\u70b9","potentialAction":[{"@type":"SearchAction","target":{"@type":"EntryPoint","urlTemplate":"https:\/\/fiberglasshotstick.com\/?s={search_term_string}"},"query-input":"required name=search_term_string"}],"inLanguage":"pt-BR"},{"@type":"ImageObject","@id":"https:\/\/fiberglasshotstick.com\/product\/high-voltage-adjustable-frp-triangle-telescopic-operating-rod-hot-stick-with-scale\/#primaryimage","inLanguage":"pt-BR","url":"https:\/\/fiberglasshotstick.com\/wp-content\/uploads\/2022\/10\/Electric-Power-Telescopic-Measuring-Height-Stick.jpg","contentUrl":"https:\/\/fiberglasshotstick.com\/wp-content\/uploads\/2022\/10\/Electric-Power-Telescopic-Measuring-Height-Stick.jpg","width":774,"height":780,"caption":"High Voltage Triangle fiberglass telescoping hot\/link stick With scale"},{"@type":"WebPage","@id":"https:\/\/fiberglasshotstick.com\/product\/high-voltage-adjustable-frp-triangle-telescopic-operating-rod-hot-stick-with-scale\/#webpage","url":"https:\/\/fiberglasshotstick.com\/product\/high-voltage-adjustable-frp-triangle-telescopic-operating-rod-hot-stick-with-scale\/","name":"High Voltage Adjustable FRP Triangle Telescopic Operating Rod\/Hot Stick with Scale - hotstick","isPartOf":{"@id":"https:\/\/fiberglasshotstick.com\/#website"},"primaryImageOfPage":{"@id":"https:\/\/fiberglasshotstick.com\/product\/high-voltage-adjustable-frp-triangle-telescopic-operating-rod-hot-stick-with-scale\/#primaryimage"},"datePublished":"2022-10-20T03:26:53+00:00","dateModified":"2022-10-20T03:37:51+00:00","description":"High Voltage Adjustable FRP Triangle Telescopic Operating Rod\/Hot Stick with Scale:Fiberglass hot stick is mainly used for splitting high and low voltage switches, pull-in electric brakes and for live working wire clamps. According to the voltage leve","breadcrumb":{"@id":"https:\/\/fiberglasshotstick.com\/product\/high-voltage-adjustable-frp-triangle-telescopic-operating-rod-hot-stick-with-scale\/#breadcrumb"},"inLanguage":"pt-BR","potentialAction":[{"@type":"ReadAction","target":["https:\/\/fiberglasshotstick.com\/product\/high-voltage-adjustable-frp-triangle-telescopic-operating-rod-hot-stick-with-scale\/"]}]},{"@type":"BreadcrumbList","@id":"https:\/\/fiberglasshotstick.com\/product\/high-voltage-adjustable-frp-triangle-telescopic-operating-rod-hot-stick-with-scale\/#breadcrumb","itemListElement":[{"@type":"ListItem","position":1,"name":"Home","item":"https:\/\/fiberglasshotstick.com\/"},{"@type":"ListItem","position":2,"name":"Products","item":"https:\/\/fiberglasshotstick.com\/products\/"},{"@type":"ListItem","position":3,"name":"High Voltage Adjustable FRP Triangle Telescopic Operating Rod\/Hot Stick with Scale"}]}]}},"_links":{"self":[{"href":"https:\/\/fiberglasshotstick.com\/pt\/wp-json\/wp\/v2\/product\/1107"}],"collection":[{"href":"https:\/\/fiberglasshotstick.com\/pt\/wp-json\/wp\/v2\/product"}],"about":[{"href":"https:\/\/fiberglasshotstick.com\/pt\/wp-json\/wp\/v2\/types\/product"}],"version-history":[{"count":3,"href":"https:\/\/fiberglasshotstick.com\/pt\/wp-json\/wp\/v2\/product\/1107\/revisions"}],"predecessor-version":[{"id":1147,"href":"https:\/\/fiberglasshotstick.com\/pt\/wp-json\/wp\/v2\/product\/1107\/revisions\/1147"}],"wp:featuredmedia":[{"embeddable":true,"href":"https:\/\/fiberglasshotstick.com\/pt\/wp-json\/wp\/v2\/media\/1127"}],"wp:attachment":[{"href":"https:\/\/fiberglasshotstick.com\/pt\/wp-json\/wp\/v2\/media?parent=1107"}],"wp:term":[{"taxonomy":"product_cat","embeddable":true,"href":"https:\/\/fiberglasshotstick.com\/pt\/wp-json\/wp\/v2\/product_cat?post=1107"},{"taxonomy":"product_tag","embeddable":true,"href":"https:\/\/fiberglasshotstick.com\/pt\/wp-json\/wp\/v2\/product_tag?post=1107"}],"curies":[{"name":"wp","href":"https:\/\/api.w.org\/{rel}","templated":true}]}}