{"id":1069,"date":"2022-10-20T08:52:50","date_gmt":"2022-10-20T00:52:50","guid":{"rendered":"https:\/\/fiberglasshotstick.com\/?post_type=product&#038;p=1069"},"modified":"2022-11-22T10:08:14","modified_gmt":"2022-11-22T02:08:14","slug":"triangle-portable-telescopic-insulated-height-measuring-rod-stick","status":"publish","type":"product","link":"https:\/\/fiberglasshotstick.com\/pt\/produto\/triangle-portable-telescopic-insulated-height-measuring-rod-stick\/","title":{"rendered":"Haste\/vara de medi\u00e7\u00e3o de altura isolada telesc\u00f3pica port\u00e1til triangular"},"content":{"rendered":"<p>Haste\/vara de medi\u00e7\u00e3o de altura isolada telesc\u00f3pica port\u00e1til triangular<\/p>\n<p>A haste de medi\u00e7\u00e3o de altura telesc\u00f3pica triangular \u00e9 feita de resina ep\u00f3xi. Como a se\u00e7\u00e3o transversal da barra \u00e9 triangular, o usu\u00e1rio pode control\u00e1 -lo de maneira mais est\u00e1vel durante o uso. O \u00e2ngulo da barra de medi\u00e7\u00e3o de altura \u00e9 est\u00e1vel, n\u00e3o gira e n\u00e3o \u00e9 f\u00e1cil danificar a fivela. \u00c9 conveniente usar e tamb\u00e9m estende muito a vida \u00fatil da barra de medi\u00e7\u00e3o de altura.<\/p>\n<figure id=\"attachment_1096\" aria-describedby=\"caption-attachment-1096\" style=\"width: 829px\" class=\"wp-caption alignnone\"><img loading=\"lazy\" class=\"wp-image-1096\" src=\"https:\/\/fiberglasshotstick.com\/wp-content\/uploads\/2022\/10\/U4-300x300.jpg\" alt=\"Triangle Telescopic Insulated Height measuring rod\/stick\" width=\"829\" height=\"829\" srcset=\"https:\/\/fiberglasshotstick.com\/wp-content\/uploads\/2022\/10\/U4-300x300.jpg 300w, https:\/\/fiberglasshotstick.com\/wp-content\/uploads\/2022\/10\/U4-150x150.jpg 150w, https:\/\/fiberglasshotstick.com\/wp-content\/uploads\/2022\/10\/U4-768x768.jpg 768w, https:\/\/fiberglasshotstick.com\/wp-content\/uploads\/2022\/10\/U4-12x12.jpg 12w, https:\/\/fiberglasshotstick.com\/wp-content\/uploads\/2022\/10\/U4-600x600.jpg 600w, https:\/\/fiberglasshotstick.com\/wp-content\/uploads\/2022\/10\/U4-100x100.jpg 100w, https:\/\/fiberglasshotstick.com\/wp-content\/uploads\/2022\/10\/U4.jpg 800w\" sizes=\"(max-width: 829px) 100vw, 829px\" \/><figcaption id=\"caption-attachment-1096\" class=\"wp-caption-text\">Triangle Telescopic Insulated Height measuring rod\/stick<\/figcaption><\/figure>","protected":false},"excerpt":{"rendered":"<p>Haste\/vara de medi\u00e7\u00e3o de altura isolada telesc\u00f3pica port\u00e1til triangular<strong>: <\/strong>\u00c9 feito de pano de fibra de vidro, resina ep\u00f3xi, anidrido ft\u00e1lico de 306 resina, pano de fibra de fibra de vidro e agente de cura. Ap\u00f3s uma segunda temperatura alta e depois colocada no molde, remova o molde, ap\u00f3s uma segunda moagem de alta temperatura, uma moagem \u00e1spera, duas moagem fina e depois lacada em outros produtos FRP, apar\u00eancia bonita, estrutura leve, f\u00e1cil de operar , Possui excelentes propriedades mec\u00e2nicas e el\u00e9tricas e \u00e9 adequado para uso sob v\u00e1rias condi\u00e7\u00f5es de alta press\u00e3o. Tem um bom desempenho de isolamento e \u00e9 seguro de usar. \u00c9 com a propriedade de peso leve, alta resist\u00eancia e alto isolamento.<\/p>","protected":false},"featured_media":1090,"template":"","meta":{"_kad_post_transparent":"default","_kad_post_title":"","_kad_post_layout":"default","_kad_post_sidebar_id":"","_kad_post_content_style":"default","_kad_post_vertical_padding":"default","_kad_post_feature":"","_kad_post_feature_position":"","_kad_post_header":false,"_kad_post_footer":false},"product_cat":[57],"product_tag":[208,207,213,204,214,209,211,199,203,210,201,202,212,200,205,206],"yoast_head":"<!-- This site is optimized with the Yoast SEO Premium plugin v18.3 (Yoast SEO v18.5) - https:\/\/yoast.com\/wordpress\/plugins\/seo\/ -->\n<title>Triangle Portable Telescopic Insulated Height measuring rod\/stick - hotstick<\/title>\n<meta name=\"description\" content=\"Triangle Portable Telescopic Insulated Height measuring rod\/stick Applications: Height measuring rod use range: The height measuring rod is used to measure the height of the wire and the crossing distance of the line.The telescopic measuring height stick is widely used in the measurement of overhead lines, telephones, railways, cable TV, bridges, Height of wire \/ tunnel \/ tree \/ cargo loaded \/ signboard and so on.\" \/>\n<meta name=\"robots\" content=\"index, follow, max-snippet:-1, max-image-preview:large, max-video-preview:-1\" \/>\n<link rel=\"canonical\" href=\"https:\/\/fiberglasshotstick.com\/pt\/produto\/triangle-portable-telescopic-insulated-height-measuring-rod-stick\/\" \/>\n<meta property=\"og:locale\" content=\"pt_BR\" \/>\n<meta property=\"og:type\" content=\"article\" \/>\n<meta property=\"og:title\" content=\"Triangle Portable Telescopic Insulated Height measuring rod\/stick\" \/>\n<meta property=\"og:description\" content=\"Triangle Portable Telescopic Insulated Height measuring rod\/stick Applications: Height measuring rod use range: The height measuring rod is used to measure the height of the wire and the crossing distance of the line.The telescopic measuring height stick is widely used in the measurement of overhead lines, telephones, railways, cable TV, bridges, Height of wire \/ tunnel \/ tree \/ cargo loaded \/ signboard and so on.\" \/>\n<meta property=\"og:url\" content=\"https:\/\/fiberglasshotstick.com\/pt\/produto\/triangle-portable-telescopic-insulated-height-measuring-rod-stick\/\" \/>\n<meta property=\"og:site_name\" content=\"hotstick\" \/>\n<meta property=\"article:modified_time\" content=\"2022-11-22T02:08:14+00:00\" \/>\n<meta property=\"og:image\" content=\"https:\/\/fiberglasshotstick.com\/wp-content\/uploads\/2022\/10\/OK.jpg\" \/>\n\t<meta property=\"og:image:width\" content=\"774\" \/>\n\t<meta property=\"og:image:height\" content=\"780\" \/>\n\t<meta property=\"og:image:type\" content=\"image\/jpeg\" \/>\n<meta name=\"twitter:card\" content=\"summary_large_image\" \/>\n<meta name=\"twitter:label1\" content=\"Est. tempo de leitura\" \/>\n\t<meta name=\"twitter:data1\" content=\"1 minuto\" \/>\n<script type=\"application\/ld+json\" class=\"yoast-schema-graph\">{\"@context\":\"https:\/\/schema.org\",\"@graph\":[{\"@type\":\"WebSite\",\"@id\":\"https:\/\/fiberglasshotstick.com\/#website\",\"url\":\"https:\/\/fiberglasshotstick.com\/\",\"name\":\"hotstick\",\"description\":\"\u53c8\u4e00\u4e2aWordPress\u7ad9\u70b9\",\"potentialAction\":[{\"@type\":\"SearchAction\",\"target\":{\"@type\":\"EntryPoint\",\"urlTemplate\":\"https:\/\/fiberglasshotstick.com\/?s={search_term_string}\"},\"query-input\":\"required name=search_term_string\"}],\"inLanguage\":\"pt-BR\"},{\"@type\":\"ImageObject\",\"@id\":\"https:\/\/fiberglasshotstick.com\/product\/triangle-portable-telescopic-insulated-height-measuring-rod-stick\/#primaryimage\",\"inLanguage\":\"pt-BR\",\"url\":\"https:\/\/fiberglasshotstick.com\/wp-content\/uploads\/2022\/10\/OK.jpg\",\"contentUrl\":\"https:\/\/fiberglasshotstick.com\/wp-content\/uploads\/2022\/10\/OK.jpg\",\"width\":774,\"height\":780,\"caption\":\"Triangle Portable Telescopic Insulated Height measuring rod\/stick\"},{\"@type\":\"WebPage\",\"@id\":\"https:\/\/fiberglasshotstick.com\/product\/triangle-portable-telescopic-insulated-height-measuring-rod-stick\/#webpage\",\"url\":\"https:\/\/fiberglasshotstick.com\/product\/triangle-portable-telescopic-insulated-height-measuring-rod-stick\/\",\"name\":\"Triangle Portable Telescopic Insulated Height measuring rod\/stick - hotstick\",\"isPartOf\":{\"@id\":\"https:\/\/fiberglasshotstick.com\/#website\"},\"primaryImageOfPage\":{\"@id\":\"https:\/\/fiberglasshotstick.com\/product\/triangle-portable-telescopic-insulated-height-measuring-rod-stick\/#primaryimage\"},\"datePublished\":\"2022-10-20T00:52:50+00:00\",\"dateModified\":\"2022-11-22T02:08:14+00:00\",\"description\":\"Triangle Portable Telescopic Insulated Height measuring rod\/stick Applications: Height measuring rod use range: The height measuring rod is used to measure the height of the wire and the crossing distance of the line.The telescopic measuring height stick is widely used in the measurement of overhead lines, telephones, railways, cable TV, bridges, Height of wire \/ tunnel \/ tree \/ cargo loaded \/ signboard and so on.\",\"breadcrumb\":{\"@id\":\"https:\/\/fiberglasshotstick.com\/product\/triangle-portable-telescopic-insulated-height-measuring-rod-stick\/#breadcrumb\"},\"inLanguage\":\"pt-BR\",\"potentialAction\":[{\"@type\":\"ReadAction\",\"target\":[\"https:\/\/fiberglasshotstick.com\/product\/triangle-portable-telescopic-insulated-height-measuring-rod-stick\/\"]}]},{\"@type\":\"BreadcrumbList\",\"@id\":\"https:\/\/fiberglasshotstick.com\/product\/triangle-portable-telescopic-insulated-height-measuring-rod-stick\/#breadcrumb\",\"itemListElement\":[{\"@type\":\"ListItem\",\"position\":1,\"name\":\"Home\",\"item\":\"https:\/\/fiberglasshotstick.com\/\"},{\"@type\":\"ListItem\",\"position\":2,\"name\":\"Products\",\"item\":\"https:\/\/fiberglasshotstick.com\/products\/\"},{\"@type\":\"ListItem\",\"position\":3,\"name\":\"Triangle Portable Telescopic Insulated Height measuring rod\/stick\"}]}]}<\/script>\n<!-- \/ Yoast SEO Premium plugin. -->","yoast_head_json":{"title":"Triangle Portable Telescopic Insulated Height measuring rod\/stick - hotstick","description":"Triangle Portable Telescopic Insulated Height measuring rod\/stick Applications: Height measuring rod use range: The height measuring rod is used to measure the height of the wire and the crossing distance of the line.The telescopic measuring height stick is widely used in the measurement of overhead lines, telephones, railways, cable TV, bridges, Height of wire \/ tunnel \/ tree \/ cargo loaded \/ signboard and so on.","robots":{"index":"index","follow":"follow","max-snippet":"max-snippet:-1","max-image-preview":"max-image-preview:large","max-video-preview":"max-video-preview:-1"},"canonical":"https:\/\/fiberglasshotstick.com\/pt\/produto\/triangle-portable-telescopic-insulated-height-measuring-rod-stick\/","og_locale":"pt_BR","og_type":"article","og_title":"Triangle Portable Telescopic Insulated Height measuring rod\/stick","og_description":"Triangle Portable Telescopic Insulated Height measuring rod\/stick Applications: Height measuring rod use range: The height measuring rod is used to measure the height of the wire and the crossing distance of the line.The telescopic measuring height stick is widely used in the measurement of overhead lines, telephones, railways, cable TV, bridges, Height of wire \/ tunnel \/ tree \/ cargo loaded \/ signboard and so on.","og_url":"https:\/\/fiberglasshotstick.com\/pt\/produto\/triangle-portable-telescopic-insulated-height-measuring-rod-stick\/","og_site_name":"hotstick","article_modified_time":"2022-11-22T02:08:14+00:00","og_image":[{"width":774,"height":780,"url":"https:\/\/fiberglasshotstick.com\/wp-content\/uploads\/2022\/10\/OK.jpg","type":"image\/jpeg"}],"twitter_card":"summary_large_image","twitter_misc":{"Est. tempo de leitura":"1 minuto"},"schema":{"@context":"https:\/\/schema.org","@graph":[{"@type":"WebSite","@id":"https:\/\/fiberglasshotstick.com\/#website","url":"https:\/\/fiberglasshotstick.com\/","name":"hotstick","description":"\u53c8\u4e00\u4e2aWordPress\u7ad9\u70b9","potentialAction":[{"@type":"SearchAction","target":{"@type":"EntryPoint","urlTemplate":"https:\/\/fiberglasshotstick.com\/?s={search_term_string}"},"query-input":"required name=search_term_string"}],"inLanguage":"pt-BR"},{"@type":"ImageObject","@id":"https:\/\/fiberglasshotstick.com\/product\/triangle-portable-telescopic-insulated-height-measuring-rod-stick\/#primaryimage","inLanguage":"pt-BR","url":"https:\/\/fiberglasshotstick.com\/wp-content\/uploads\/2022\/10\/OK.jpg","contentUrl":"https:\/\/fiberglasshotstick.com\/wp-content\/uploads\/2022\/10\/OK.jpg","width":774,"height":780,"caption":"Triangle Portable Telescopic Insulated Height measuring rod\/stick"},{"@type":"WebPage","@id":"https:\/\/fiberglasshotstick.com\/product\/triangle-portable-telescopic-insulated-height-measuring-rod-stick\/#webpage","url":"https:\/\/fiberglasshotstick.com\/product\/triangle-portable-telescopic-insulated-height-measuring-rod-stick\/","name":"Triangle Portable Telescopic Insulated Height measuring rod\/stick - hotstick","isPartOf":{"@id":"https:\/\/fiberglasshotstick.com\/#website"},"primaryImageOfPage":{"@id":"https:\/\/fiberglasshotstick.com\/product\/triangle-portable-telescopic-insulated-height-measuring-rod-stick\/#primaryimage"},"datePublished":"2022-10-20T00:52:50+00:00","dateModified":"2022-11-22T02:08:14+00:00","description":"Triangle Portable Telescopic Insulated Height measuring rod\/stick Applications: Height measuring rod use range: The height measuring rod is used to measure the height of the wire and the crossing distance of the line.The telescopic measuring height stick is widely used in the measurement of overhead lines, telephones, railways, cable TV, bridges, Height of wire \/ tunnel \/ tree \/ cargo loaded \/ signboard and so on.","breadcrumb":{"@id":"https:\/\/fiberglasshotstick.com\/product\/triangle-portable-telescopic-insulated-height-measuring-rod-stick\/#breadcrumb"},"inLanguage":"pt-BR","potentialAction":[{"@type":"ReadAction","target":["https:\/\/fiberglasshotstick.com\/product\/triangle-portable-telescopic-insulated-height-measuring-rod-stick\/"]}]},{"@type":"BreadcrumbList","@id":"https:\/\/fiberglasshotstick.com\/product\/triangle-portable-telescopic-insulated-height-measuring-rod-stick\/#breadcrumb","itemListElement":[{"@type":"ListItem","position":1,"name":"Home","item":"https:\/\/fiberglasshotstick.com\/"},{"@type":"ListItem","position":2,"name":"Products","item":"https:\/\/fiberglasshotstick.com\/products\/"},{"@type":"ListItem","position":3,"name":"Triangle Portable Telescopic Insulated Height measuring rod\/stick"}]}]}},"_links":{"self":[{"href":"https:\/\/fiberglasshotstick.com\/pt\/wp-json\/wp\/v2\/product\/1069"}],"collection":[{"href":"https:\/\/fiberglasshotstick.com\/pt\/wp-json\/wp\/v2\/product"}],"about":[{"href":"https:\/\/fiberglasshotstick.com\/pt\/wp-json\/wp\/v2\/types\/product"}],"version-history":[{"count":3,"href":"https:\/\/fiberglasshotstick.com\/pt\/wp-json\/wp\/v2\/product\/1069\/revisions"}],"predecessor-version":[{"id":1291,"href":"https:\/\/fiberglasshotstick.com\/pt\/wp-json\/wp\/v2\/product\/1069\/revisions\/1291"}],"wp:featuredmedia":[{"embeddable":true,"href":"https:\/\/fiberglasshotstick.com\/pt\/wp-json\/wp\/v2\/media\/1090"}],"wp:attachment":[{"href":"https:\/\/fiberglasshotstick.com\/pt\/wp-json\/wp\/v2\/media?parent=1069"}],"wp:term":[{"taxonomy":"product_cat","embeddable":true,"href":"https:\/\/fiberglasshotstick.com\/pt\/wp-json\/wp\/v2\/product_cat?post=1069"},{"taxonomy":"product_tag","embeddable":true,"href":"https:\/\/fiberglasshotstick.com\/pt\/wp-json\/wp\/v2\/product_tag?post=1069"}],"curies":[{"name":"wp","href":"https:\/\/api.w.org\/{rel}","templated":true}]}}