{"id":1069,"date":"2022-10-20T08:52:50","date_gmt":"2022-10-20T00:52:50","guid":{"rendered":"https:\/\/fiberglasshotstick.com\/?post_type=product&#038;p=1069"},"modified":"2022-11-22T10:08:14","modified_gmt":"2022-11-22T02:08:14","slug":"triangle-portable-telescopic-insulated-height-measuring-rod-stick","status":"publish","type":"product","link":"https:\/\/fiberglasshotstick.com\/fr\/produit\/triangle-portable-telescopic-insulated-height-measuring-rod-stick\/","title":{"rendered":"Tige\/b\u00e2ton de mesure de hauteur isol\u00e9 t\u00e9lescopique portable Triangle"},"content":{"rendered":"<p>Tige\/b\u00e2ton de mesure de hauteur isol\u00e9 t\u00e9lescopique portable Triangle<\/p>\n<p>The triangular telescopic height measuring rod is made of epoxy resin. Because the cross section of the bar is triangular, the user can control it more stably during use. The angle of the height measuring bar is stable, it will not rotate, and it is not easy to damage the buckle. It is convenient to use, and also greatly extends the service life of the height measuring bar.<\/p>\n<figure id=\"attachment_1096\" aria-describedby=\"caption-attachment-1096\" style=\"width: 829px\" class=\"wp-caption alignnone\"><img loading=\"lazy\" class=\"wp-image-1096\" src=\"https:\/\/fiberglasshotstick.com\/wp-content\/uploads\/2022\/10\/U4-300x300.jpg\" alt=\"Triangle Telescopic Insulated Height measuring rod\/stick\" width=\"829\" height=\"829\" srcset=\"https:\/\/fiberglasshotstick.com\/wp-content\/uploads\/2022\/10\/U4-300x300.jpg 300w, https:\/\/fiberglasshotstick.com\/wp-content\/uploads\/2022\/10\/U4-150x150.jpg 150w, https:\/\/fiberglasshotstick.com\/wp-content\/uploads\/2022\/10\/U4-768x768.jpg 768w, https:\/\/fiberglasshotstick.com\/wp-content\/uploads\/2022\/10\/U4-12x12.jpg 12w, https:\/\/fiberglasshotstick.com\/wp-content\/uploads\/2022\/10\/U4-600x600.jpg 600w, https:\/\/fiberglasshotstick.com\/wp-content\/uploads\/2022\/10\/U4-100x100.jpg 100w, https:\/\/fiberglasshotstick.com\/wp-content\/uploads\/2022\/10\/U4.jpg 800w\" sizes=\"(max-width: 829px) 100vw, 829px\" \/><figcaption id=\"caption-attachment-1096\" class=\"wp-caption-text\">Triangle Telescopic Insulated Height measuring rod\/stick<\/figcaption><\/figure>","protected":false},"excerpt":{"rendered":"<p>Tige\/b\u00e2ton de mesure de hauteur isol\u00e9 t\u00e9lescopique portable Triangle<strong>: <\/strong>It is made of glass fiber cloth, epoxy resin, 306 resin phthalic anhydride, fiberglass fiber cloth and curing agent. After a second high temperature and then first set on the mold, then remove the mold, after a second high temperature grinding, a rough grinding, two fine grinding, and then lacquered into other FRP products, beautiful appearance, lightweight structure, easy to operate, It has excellent mechanical and electrical properties and is suitable for use under various high pressure conditions. It has good insulation performance and is safe to use.\u00a0It is with the property of light weight, high strength and high insulation.<\/p>","protected":false},"featured_media":1090,"template":"","meta":{"_kad_post_transparent":"default","_kad_post_title":"","_kad_post_layout":"default","_kad_post_sidebar_id":"","_kad_post_content_style":"default","_kad_post_vertical_padding":"default","_kad_post_feature":"","_kad_post_feature_position":"","_kad_post_header":false,"_kad_post_footer":false},"product_cat":[57],"product_tag":[208,207,213,204,214,209,211,199,203,210,201,202,212,200,205,206],"yoast_head":"<!-- This site is optimized with the Yoast SEO Premium plugin v18.3 (Yoast SEO v18.5) - https:\/\/yoast.com\/wordpress\/plugins\/seo\/ -->\n<title>Triangle Portable Telescopic Insulated Height measuring rod\/stick - hotstick<\/title>\n<meta name=\"description\" content=\"Triangle Portable Telescopic Insulated Height measuring rod\/stick Applications: Height measuring rod use range: The height measuring rod is used to measure the height of the wire and the crossing distance of the line.The telescopic measuring height stick is widely used in the measurement of overhead lines, telephones, railways, cable TV, bridges, Height of wire \/ tunnel \/ tree \/ cargo loaded \/ signboard and so on.\" \/>\n<meta name=\"robots\" content=\"index, follow, max-snippet:-1, max-image-preview:large, max-video-preview:-1\" \/>\n<link rel=\"canonical\" href=\"https:\/\/fiberglasshotstick.com\/fr\/produit\/triangle-portable-telescopic-insulated-height-measuring-rod-stick\/\" \/>\n<meta property=\"og:locale\" content=\"fr_FR\" \/>\n<meta property=\"og:type\" content=\"article\" \/>\n<meta property=\"og:title\" content=\"Triangle Portable Telescopic Insulated Height measuring rod\/stick\" \/>\n<meta property=\"og:description\" content=\"Triangle Portable Telescopic Insulated Height measuring rod\/stick Applications: Height measuring rod use range: The height measuring rod is used to measure the height of the wire and the crossing distance of the line.The telescopic measuring height stick is widely used in the measurement of overhead lines, telephones, railways, cable TV, bridges, Height of wire \/ tunnel \/ tree \/ cargo loaded \/ signboard and so on.\" \/>\n<meta property=\"og:url\" content=\"https:\/\/fiberglasshotstick.com\/fr\/produit\/triangle-portable-telescopic-insulated-height-measuring-rod-stick\/\" \/>\n<meta property=\"og:site_name\" content=\"hotstick\" \/>\n<meta property=\"article:modified_time\" content=\"2022-11-22T02:08:14+00:00\" \/>\n<meta property=\"og:image\" content=\"https:\/\/fiberglasshotstick.com\/wp-content\/uploads\/2022\/10\/OK.jpg\" \/>\n\t<meta property=\"og:image:width\" content=\"774\" \/>\n\t<meta property=\"og:image:height\" content=\"780\" \/>\n\t<meta property=\"og:image:type\" content=\"image\/jpeg\" \/>\n<meta name=\"twitter:card\" content=\"summary_large_image\" \/>\n<meta name=\"twitter:label1\" content=\"Dur\u00e9e de lecture estim\u00e9e\" \/>\n\t<meta name=\"twitter:data1\" content=\"1 minute\" \/>\n<script type=\"application\/ld+json\" class=\"yoast-schema-graph\">{\"@context\":\"https:\/\/schema.org\",\"@graph\":[{\"@type\":\"WebSite\",\"@id\":\"https:\/\/fiberglasshotstick.com\/#website\",\"url\":\"https:\/\/fiberglasshotstick.com\/\",\"name\":\"hotstick\",\"description\":\"\u53c8\u4e00\u4e2aWordPress\u7ad9\u70b9\",\"potentialAction\":[{\"@type\":\"SearchAction\",\"target\":{\"@type\":\"EntryPoint\",\"urlTemplate\":\"https:\/\/fiberglasshotstick.com\/?s={search_term_string}\"},\"query-input\":\"required name=search_term_string\"}],\"inLanguage\":\"fr-FR\"},{\"@type\":\"ImageObject\",\"@id\":\"https:\/\/fiberglasshotstick.com\/product\/triangle-portable-telescopic-insulated-height-measuring-rod-stick\/#primaryimage\",\"inLanguage\":\"fr-FR\",\"url\":\"https:\/\/fiberglasshotstick.com\/wp-content\/uploads\/2022\/10\/OK.jpg\",\"contentUrl\":\"https:\/\/fiberglasshotstick.com\/wp-content\/uploads\/2022\/10\/OK.jpg\",\"width\":774,\"height\":780,\"caption\":\"Triangle Portable Telescopic Insulated Height measuring rod\/stick\"},{\"@type\":\"WebPage\",\"@id\":\"https:\/\/fiberglasshotstick.com\/product\/triangle-portable-telescopic-insulated-height-measuring-rod-stick\/#webpage\",\"url\":\"https:\/\/fiberglasshotstick.com\/product\/triangle-portable-telescopic-insulated-height-measuring-rod-stick\/\",\"name\":\"Triangle Portable Telescopic Insulated Height measuring rod\/stick - hotstick\",\"isPartOf\":{\"@id\":\"https:\/\/fiberglasshotstick.com\/#website\"},\"primaryImageOfPage\":{\"@id\":\"https:\/\/fiberglasshotstick.com\/product\/triangle-portable-telescopic-insulated-height-measuring-rod-stick\/#primaryimage\"},\"datePublished\":\"2022-10-20T00:52:50+00:00\",\"dateModified\":\"2022-11-22T02:08:14+00:00\",\"description\":\"Triangle Portable Telescopic Insulated Height measuring rod\/stick Applications: Height measuring rod use range: The height measuring rod is used to measure the height of the wire and the crossing distance of the line.The telescopic measuring height stick is widely used in the measurement of overhead lines, telephones, railways, cable TV, bridges, Height of wire \/ tunnel \/ tree \/ cargo loaded \/ signboard and so on.\",\"breadcrumb\":{\"@id\":\"https:\/\/fiberglasshotstick.com\/product\/triangle-portable-telescopic-insulated-height-measuring-rod-stick\/#breadcrumb\"},\"inLanguage\":\"fr-FR\",\"potentialAction\":[{\"@type\":\"ReadAction\",\"target\":[\"https:\/\/fiberglasshotstick.com\/product\/triangle-portable-telescopic-insulated-height-measuring-rod-stick\/\"]}]},{\"@type\":\"BreadcrumbList\",\"@id\":\"https:\/\/fiberglasshotstick.com\/product\/triangle-portable-telescopic-insulated-height-measuring-rod-stick\/#breadcrumb\",\"itemListElement\":[{\"@type\":\"ListItem\",\"position\":1,\"name\":\"Home\",\"item\":\"https:\/\/fiberglasshotstick.com\/\"},{\"@type\":\"ListItem\",\"position\":2,\"name\":\"Products\",\"item\":\"https:\/\/fiberglasshotstick.com\/products\/\"},{\"@type\":\"ListItem\",\"position\":3,\"name\":\"Triangle Portable Telescopic Insulated Height measuring rod\/stick\"}]}]}<\/script>\n<!-- \/ Yoast SEO Premium plugin. -->","yoast_head_json":{"title":"Triangle Portable Telescopic Insulated Height measuring rod\/stick - hotstick","description":"Triangle Portable Telescopic Insulated Height measuring rod\/stick Applications: Height measuring rod use range: The height measuring rod is used to measure the height of the wire and the crossing distance of the line.The telescopic measuring height stick is widely used in the measurement of overhead lines, telephones, railways, cable TV, bridges, Height of wire \/ tunnel \/ tree \/ cargo loaded \/ signboard and so on.","robots":{"index":"index","follow":"follow","max-snippet":"max-snippet:-1","max-image-preview":"max-image-preview:large","max-video-preview":"max-video-preview:-1"},"canonical":"https:\/\/fiberglasshotstick.com\/fr\/produit\/triangle-portable-telescopic-insulated-height-measuring-rod-stick\/","og_locale":"fr_FR","og_type":"article","og_title":"Triangle Portable Telescopic Insulated Height measuring rod\/stick","og_description":"Triangle Portable Telescopic Insulated Height measuring rod\/stick Applications: Height measuring rod use range: The height measuring rod is used to measure the height of the wire and the crossing distance of the line.The telescopic measuring height stick is widely used in the measurement of overhead lines, telephones, railways, cable TV, bridges, Height of wire \/ tunnel \/ tree \/ cargo loaded \/ signboard and so on.","og_url":"https:\/\/fiberglasshotstick.com\/fr\/produit\/triangle-portable-telescopic-insulated-height-measuring-rod-stick\/","og_site_name":"hotstick","article_modified_time":"2022-11-22T02:08:14+00:00","og_image":[{"width":774,"height":780,"url":"https:\/\/fiberglasshotstick.com\/wp-content\/uploads\/2022\/10\/OK.jpg","type":"image\/jpeg"}],"twitter_card":"summary_large_image","twitter_misc":{"Dur\u00e9e de lecture estim\u00e9e":"1 minute"},"schema":{"@context":"https:\/\/schema.org","@graph":[{"@type":"WebSite","@id":"https:\/\/fiberglasshotstick.com\/#website","url":"https:\/\/fiberglasshotstick.com\/","name":"hotstick","description":"\u53c8\u4e00\u4e2aWordPress\u7ad9\u70b9","potentialAction":[{"@type":"SearchAction","target":{"@type":"EntryPoint","urlTemplate":"https:\/\/fiberglasshotstick.com\/?s={search_term_string}"},"query-input":"required name=search_term_string"}],"inLanguage":"fr-FR"},{"@type":"ImageObject","@id":"https:\/\/fiberglasshotstick.com\/product\/triangle-portable-telescopic-insulated-height-measuring-rod-stick\/#primaryimage","inLanguage":"fr-FR","url":"https:\/\/fiberglasshotstick.com\/wp-content\/uploads\/2022\/10\/OK.jpg","contentUrl":"https:\/\/fiberglasshotstick.com\/wp-content\/uploads\/2022\/10\/OK.jpg","width":774,"height":780,"caption":"Triangle Portable Telescopic Insulated Height measuring rod\/stick"},{"@type":"WebPage","@id":"https:\/\/fiberglasshotstick.com\/product\/triangle-portable-telescopic-insulated-height-measuring-rod-stick\/#webpage","url":"https:\/\/fiberglasshotstick.com\/product\/triangle-portable-telescopic-insulated-height-measuring-rod-stick\/","name":"Triangle Portable Telescopic Insulated Height measuring rod\/stick - hotstick","isPartOf":{"@id":"https:\/\/fiberglasshotstick.com\/#website"},"primaryImageOfPage":{"@id":"https:\/\/fiberglasshotstick.com\/product\/triangle-portable-telescopic-insulated-height-measuring-rod-stick\/#primaryimage"},"datePublished":"2022-10-20T00:52:50+00:00","dateModified":"2022-11-22T02:08:14+00:00","description":"Triangle Portable Telescopic Insulated Height measuring rod\/stick Applications: Height measuring rod use range: The height measuring rod is used to measure the height of the wire and the crossing distance of the line.The telescopic measuring height stick is widely used in the measurement of overhead lines, telephones, railways, cable TV, bridges, Height of wire \/ tunnel \/ tree \/ cargo loaded \/ signboard and so on.","breadcrumb":{"@id":"https:\/\/fiberglasshotstick.com\/product\/triangle-portable-telescopic-insulated-height-measuring-rod-stick\/#breadcrumb"},"inLanguage":"fr-FR","potentialAction":[{"@type":"ReadAction","target":["https:\/\/fiberglasshotstick.com\/product\/triangle-portable-telescopic-insulated-height-measuring-rod-stick\/"]}]},{"@type":"BreadcrumbList","@id":"https:\/\/fiberglasshotstick.com\/product\/triangle-portable-telescopic-insulated-height-measuring-rod-stick\/#breadcrumb","itemListElement":[{"@type":"ListItem","position":1,"name":"Home","item":"https:\/\/fiberglasshotstick.com\/"},{"@type":"ListItem","position":2,"name":"Products","item":"https:\/\/fiberglasshotstick.com\/products\/"},{"@type":"ListItem","position":3,"name":"Triangle Portable Telescopic Insulated Height measuring rod\/stick"}]}]}},"_links":{"self":[{"href":"https:\/\/fiberglasshotstick.com\/fr\/wp-json\/wp\/v2\/product\/1069"}],"collection":[{"href":"https:\/\/fiberglasshotstick.com\/fr\/wp-json\/wp\/v2\/product"}],"about":[{"href":"https:\/\/fiberglasshotstick.com\/fr\/wp-json\/wp\/v2\/types\/product"}],"version-history":[{"count":3,"href":"https:\/\/fiberglasshotstick.com\/fr\/wp-json\/wp\/v2\/product\/1069\/revisions"}],"predecessor-version":[{"id":1291,"href":"https:\/\/fiberglasshotstick.com\/fr\/wp-json\/wp\/v2\/product\/1069\/revisions\/1291"}],"wp:featuredmedia":[{"embeddable":true,"href":"https:\/\/fiberglasshotstick.com\/fr\/wp-json\/wp\/v2\/media\/1090"}],"wp:attachment":[{"href":"https:\/\/fiberglasshotstick.com\/fr\/wp-json\/wp\/v2\/media?parent=1069"}],"wp:term":[{"taxonomy":"product_cat","embeddable":true,"href":"https:\/\/fiberglasshotstick.com\/fr\/wp-json\/wp\/v2\/product_cat?post=1069"},{"taxonomy":"product_tag","embeddable":true,"href":"https:\/\/fiberglasshotstick.com\/fr\/wp-json\/wp\/v2\/product_tag?post=1069"}],"curies":[{"name":"wp","href":"https:\/\/api.w.org\/{rel}","templated":true}]}}