{"id":819,"date":"2022-06-07T10:51:29","date_gmt":"2022-06-07T02:51:29","guid":{"rendered":"https:\/\/fiberglasshotstick.com\/?post_type=product&#038;p=819"},"modified":"2022-06-07T10:51:29","modified_gmt":"2022-06-07T02:51:29","slug":"high-voltage-double-self-test-fiberglass-telescopic-acousto-optic-electroscope","status":"publish","type":"product","link":"https:\/\/fiberglasshotstick.com\/es\/producto\/high-voltage-double-self-test-fiberglass-telescopic-acousto-optic-electroscope\/","title":{"rendered":"Electroscopio ac\u00fastico-\u00f3ptico telesc\u00f3pico de fibra de vidrio de autocomprobaci\u00f3n doble de alto voltaje"},"content":{"rendered":"","protected":false},"excerpt":{"rendered":"<p>Product Description<br \/>\n<strong>The High voltage electroscope<\/strong> is the necessary security tools for electric system and industrial and mining enterprise electricity work. <strong>Electroscopio ac\u00fastico-\u00f3ptico telesc\u00f3pico de fibra de vidrio de autocomprobaci\u00f3n doble de alto voltaje <\/strong>is used for testing 0.1 KV-750 KV lines or equipment whether running with power frequency voltage, ensure the personal safety of lineman<\/p>\n<p><strong>Electroscopio ac\u00fastico-\u00f3ptico telesc\u00f3pico de fibra de vidrio de autocomprobaci\u00f3n doble de alto voltaje<\/strong> is made of electronic integrated circuit and has stable and reliable performance. It has the characteristics of full circuit self-checking function and strong anti-interference. <strong>High voltage electroscope<\/strong> is suitable for 220V-500V, 6KV, 10KV, 35KV, 110KV, 220KV, 500KV, 750LV AC transmission and distribution lines and equipment.<\/p>\n<p><strong>Electroscopio ac\u00fastico-\u00f3ptico telesc\u00f3pico de fibra de vidrio de autocomprobaci\u00f3n doble de alto voltaje <\/strong>can serve you correctly and reliably in daytime or night, indoor substation or outdoor overhead lines. It is a necessary safety tool for electric power system and industrial and mining enterprises.<\/p>\n<p><strong>High Voltage Electroscope<\/strong>, integrated the advantages of various traditional electroscope. The lines and advanced and practical features. Field operation with acousto-optic alarm, safe and reliable. Use 4 pcs 1.5V button alkaline battery as power supply, working life is longer. It can detect high voltage line and equipment Whether there is the power frequency voltage. It is used for testing 0.1 KV-750 KV lines or equipment whether running with power frequency voltage, ensure the personal safety.<br \/>\nWe have the complete production equipments and professional production team to manage the whole process from production to packing shipment. All products will 100% test before delivery to ensure the quality.<\/p>\n<p><strong>Electroscopio ac\u00fastico-\u00f3ptico telesc\u00f3pico de fibra de vidrio de autocomprobaci\u00f3n doble de alto voltaje <\/strong>Working condition: Temperature -20\u2103\u2014 +40\u2103; relative humidity: 85%<br \/>\nPower: frequency 50HZ AC circuit.<\/p>","protected":false},"featured_media":822,"template":"","meta":{"_kad_post_transparent":"default","_kad_post_title":"","_kad_post_layout":"default","_kad_post_sidebar_id":"","_kad_post_content_style":"default","_kad_post_vertical_padding":"default","_kad_post_feature":"","_kad_post_feature_position":"","_kad_post_header":false,"_kad_post_footer":false},"product_cat":[133],"product_tag":[148,150,143,137,146,147,142,135,149,138,144,136,140,145,139,141,151,134],"yoast_head":"<!-- This site is optimized with the Yoast SEO Premium plugin v18.3 (Yoast SEO v18.5) - https:\/\/yoast.com\/wordpress\/plugins\/seo\/ -->\n<title>High Voltage Double self-test Fiberglass Telescopic acousto-optic Electroscope - hotstick<\/title>\n<meta name=\"description\" content=\"High voltage fiberglass telescopic electroscope is used to detect high-voltage AC lines and equipment, whether there is power frequency voltage. It has sound and light warning, so it is safe and reliable. High voltage electroscope is the necessary security tools for electric system and industrial and mining enterprise electricity work. It is used for testing 0.1kV-750kV lines or equipment whether running with power frequency voltage, ensure the personal safety of lineman.\" \/>\n<meta name=\"robots\" content=\"index, follow, max-snippet:-1, max-image-preview:large, max-video-preview:-1\" \/>\n<link rel=\"canonical\" href=\"https:\/\/fiberglasshotstick.com\/es\/producto\/high-voltage-double-self-test-fiberglass-telescopic-acousto-optic-electroscope\/\" \/>\n<meta property=\"og:locale\" content=\"es_ES\" \/>\n<meta property=\"og:type\" content=\"article\" \/>\n<meta property=\"og:title\" content=\"High Voltage Double self-test Fiberglass Telescopic acousto-optic Electroscope\" \/>\n<meta property=\"og:description\" content=\"High voltage fiberglass telescopic electroscope is used to detect high-voltage AC lines and equipment, whether there is power frequency voltage. It has sound and light warning, so it is safe and reliable. High voltage electroscope is the necessary security tools for electric system and industrial and mining enterprise electricity work. It is used for testing 0.1kV-750kV lines or equipment whether running with power frequency voltage, ensure the personal safety of lineman.\" \/>\n<meta property=\"og:url\" content=\"https:\/\/fiberglasshotstick.com\/es\/producto\/high-voltage-double-self-test-fiberglass-telescopic-acousto-optic-electroscope\/\" \/>\n<meta property=\"og:site_name\" content=\"hotstick\" \/>\n<meta property=\"og:image\" content=\"https:\/\/fiberglasshotstick.com\/wp-content\/uploads\/2022\/06\/A-1.jpg\" \/>\n\t<meta property=\"og:image:width\" content=\"800\" \/>\n\t<meta property=\"og:image:height\" content=\"800\" \/>\n\t<meta property=\"og:image:type\" content=\"image\/jpeg\" \/>\n<meta name=\"twitter:card\" content=\"summary_large_image\" \/>\n<script type=\"application\/ld+json\" class=\"yoast-schema-graph\">{\"@context\":\"https:\/\/schema.org\",\"@graph\":[{\"@type\":\"WebSite\",\"@id\":\"https:\/\/fiberglasshotstick.com\/#website\",\"url\":\"https:\/\/fiberglasshotstick.com\/\",\"name\":\"hotstick\",\"description\":\"\u53c8\u4e00\u4e2aWordPress\u7ad9\u70b9\",\"potentialAction\":[{\"@type\":\"SearchAction\",\"target\":{\"@type\":\"EntryPoint\",\"urlTemplate\":\"https:\/\/fiberglasshotstick.com\/?s={search_term_string}\"},\"query-input\":\"required name=search_term_string\"}],\"inLanguage\":\"es\"},{\"@type\":\"ImageObject\",\"@id\":\"https:\/\/fiberglasshotstick.com\/product\/high-voltage-double-self-test-fiberglass-telescopic-acousto-optic-electroscope\/#primaryimage\",\"inLanguage\":\"es\",\"url\":\"https:\/\/fiberglasshotstick.com\/wp-content\/uploads\/2022\/06\/A-1.jpg\",\"contentUrl\":\"https:\/\/fiberglasshotstick.com\/wp-content\/uploads\/2022\/06\/A-1.jpg\",\"width\":800,\"height\":800,\"caption\":\"High Voltage Double self-test Fiberglass Telescopic acousto-optic Electroscope\"},{\"@type\":\"WebPage\",\"@id\":\"https:\/\/fiberglasshotstick.com\/product\/high-voltage-double-self-test-fiberglass-telescopic-acousto-optic-electroscope\/#webpage\",\"url\":\"https:\/\/fiberglasshotstick.com\/product\/high-voltage-double-self-test-fiberglass-telescopic-acousto-optic-electroscope\/\",\"name\":\"High Voltage Double self-test Fiberglass Telescopic acousto-optic Electroscope - hotstick\",\"isPartOf\":{\"@id\":\"https:\/\/fiberglasshotstick.com\/#website\"},\"primaryImageOfPage\":{\"@id\":\"https:\/\/fiberglasshotstick.com\/product\/high-voltage-double-self-test-fiberglass-telescopic-acousto-optic-electroscope\/#primaryimage\"},\"datePublished\":\"2022-06-07T02:51:29+00:00\",\"dateModified\":\"2022-06-07T02:51:29+00:00\",\"description\":\"High voltage fiberglass telescopic electroscope is used to detect high-voltage AC lines and equipment, whether there is power frequency voltage. It has sound and light warning, so it is safe and reliable. High voltage electroscope is the necessary security tools for electric system and industrial and mining enterprise electricity work. It is used for testing 0.1kV-750kV lines or equipment whether running with power frequency voltage, ensure the personal safety of lineman.\",\"breadcrumb\":{\"@id\":\"https:\/\/fiberglasshotstick.com\/product\/high-voltage-double-self-test-fiberglass-telescopic-acousto-optic-electroscope\/#breadcrumb\"},\"inLanguage\":\"es\",\"potentialAction\":[{\"@type\":\"ReadAction\",\"target\":[\"https:\/\/fiberglasshotstick.com\/product\/high-voltage-double-self-test-fiberglass-telescopic-acousto-optic-electroscope\/\"]}]},{\"@type\":\"BreadcrumbList\",\"@id\":\"https:\/\/fiberglasshotstick.com\/product\/high-voltage-double-self-test-fiberglass-telescopic-acousto-optic-electroscope\/#breadcrumb\",\"itemListElement\":[{\"@type\":\"ListItem\",\"position\":1,\"name\":\"Home\",\"item\":\"https:\/\/fiberglasshotstick.com\/\"},{\"@type\":\"ListItem\",\"position\":2,\"name\":\"Products\",\"item\":\"https:\/\/fiberglasshotstick.com\/products\/\"},{\"@type\":\"ListItem\",\"position\":3,\"name\":\"High Voltage Double self-test Fiberglass Telescopic acousto-optic Electroscope\"}]}]}<\/script>\n<!-- \/ Yoast SEO Premium plugin. -->","yoast_head_json":{"title":"High Voltage Double self-test Fiberglass Telescopic acousto-optic Electroscope - hotstick","description":"High voltage fiberglass telescopic electroscope is used to detect high-voltage AC lines and equipment, whether there is power frequency voltage. It has sound and light warning, so it is safe and reliable. High voltage electroscope is the necessary security tools for electric system and industrial and mining enterprise electricity work. It is used for testing 0.1kV-750kV lines or equipment whether running with power frequency voltage, ensure the personal safety of lineman.","robots":{"index":"index","follow":"follow","max-snippet":"max-snippet:-1","max-image-preview":"max-image-preview:large","max-video-preview":"max-video-preview:-1"},"canonical":"https:\/\/fiberglasshotstick.com\/es\/producto\/high-voltage-double-self-test-fiberglass-telescopic-acousto-optic-electroscope\/","og_locale":"es_ES","og_type":"article","og_title":"High Voltage Double self-test Fiberglass Telescopic acousto-optic Electroscope","og_description":"High voltage fiberglass telescopic electroscope is used to detect high-voltage AC lines and equipment, whether there is power frequency voltage. It has sound and light warning, so it is safe and reliable. High voltage electroscope is the necessary security tools for electric system and industrial and mining enterprise electricity work. It is used for testing 0.1kV-750kV lines or equipment whether running with power frequency voltage, ensure the personal safety of lineman.","og_url":"https:\/\/fiberglasshotstick.com\/es\/producto\/high-voltage-double-self-test-fiberglass-telescopic-acousto-optic-electroscope\/","og_site_name":"hotstick","og_image":[{"width":800,"height":800,"url":"https:\/\/fiberglasshotstick.com\/wp-content\/uploads\/2022\/06\/A-1.jpg","type":"image\/jpeg"}],"twitter_card":"summary_large_image","schema":{"@context":"https:\/\/schema.org","@graph":[{"@type":"WebSite","@id":"https:\/\/fiberglasshotstick.com\/#website","url":"https:\/\/fiberglasshotstick.com\/","name":"hotstick","description":"\u53c8\u4e00\u4e2aWordPress\u7ad9\u70b9","potentialAction":[{"@type":"SearchAction","target":{"@type":"EntryPoint","urlTemplate":"https:\/\/fiberglasshotstick.com\/?s={search_term_string}"},"query-input":"required name=search_term_string"}],"inLanguage":"es"},{"@type":"ImageObject","@id":"https:\/\/fiberglasshotstick.com\/product\/high-voltage-double-self-test-fiberglass-telescopic-acousto-optic-electroscope\/#primaryimage","inLanguage":"es","url":"https:\/\/fiberglasshotstick.com\/wp-content\/uploads\/2022\/06\/A-1.jpg","contentUrl":"https:\/\/fiberglasshotstick.com\/wp-content\/uploads\/2022\/06\/A-1.jpg","width":800,"height":800,"caption":"High Voltage Double self-test Fiberglass Telescopic acousto-optic Electroscope"},{"@type":"WebPage","@id":"https:\/\/fiberglasshotstick.com\/product\/high-voltage-double-self-test-fiberglass-telescopic-acousto-optic-electroscope\/#webpage","url":"https:\/\/fiberglasshotstick.com\/product\/high-voltage-double-self-test-fiberglass-telescopic-acousto-optic-electroscope\/","name":"High Voltage Double self-test Fiberglass Telescopic acousto-optic Electroscope - hotstick","isPartOf":{"@id":"https:\/\/fiberglasshotstick.com\/#website"},"primaryImageOfPage":{"@id":"https:\/\/fiberglasshotstick.com\/product\/high-voltage-double-self-test-fiberglass-telescopic-acousto-optic-electroscope\/#primaryimage"},"datePublished":"2022-06-07T02:51:29+00:00","dateModified":"2022-06-07T02:51:29+00:00","description":"High voltage fiberglass telescopic electroscope is used to detect high-voltage AC lines and equipment, whether there is power frequency voltage. It has sound and light warning, so it is safe and reliable. High voltage electroscope is the necessary security tools for electric system and industrial and mining enterprise electricity work. It is used for testing 0.1kV-750kV lines or equipment whether running with power frequency voltage, ensure the personal safety of lineman.","breadcrumb":{"@id":"https:\/\/fiberglasshotstick.com\/product\/high-voltage-double-self-test-fiberglass-telescopic-acousto-optic-electroscope\/#breadcrumb"},"inLanguage":"es","potentialAction":[{"@type":"ReadAction","target":["https:\/\/fiberglasshotstick.com\/product\/high-voltage-double-self-test-fiberglass-telescopic-acousto-optic-electroscope\/"]}]},{"@type":"BreadcrumbList","@id":"https:\/\/fiberglasshotstick.com\/product\/high-voltage-double-self-test-fiberglass-telescopic-acousto-optic-electroscope\/#breadcrumb","itemListElement":[{"@type":"ListItem","position":1,"name":"Home","item":"https:\/\/fiberglasshotstick.com\/"},{"@type":"ListItem","position":2,"name":"Products","item":"https:\/\/fiberglasshotstick.com\/products\/"},{"@type":"ListItem","position":3,"name":"High Voltage Double self-test Fiberglass Telescopic acousto-optic Electroscope"}]}]}},"_links":{"self":[{"href":"https:\/\/fiberglasshotstick.com\/es\/wp-json\/wp\/v2\/product\/819"}],"collection":[{"href":"https:\/\/fiberglasshotstick.com\/es\/wp-json\/wp\/v2\/product"}],"about":[{"href":"https:\/\/fiberglasshotstick.com\/es\/wp-json\/wp\/v2\/types\/product"}],"version-history":[{"count":1,"href":"https:\/\/fiberglasshotstick.com\/es\/wp-json\/wp\/v2\/product\/819\/revisions"}],"predecessor-version":[{"id":832,"href":"https:\/\/fiberglasshotstick.com\/es\/wp-json\/wp\/v2\/product\/819\/revisions\/832"}],"wp:featuredmedia":[{"embeddable":true,"href":"https:\/\/fiberglasshotstick.com\/es\/wp-json\/wp\/v2\/media\/822"}],"wp:attachment":[{"href":"https:\/\/fiberglasshotstick.com\/es\/wp-json\/wp\/v2\/media?parent=819"}],"wp:term":[{"taxonomy":"product_cat","embeddable":true,"href":"https:\/\/fiberglasshotstick.com\/es\/wp-json\/wp\/v2\/product_cat?post=819"},{"taxonomy":"product_tag","embeddable":true,"href":"https:\/\/fiberglasshotstick.com\/es\/wp-json\/wp\/v2\/product_tag?post=819"}],"curies":[{"name":"wp","href":"https:\/\/api.w.org\/{rel}","templated":true}]}}