{"id":722,"date":"2022-06-04T10:47:56","date_gmt":"2022-06-04T02:47:56","guid":{"rendered":"https:\/\/fiberglasshotstick.com\/?post_type=product&#038;p=722"},"modified":"2022-08-19T17:11:53","modified_gmt":"2022-08-19T09:11:53","slug":"truck-measuring-stick-rod","status":"publish","type":"product","link":"https:\/\/fiberglasshotstick.com\/es\/producto\/truck-measuring-stick-rod\/","title":{"rendered":"Palo telesc\u00f3pico de altura de medici\u00f3n de fibra de vidrio para carga de cami\u00f3n"},"content":{"rendered":"<p><strong>La varilla de medici\u00f3n de altura de alto voltaje<\/strong> est\u00e1 hecho de resina epoxi, que tiene una gran resistencia a la flexi\u00f3n, proceso fino, estructura liviana, operaci\u00f3n conveniente, posicionamiento preciso, escala de superficie clara, excelentes propiedades mec\u00e1nicas y el\u00e9ctricas, peso ligero, alta resistencia, buena resistencia a la presi\u00f3n, calibraci\u00f3n precisa y otras ventajas .<strong>La varilla de medici\u00f3n de altura de alto voltaje<\/strong> es adecuado para lugares de medici\u00f3n de altura bajo varias condiciones de trabajo de alta presi\u00f3n, y su error de medici\u00f3n no es m\u00e1s de 1 cm.<\/p>","protected":false},"excerpt":{"rendered":"<p><strong>La varilla de medici\u00f3n de altura de alto voltaje<\/strong> est\u00e1 hecho de resina epoxi, que tiene una gran resistencia a la flexi\u00f3n, proceso fino, estructura liviana, operaci\u00f3n conveniente, posicionamiento preciso, escala de superficie clara, excelentes propiedades mec\u00e1nicas y el\u00e9ctricas, peso ligero, alta resistencia, buena resistencia a la presi\u00f3n, calibraci\u00f3n precisa y otras ventajas . <strong>La varilla de medici\u00f3n de altura de alto voltaje<\/strong> es adecuado para lugares de medici\u00f3n de altura bajo varias condiciones de trabajo de alta presi\u00f3n, y su error de medici\u00f3n no es m\u00e1s de 1 cm.<\/p>\n<p><strong>Vara para medir altura de fibra de vidrio<\/strong> ayuda a los conductores a evitar da\u00f1os en el paso subterr\u00e1neo al permitir una medici\u00f3n segura y precisa de la altura de la carga. Las aplicaciones comunes incluyen escoltas de carga ancha; transportadores de equipos pesados; empresas de camiones; y personal de bomberos, polic\u00eda y rescate. <strong>La varilla de medici\u00f3n de altura de alto voltaje<\/strong> tiene buen aislamiento y puede proporcionar diferentes escalas (m\u00e9tricas e imperiales) seg\u00fan las necesidades del cliente, varillas de medici\u00f3n de alta calidad en diferentes colores, <strong>vara\/varilla para medir camiones<\/strong>\u00a0 tiene escalas claras y precisas, peso ligero, alta resistencia, buena resistencia a la presi\u00f3n, ventajas f\u00e1ciles de transportar, fuertes y duraderas.<\/p>","protected":false},"featured_media":744,"template":"","meta":{"_kad_post_transparent":"default","_kad_post_title":"","_kad_post_layout":"default","_kad_post_sidebar_id":"","_kad_post_content_style":"default","_kad_post_vertical_padding":"default","_kad_post_feature":"","_kad_post_feature_position":"","_kad_post_header":false,"_kad_post_footer":false},"product_cat":[57,66],"product_tag":[73,76,72,79,78,74,75,71,77,70,67,69,68],"yoast_head":"<!-- This site is optimized with the Yoast SEO Premium plugin v18.3 (Yoast SEO v18.5) - https:\/\/yoast.com\/wordpress\/plugins\/seo\/ -->\n<title>Telescoping Fiberglass Measuring Height Stick for Truck Cargo - hotstick<\/title>\n<meta name=\"description\" content=\"This load height measuring stick is made of sturdy fiberglass, it is non-conductive for safer use, lightweight for easy control, and comes with a carrying bag for convenient storage. This load height stick is an essential tool for truck drivers and car haulers like yourself to ensure safer travel when transporting tall loads long distances.\" \/>\n<meta name=\"robots\" content=\"index, follow, max-snippet:-1, max-image-preview:large, max-video-preview:-1\" \/>\n<link rel=\"canonical\" href=\"https:\/\/fiberglasshotstick.com\/es\/producto\/truck-measuring-stick-rod\/\" \/>\n<meta property=\"og:locale\" content=\"es_ES\" \/>\n<meta property=\"og:type\" content=\"article\" \/>\n<meta property=\"og:title\" content=\"Telescoping Fiberglass Measuring Height Stick for Truck Cargo\" \/>\n<meta property=\"og:description\" content=\"This load height measuring stick is made of sturdy fiberglass, it is non-conductive for safer use, lightweight for easy control, and comes with a carrying bag for convenient storage. This load height stick is an essential tool for truck drivers and car haulers like yourself to ensure safer travel when transporting tall loads long distances.\" \/>\n<meta property=\"og:url\" content=\"https:\/\/fiberglasshotstick.com\/es\/producto\/truck-measuring-stick-rod\/\" \/>\n<meta property=\"og:site_name\" content=\"hotstick\" \/>\n<meta property=\"article:modified_time\" content=\"2022-08-19T09:11:53+00:00\" \/>\n<meta property=\"og:image\" content=\"https:\/\/fiberglasshotstick.com\/wp-content\/uploads\/2022\/06\/20ft-Light-Weight-Fiberglass-Truckers-Load-Height-Stick-Load-Height-Stick.jpg\" \/>\n\t<meta property=\"og:image:width\" content=\"800\" \/>\n\t<meta property=\"og:image:height\" content=\"800\" \/>\n\t<meta property=\"og:image:type\" content=\"image\/jpeg\" \/>\n<meta name=\"twitter:card\" content=\"summary_large_image\" \/>\n<meta name=\"twitter:label1\" content=\"Tiempo de lectura\" \/>\n\t<meta name=\"twitter:data1\" content=\"1 minuto\" \/>\n<script type=\"application\/ld+json\" class=\"yoast-schema-graph\">{\"@context\":\"https:\/\/schema.org\",\"@graph\":[{\"@type\":\"WebSite\",\"@id\":\"https:\/\/fiberglasshotstick.com\/#website\",\"url\":\"https:\/\/fiberglasshotstick.com\/\",\"name\":\"hotstick\",\"description\":\"\u53c8\u4e00\u4e2aWordPress\u7ad9\u70b9\",\"potentialAction\":[{\"@type\":\"SearchAction\",\"target\":{\"@type\":\"EntryPoint\",\"urlTemplate\":\"https:\/\/fiberglasshotstick.com\/?s={search_term_string}\"},\"query-input\":\"required name=search_term_string\"}],\"inLanguage\":\"es\"},{\"@type\":\"ImageObject\",\"@id\":\"https:\/\/fiberglasshotstick.com\/product\/truck-measuring-stick-rod\/#primaryimage\",\"inLanguage\":\"es\",\"url\":\"https:\/\/fiberglasshotstick.com\/wp-content\/uploads\/2022\/06\/20ft-Light-Weight-Fiberglass-Truckers-Load-Height-Stick-Load-Height-Stick.jpg\",\"contentUrl\":\"https:\/\/fiberglasshotstick.com\/wp-content\/uploads\/2022\/06\/20ft-Light-Weight-Fiberglass-Truckers-Load-Height-Stick-Load-Height-Stick.jpg\",\"width\":800,\"height\":800,\"caption\":\"20 FT Light Weight Fiberglass Insulated Telescopic Trucks Load Cargo Height Measuring Stick\"},{\"@type\":\"WebPage\",\"@id\":\"https:\/\/fiberglasshotstick.com\/product\/truck-measuring-stick-rod\/#webpage\",\"url\":\"https:\/\/fiberglasshotstick.com\/product\/truck-measuring-stick-rod\/\",\"name\":\"Telescoping Fiberglass Measuring Height Stick for Truck Cargo - hotstick\",\"isPartOf\":{\"@id\":\"https:\/\/fiberglasshotstick.com\/#website\"},\"primaryImageOfPage\":{\"@id\":\"https:\/\/fiberglasshotstick.com\/product\/truck-measuring-stick-rod\/#primaryimage\"},\"datePublished\":\"2022-06-04T02:47:56+00:00\",\"dateModified\":\"2022-08-19T09:11:53+00:00\",\"description\":\"This load height measuring stick is made of sturdy fiberglass, it is non-conductive for safer use, lightweight for easy control, and comes with a carrying bag for convenient storage. This load height stick is an essential tool for truck drivers and car haulers like yourself to ensure safer travel when transporting tall loads long distances.\",\"breadcrumb\":{\"@id\":\"https:\/\/fiberglasshotstick.com\/product\/truck-measuring-stick-rod\/#breadcrumb\"},\"inLanguage\":\"es\",\"potentialAction\":[{\"@type\":\"ReadAction\",\"target\":[\"https:\/\/fiberglasshotstick.com\/product\/truck-measuring-stick-rod\/\"]}]},{\"@type\":\"BreadcrumbList\",\"@id\":\"https:\/\/fiberglasshotstick.com\/product\/truck-measuring-stick-rod\/#breadcrumb\",\"itemListElement\":[{\"@type\":\"ListItem\",\"position\":1,\"name\":\"Home\",\"item\":\"https:\/\/fiberglasshotstick.com\/\"},{\"@type\":\"ListItem\",\"position\":2,\"name\":\"Products\",\"item\":\"https:\/\/fiberglasshotstick.com\/products\/\"},{\"@type\":\"ListItem\",\"position\":3,\"name\":\"Telescoping Fiberglass Measuring Height Stick for Truck Cargo\"}]}]}<\/script>\n<!-- \/ Yoast SEO Premium plugin. -->","yoast_head_json":{"title":"Telescoping Fiberglass Measuring Height Stick for Truck Cargo - hotstick","description":"This load height measuring stick is made of sturdy fiberglass, it is non-conductive for safer use, lightweight for easy control, and comes with a carrying bag for convenient storage. This load height stick is an essential tool for truck drivers and car haulers like yourself to ensure safer travel when transporting tall loads long distances.","robots":{"index":"index","follow":"follow","max-snippet":"max-snippet:-1","max-image-preview":"max-image-preview:large","max-video-preview":"max-video-preview:-1"},"canonical":"https:\/\/fiberglasshotstick.com\/es\/producto\/truck-measuring-stick-rod\/","og_locale":"es_ES","og_type":"article","og_title":"Telescoping Fiberglass Measuring Height Stick for Truck Cargo","og_description":"This load height measuring stick is made of sturdy fiberglass, it is non-conductive for safer use, lightweight for easy control, and comes with a carrying bag for convenient storage. This load height stick is an essential tool for truck drivers and car haulers like yourself to ensure safer travel when transporting tall loads long distances.","og_url":"https:\/\/fiberglasshotstick.com\/es\/producto\/truck-measuring-stick-rod\/","og_site_name":"hotstick","article_modified_time":"2022-08-19T09:11:53+00:00","og_image":[{"width":800,"height":800,"url":"https:\/\/fiberglasshotstick.com\/wp-content\/uploads\/2022\/06\/20ft-Light-Weight-Fiberglass-Truckers-Load-Height-Stick-Load-Height-Stick.jpg","type":"image\/jpeg"}],"twitter_card":"summary_large_image","twitter_misc":{"Tiempo de lectura":"1 minuto"},"schema":{"@context":"https:\/\/schema.org","@graph":[{"@type":"WebSite","@id":"https:\/\/fiberglasshotstick.com\/#website","url":"https:\/\/fiberglasshotstick.com\/","name":"hotstick","description":"\u53c8\u4e00\u4e2aWordPress\u7ad9\u70b9","potentialAction":[{"@type":"SearchAction","target":{"@type":"EntryPoint","urlTemplate":"https:\/\/fiberglasshotstick.com\/?s={search_term_string}"},"query-input":"required name=search_term_string"}],"inLanguage":"es"},{"@type":"ImageObject","@id":"https:\/\/fiberglasshotstick.com\/product\/truck-measuring-stick-rod\/#primaryimage","inLanguage":"es","url":"https:\/\/fiberglasshotstick.com\/wp-content\/uploads\/2022\/06\/20ft-Light-Weight-Fiberglass-Truckers-Load-Height-Stick-Load-Height-Stick.jpg","contentUrl":"https:\/\/fiberglasshotstick.com\/wp-content\/uploads\/2022\/06\/20ft-Light-Weight-Fiberglass-Truckers-Load-Height-Stick-Load-Height-Stick.jpg","width":800,"height":800,"caption":"20 FT Light Weight Fiberglass Insulated Telescopic Trucks Load Cargo Height Measuring Stick"},{"@type":"WebPage","@id":"https:\/\/fiberglasshotstick.com\/product\/truck-measuring-stick-rod\/#webpage","url":"https:\/\/fiberglasshotstick.com\/product\/truck-measuring-stick-rod\/","name":"Telescoping Fiberglass Measuring Height Stick for Truck Cargo - hotstick","isPartOf":{"@id":"https:\/\/fiberglasshotstick.com\/#website"},"primaryImageOfPage":{"@id":"https:\/\/fiberglasshotstick.com\/product\/truck-measuring-stick-rod\/#primaryimage"},"datePublished":"2022-06-04T02:47:56+00:00","dateModified":"2022-08-19T09:11:53+00:00","description":"This load height measuring stick is made of sturdy fiberglass, it is non-conductive for safer use, lightweight for easy control, and comes with a carrying bag for convenient storage. This load height stick is an essential tool for truck drivers and car haulers like yourself to ensure safer travel when transporting tall loads long distances.","breadcrumb":{"@id":"https:\/\/fiberglasshotstick.com\/product\/truck-measuring-stick-rod\/#breadcrumb"},"inLanguage":"es","potentialAction":[{"@type":"ReadAction","target":["https:\/\/fiberglasshotstick.com\/product\/truck-measuring-stick-rod\/"]}]},{"@type":"BreadcrumbList","@id":"https:\/\/fiberglasshotstick.com\/product\/truck-measuring-stick-rod\/#breadcrumb","itemListElement":[{"@type":"ListItem","position":1,"name":"Home","item":"https:\/\/fiberglasshotstick.com\/"},{"@type":"ListItem","position":2,"name":"Products","item":"https:\/\/fiberglasshotstick.com\/products\/"},{"@type":"ListItem","position":3,"name":"Telescoping Fiberglass Measuring Height Stick for Truck Cargo"}]}]}},"_links":{"self":[{"href":"https:\/\/fiberglasshotstick.com\/es\/wp-json\/wp\/v2\/product\/722"}],"collection":[{"href":"https:\/\/fiberglasshotstick.com\/es\/wp-json\/wp\/v2\/product"}],"about":[{"href":"https:\/\/fiberglasshotstick.com\/es\/wp-json\/wp\/v2\/types\/product"}],"version-history":[{"count":2,"href":"https:\/\/fiberglasshotstick.com\/es\/wp-json\/wp\/v2\/product\/722\/revisions"}],"predecessor-version":[{"id":758,"href":"https:\/\/fiberglasshotstick.com\/es\/wp-json\/wp\/v2\/product\/722\/revisions\/758"}],"wp:featuredmedia":[{"embeddable":true,"href":"https:\/\/fiberglasshotstick.com\/es\/wp-json\/wp\/v2\/media\/744"}],"wp:attachment":[{"href":"https:\/\/fiberglasshotstick.com\/es\/wp-json\/wp\/v2\/media?parent=722"}],"wp:term":[{"taxonomy":"product_cat","embeddable":true,"href":"https:\/\/fiberglasshotstick.com\/es\/wp-json\/wp\/v2\/product_cat?post=722"},{"taxonomy":"product_tag","embeddable":true,"href":"https:\/\/fiberglasshotstick.com\/es\/wp-json\/wp\/v2\/product_tag?post=722"}],"curies":[{"name":"wp","href":"https:\/\/api.w.org\/{rel}","templated":true}]}}