{"id":987,"date":"2022-09-26T17:15:25","date_gmt":"2022-09-26T09:15:25","guid":{"rendered":"https:\/\/fiberglasshotstick.com\/?post_type=product&#038;p=987"},"modified":"2022-09-26T17:19:08","modified_gmt":"2022-09-26T09:19:08","slug":"frp-portable-high-branch-shear-saw-sets","status":"publish","type":"product","link":"https:\/\/fiberglasshotstick.com\/de\/produkt\/frp-portable-high-branch-shear-saw-sets\/","title":{"rendered":"FRP Tragbare hohe Astscheren-S\u00e4ges\u00e4tze"},"content":{"rendered":"<p><strong>FRP Tragbare hohe Astscheren-S\u00e4ges\u00e4tze<\/strong><\/p>","protected":false},"excerpt":{"rendered":"<p><strong>FRP Tragbare hohe Astscheren-S\u00e4ges\u00e4tze<\/strong><\/p>\n<p>The tree pruners adopt advanced technology and process at home and abroad to produce and effectively use the mechanical principle. The new insulating high branch shear is applicable to the cleaning of branches and trunks under power lines. The insulating rod is made of special thickened insulating rod and reinforced. The available reducer interface is insulating rod. The rod length and thickness can be customized according to user requirements. It can be specially made with telescopic rod, and connected with buckle or pin type and ball connection.<\/p>","protected":false},"featured_media":1009,"template":"","meta":{"_kad_post_transparent":"default","_kad_post_title":"","_kad_post_layout":"default","_kad_post_sidebar_id":"","_kad_post_content_style":"default","_kad_post_vertical_padding":"default","_kad_post_feature":"","_kad_post_feature_position":"","_kad_post_header":false,"_kad_post_footer":false},"product_cat":[173],"product_tag":[176,184,175,180,181,183,182,178,179,174,177],"yoast_head":"<!-- This site is optimized with the Yoast SEO Premium plugin v18.3 (Yoast SEO v18.5) - https:\/\/yoast.com\/wordpress\/plugins\/seo\/ -->\n<title>FRP Portable high branch shear saw sets - hotstick<\/title>\n<meta name=\"description\" content=\"The tree pruners adopt advanced technology and process at home and abroad to produce and effectively use the mechanical principle. The new insulating high branch shear is applicable to the cleaning of branches and trunks under power lines. The insulating rod is made of special thickened insulating rod and reinforced. The available reducer interface is insulating rod. The rod length and thickness can be customized according to user requirements. It can be specially made with telescopic rod, and connected with buckle or pin type and ball connection.\" \/>\n<meta name=\"robots\" content=\"index, follow, max-snippet:-1, max-image-preview:large, max-video-preview:-1\" \/>\n<link rel=\"canonical\" href=\"https:\/\/fiberglasshotstick.com\/de\/produkt\/frp-portable-high-branch-shear-saw-sets\/\" \/>\n<meta property=\"og:locale\" content=\"de_DE\" \/>\n<meta property=\"og:type\" content=\"article\" \/>\n<meta property=\"og:title\" content=\"FRP Portable high branch shear saw sets\" \/>\n<meta property=\"og:description\" content=\"The tree pruners adopt advanced technology and process at home and abroad to produce and effectively use the mechanical principle. The new insulating high branch shear is applicable to the cleaning of branches and trunks under power lines. The insulating rod is made of special thickened insulating rod and reinforced. The available reducer interface is insulating rod. The rod length and thickness can be customized according to user requirements. It can be specially made with telescopic rod, and connected with buckle or pin type and ball connection.\" \/>\n<meta property=\"og:url\" content=\"https:\/\/fiberglasshotstick.com\/de\/produkt\/frp-portable-high-branch-shear-saw-sets\/\" \/>\n<meta property=\"og:site_name\" content=\"hotstick\" \/>\n<meta property=\"article:modified_time\" content=\"2022-09-26T09:19:08+00:00\" \/>\n<meta property=\"og:image\" content=\"https:\/\/fiberglasshotstick.com\/wp-content\/uploads\/2022\/09\/ALL2.jpg\" \/>\n\t<meta property=\"og:image:width\" content=\"800\" \/>\n\t<meta property=\"og:image:height\" content=\"800\" \/>\n\t<meta property=\"og:image:type\" content=\"image\/jpeg\" \/>\n<meta name=\"twitter:card\" content=\"summary_large_image\" \/>\n<meta name=\"twitter:label1\" content=\"Gesch\u00e4tzte Lesezeit\" \/>\n\t<meta name=\"twitter:data1\" content=\"1\u00a0Minute\" \/>\n<script type=\"application\/ld+json\" class=\"yoast-schema-graph\">{\"@context\":\"https:\/\/schema.org\",\"@graph\":[{\"@type\":\"WebSite\",\"@id\":\"https:\/\/fiberglasshotstick.com\/#website\",\"url\":\"https:\/\/fiberglasshotstick.com\/\",\"name\":\"hotstick\",\"description\":\"\u53c8\u4e00\u4e2aWordPress\u7ad9\u70b9\",\"potentialAction\":[{\"@type\":\"SearchAction\",\"target\":{\"@type\":\"EntryPoint\",\"urlTemplate\":\"https:\/\/fiberglasshotstick.com\/?s={search_term_string}\"},\"query-input\":\"required name=search_term_string\"}],\"inLanguage\":\"de\"},{\"@type\":\"ImageObject\",\"@id\":\"https:\/\/fiberglasshotstick.com\/product\/frp-portable-high-branch-shear-saw-sets\/#primaryimage\",\"inLanguage\":\"de\",\"url\":\"https:\/\/fiberglasshotstick.com\/wp-content\/uploads\/2022\/09\/ALL2.jpg\",\"contentUrl\":\"https:\/\/fiberglasshotstick.com\/wp-content\/uploads\/2022\/09\/ALL2.jpg\",\"width\":800,\"height\":800,\"caption\":\"FRP Portable high branch shear saw sets\"},{\"@type\":\"WebPage\",\"@id\":\"https:\/\/fiberglasshotstick.com\/product\/frp-portable-high-branch-shear-saw-sets\/#webpage\",\"url\":\"https:\/\/fiberglasshotstick.com\/product\/frp-portable-high-branch-shear-saw-sets\/\",\"name\":\"FRP Portable high branch shear saw sets - hotstick\",\"isPartOf\":{\"@id\":\"https:\/\/fiberglasshotstick.com\/#website\"},\"primaryImageOfPage\":{\"@id\":\"https:\/\/fiberglasshotstick.com\/product\/frp-portable-high-branch-shear-saw-sets\/#primaryimage\"},\"datePublished\":\"2022-09-26T09:15:25+00:00\",\"dateModified\":\"2022-09-26T09:19:08+00:00\",\"description\":\"The tree pruners adopt advanced technology and process at home and abroad to produce and effectively use the mechanical principle. The new insulating high branch shear is applicable to the cleaning of branches and trunks under power lines. The insulating rod is made of special thickened insulating rod and reinforced. The available reducer interface is insulating rod. The rod length and thickness can be customized according to user requirements. It can be specially made with telescopic rod, and connected with buckle or pin type and ball connection.\",\"breadcrumb\":{\"@id\":\"https:\/\/fiberglasshotstick.com\/product\/frp-portable-high-branch-shear-saw-sets\/#breadcrumb\"},\"inLanguage\":\"de\",\"potentialAction\":[{\"@type\":\"ReadAction\",\"target\":[\"https:\/\/fiberglasshotstick.com\/product\/frp-portable-high-branch-shear-saw-sets\/\"]}]},{\"@type\":\"BreadcrumbList\",\"@id\":\"https:\/\/fiberglasshotstick.com\/product\/frp-portable-high-branch-shear-saw-sets\/#breadcrumb\",\"itemListElement\":[{\"@type\":\"ListItem\",\"position\":1,\"name\":\"Home\",\"item\":\"https:\/\/fiberglasshotstick.com\/\"},{\"@type\":\"ListItem\",\"position\":2,\"name\":\"Products\",\"item\":\"https:\/\/fiberglasshotstick.com\/products\/\"},{\"@type\":\"ListItem\",\"position\":3,\"name\":\"FRP Portable high branch shear saw sets\"}]}]}<\/script>\n<!-- \/ Yoast SEO Premium plugin. -->","yoast_head_json":{"title":"FRP Portable high branch shear saw sets - hotstick","description":"The tree pruners adopt advanced technology and process at home and abroad to produce and effectively use the mechanical principle. The new insulating high branch shear is applicable to the cleaning of branches and trunks under power lines. The insulating rod is made of special thickened insulating rod and reinforced. The available reducer interface is insulating rod. The rod length and thickness can be customized according to user requirements. It can be specially made with telescopic rod, and connected with buckle or pin type and ball connection.","robots":{"index":"index","follow":"follow","max-snippet":"max-snippet:-1","max-image-preview":"max-image-preview:large","max-video-preview":"max-video-preview:-1"},"canonical":"https:\/\/fiberglasshotstick.com\/de\/produkt\/frp-portable-high-branch-shear-saw-sets\/","og_locale":"de_DE","og_type":"article","og_title":"FRP Portable high branch shear saw sets","og_description":"The tree pruners adopt advanced technology and process at home and abroad to produce and effectively use the mechanical principle. The new insulating high branch shear is applicable to the cleaning of branches and trunks under power lines. The insulating rod is made of special thickened insulating rod and reinforced. The available reducer interface is insulating rod. The rod length and thickness can be customized according to user requirements. It can be specially made with telescopic rod, and connected with buckle or pin type and ball connection.","og_url":"https:\/\/fiberglasshotstick.com\/de\/produkt\/frp-portable-high-branch-shear-saw-sets\/","og_site_name":"hotstick","article_modified_time":"2022-09-26T09:19:08+00:00","og_image":[{"width":800,"height":800,"url":"https:\/\/fiberglasshotstick.com\/wp-content\/uploads\/2022\/09\/ALL2.jpg","type":"image\/jpeg"}],"twitter_card":"summary_large_image","twitter_misc":{"Gesch\u00e4tzte Lesezeit":"1\u00a0Minute"},"schema":{"@context":"https:\/\/schema.org","@graph":[{"@type":"WebSite","@id":"https:\/\/fiberglasshotstick.com\/#website","url":"https:\/\/fiberglasshotstick.com\/","name":"hotstick","description":"\u53c8\u4e00\u4e2aWordPress\u7ad9\u70b9","potentialAction":[{"@type":"SearchAction","target":{"@type":"EntryPoint","urlTemplate":"https:\/\/fiberglasshotstick.com\/?s={search_term_string}"},"query-input":"required name=search_term_string"}],"inLanguage":"de"},{"@type":"ImageObject","@id":"https:\/\/fiberglasshotstick.com\/product\/frp-portable-high-branch-shear-saw-sets\/#primaryimage","inLanguage":"de","url":"https:\/\/fiberglasshotstick.com\/wp-content\/uploads\/2022\/09\/ALL2.jpg","contentUrl":"https:\/\/fiberglasshotstick.com\/wp-content\/uploads\/2022\/09\/ALL2.jpg","width":800,"height":800,"caption":"FRP Portable high branch shear saw sets"},{"@type":"WebPage","@id":"https:\/\/fiberglasshotstick.com\/product\/frp-portable-high-branch-shear-saw-sets\/#webpage","url":"https:\/\/fiberglasshotstick.com\/product\/frp-portable-high-branch-shear-saw-sets\/","name":"FRP Portable high branch shear saw sets - hotstick","isPartOf":{"@id":"https:\/\/fiberglasshotstick.com\/#website"},"primaryImageOfPage":{"@id":"https:\/\/fiberglasshotstick.com\/product\/frp-portable-high-branch-shear-saw-sets\/#primaryimage"},"datePublished":"2022-09-26T09:15:25+00:00","dateModified":"2022-09-26T09:19:08+00:00","description":"The tree pruners adopt advanced technology and process at home and abroad to produce and effectively use the mechanical principle. The new insulating high branch shear is applicable to the cleaning of branches and trunks under power lines. The insulating rod is made of special thickened insulating rod and reinforced. The available reducer interface is insulating rod. The rod length and thickness can be customized according to user requirements. It can be specially made with telescopic rod, and connected with buckle or pin type and ball connection.","breadcrumb":{"@id":"https:\/\/fiberglasshotstick.com\/product\/frp-portable-high-branch-shear-saw-sets\/#breadcrumb"},"inLanguage":"de","potentialAction":[{"@type":"ReadAction","target":["https:\/\/fiberglasshotstick.com\/product\/frp-portable-high-branch-shear-saw-sets\/"]}]},{"@type":"BreadcrumbList","@id":"https:\/\/fiberglasshotstick.com\/product\/frp-portable-high-branch-shear-saw-sets\/#breadcrumb","itemListElement":[{"@type":"ListItem","position":1,"name":"Home","item":"https:\/\/fiberglasshotstick.com\/"},{"@type":"ListItem","position":2,"name":"Products","item":"https:\/\/fiberglasshotstick.com\/products\/"},{"@type":"ListItem","position":3,"name":"FRP Portable high branch shear saw sets"}]}]}},"_links":{"self":[{"href":"https:\/\/fiberglasshotstick.com\/de\/wp-json\/wp\/v2\/product\/987"}],"collection":[{"href":"https:\/\/fiberglasshotstick.com\/de\/wp-json\/wp\/v2\/product"}],"about":[{"href":"https:\/\/fiberglasshotstick.com\/de\/wp-json\/wp\/v2\/types\/product"}],"version-history":[{"count":1,"href":"https:\/\/fiberglasshotstick.com\/de\/wp-json\/wp\/v2\/product\/987\/revisions"}],"predecessor-version":[{"id":1012,"href":"https:\/\/fiberglasshotstick.com\/de\/wp-json\/wp\/v2\/product\/987\/revisions\/1012"}],"wp:featuredmedia":[{"embeddable":true,"href":"https:\/\/fiberglasshotstick.com\/de\/wp-json\/wp\/v2\/media\/1009"}],"wp:attachment":[{"href":"https:\/\/fiberglasshotstick.com\/de\/wp-json\/wp\/v2\/media?parent=987"}],"wp:term":[{"taxonomy":"product_cat","embeddable":true,"href":"https:\/\/fiberglasshotstick.com\/de\/wp-json\/wp\/v2\/product_cat?post=987"},{"taxonomy":"product_tag","embeddable":true,"href":"https:\/\/fiberglasshotstick.com\/de\/wp-json\/wp\/v2\/product_tag?post=987"}],"curies":[{"name":"wp","href":"https:\/\/api.w.org\/{rel}","templated":true}]}}